{"id":7403,"date":"2026-03-13T03:55:03","date_gmt":"2026-03-13T03:55:03","guid":{"rendered":"https:\/\/www.superclonewrist.com\/?post_type=product&#038;p=7403"},"modified":"2026-04-11T07:46:06","modified_gmt":"2026-04-11T07:46:06","slug":"cartier-santos-wssa0063-gradient-blue-35-1mm-11-superclone-watch","status":"publish","type":"product","link":"https:\/\/www.superclonewrist.com\/pt\/produto\/cartier-santos-wssa0063-gradient-blue-35-1mm-11-superclone-watch\/","title":{"rendered":"Cartier-Santos-WSSA0063-Gradient-Blue-35.1mm 1:1 SuperClone Watch"},"content":{"rendered":"<p>O\u00a0<strong><b>Cartier Santos WSSA0063 SuperClone<\/b><\/strong>\u00a0\u00e9 um\u00a0<strong><b>r\u00e9plica distintiva 1:1<\/b><\/strong>\u00a0com um\u00a0<strong><b>unique gradient blue dial<\/b><\/strong>. Este\u00a0<strong><b>versatile 35.1mm timepiece<\/b><\/strong>\u00a0\u00e9 fabricado a partir de um\u00a0<strong><b>caixa s\u00f3lida em a\u00e7o inoxid\u00e1vel<\/b><\/strong>\u00a0and utilizes the brand&#8217;s signature design codes.<\/p>\n<p>Os seus\u00a0<strong><b>mostrador azul gradiente apelativo<\/b><\/strong>\u00a0transitions elegantly from a deep to a lighter hue, featuring the iconic\u00a0<strong><b>luneta com parafuso exposto<\/b><\/strong>\u00a0e\u00a0<strong><b>marcadores de horas com n\u00fameros romanos a negrito<\/b><\/strong>. O rel\u00f3gio \u00e9 alimentado por um\u00a0<strong><b>reliable modified automatic movement<\/b><\/strong>\u00a0(based on an imported 9015 caliber to replicate the Cartier 1847), ensuring precise timekeeping and date functionality. It includes both a\u00a0<strong><b>bracelete em a\u00e7o inoxid\u00e1vel<\/b><\/strong>\u00a0e um\u00a0<strong><b>bracelete de couro<\/b><\/strong>\u00a0with the\u00a0<strong><b>convenient quick-release system<\/b><\/strong>\u00a0for effortless style changes.<\/p>\n<p>Concebido para a versatilidade di\u00e1ria, proporciona uma\u00a0<strong><b>Resist\u00eancia \u00e0 \u00e1gua de 50 metros<\/b><\/strong>\u00a0e est\u00e1 protegido por uma\u00a0<strong><b>vidro de safira resistente a riscos<\/b><\/strong>.<\/p>","protected":false},"excerpt":{"rendered":"<p>The\u00a0Cartier Santos WSSA0063 SuperClone\u00a0is a\u00a0distinctive 1:1 replica\u00a0featuring a\u00a0unique gradient blue dial. This\u00a0versatile 35.1mm timepiece\u00a0is crafted from a\u00a0solid stainless steel case\u00a0and utilizes the brand&#8217;s signature design codes. Its\u00a0eye-catching gradient blue dial\u00a0transitions elegantly from a deep to a lighter hue, featuring the iconic\u00a0exposed screw bezel\u00a0and\u00a0bold Roman numeral hour markers. The watch is powered by a\u00a0reliable modified automatic [&hellip;]<\/p>","protected":false},"featured_media":7417,"comment_status":"open","ping_status":"closed","template":"","meta":{"_acf_changed":false},"product_brand":[],"product_cat":[33],"product_tag":[],"class_list":{"0":"post-7403","1":"product","2":"type-product","3":"status-publish","4":"has-post-thumbnail","6":"product_cat-cartier","8":"first","9":"instock","10":"sale","11":"shipping-taxable","12":"purchasable","13":"product-type-simple"},"acf":[],"gallery_images":[7408,7409,7410,7411,7412,7413,7414,7415],"_links":{"self":[{"href":"https:\/\/www.superclonewrist.com\/pt\/wp-json\/wp\/v2\/product\/7403","targetHints":{"allow":["GET"]}}],"collection":[{"href":"https:\/\/www.superclonewrist.com\/pt\/wp-json\/wp\/v2\/product"}],"about":[{"href":"https:\/\/www.superclonewrist.com\/pt\/wp-json\/wp\/v2\/types\/product"}],"replies":[{"embeddable":true,"href":"https:\/\/www.superclonewrist.com\/pt\/wp-json\/wp\/v2\/comments?post=7403"}],"wp:featuredmedia":[{"embeddable":true,"href":"https:\/\/www.superclonewrist.com\/pt\/wp-json\/wp\/v2\/media\/7417"}],"wp:attachment":[{"href":"https:\/\/www.superclonewrist.com\/pt\/wp-json\/wp\/v2\/media?parent=7403"}],"wp:term":[{"taxonomy":"product_brand","embeddable":true,"href":"https:\/\/www.superclonewrist.com\/pt\/wp-json\/wp\/v2\/product_brand?post=7403"},{"taxonomy":"product_cat","embeddable":true,"href":"https:\/\/www.superclonewrist.com\/pt\/wp-json\/wp\/v2\/product_cat?post=7403"},{"taxonomy":"product_tag","embeddable":true,"href":"https:\/\/www.superclonewrist.com\/pt\/wp-json\/wp\/v2\/product_tag?post=7403"}],"curies":[{"name":"wp","href":"https:\/\/api.w.org\/{rel}","templated":true}]}}