{"id":5976,"date":"2026-02-23T05:23:16","date_gmt":"2026-02-23T05:23:16","guid":{"rendered":"https:\/\/www.superclonewrist.com\/?post_type=product&#038;p=5976"},"modified":"2026-04-11T10:59:17","modified_gmt":"2026-04-11T10:59:17","slug":"patek-philippe-nautilus-5740-tiffany-blue-dial-40mm-11-superclone-watch","status":"publish","type":"product","link":"https:\/\/www.superclonewrist.com\/pt\/produto\/patek-philippe-nautilus-5740-tiffany-blue-dial-40mm-11-superclone-watch\/","title":{"rendered":"Patek-Philippe-Nautilus-5740-Tiffany-Blue-Dial-40mm  1:1 SuperClone Watch"},"content":{"rendered":"<p>O\u00a0<strong>Patek Philippe Nautilus 5740 Tiffany Blue SuperClone<\/strong>\u00a0is an\u00a0<strong>exclusive 1:1 replica<\/strong>\u00a0of the ultra-thin perpetual calendar masterpiece. This\u00a0<strong>highly complex 40mm timepiece<\/strong>\u00a0is constructed from a\u00a0<strong>caixa s\u00f3lida em a\u00e7o inoxid\u00e1vel<\/strong>\u00a0with an\u00a0<strong>integrated steel bracelet<\/strong>.<\/p>\n<p>Os seus\u00a0<strong>vibrant Tiffany blue dial<\/strong>\u00a0features the signature\u00a0<strong>horizontal embossed pattern<\/strong>\u00a0and displays the\u00a0<strong>complete perpetual calendar<\/strong>\u00a0with windows for\u00a0<strong>day<\/strong>,\u00a0<strong>date<\/strong>,\u00a0<strong>month<\/strong>, and\u00a0<strong>leap year cycle<\/strong>. The watch is powered by the\u00a0<strong>reliable Super Clone Cal.240 automatic movement<\/strong>, engineered to accurately replicate the precision of this supreme complication in an ultra-thin profile.<\/p>\n<p>Engineered for distinction, it provides a\u00a0<strong>Resist\u00eancia \u00e0 \u00e1gua de 50 metros<\/strong>\u00a0e est\u00e1 protegido por uma\u00a0<strong>vidro de safira resistente a riscos<\/strong>.<\/p>\n<p>&nbsp;<\/p>","protected":false},"excerpt":{"rendered":"<p>The\u00a0Patek Philippe Nautilus 5740 Tiffany Blue SuperClone\u00a0is an\u00a0exclusive 1:1 replica\u00a0of the ultra-thin perpetual calendar masterpiece. This\u00a0highly complex 40mm timepiece\u00a0is constructed from a\u00a0solid stainless steel case\u00a0with an\u00a0integrated steel bracelet. Its\u00a0vibrant Tiffany blue dial\u00a0features the signature\u00a0horizontal embossed pattern\u00a0and displays the\u00a0complete perpetual calendar\u00a0with windows for\u00a0day,\u00a0date,\u00a0month, and\u00a0leap year cycle. The watch is powered by the\u00a0reliable Super Clone Cal.240 automatic [&hellip;]<\/p>","protected":false},"featured_media":5890,"comment_status":"open","ping_status":"closed","template":"","meta":{"_acf_changed":false},"product_brand":[],"product_cat":[19],"product_tag":[],"class_list":{"0":"post-5976","1":"product","2":"type-product","3":"status-publish","4":"has-post-thumbnail","6":"product_cat-patek-philippe","8":"first","9":"instock","10":"sale","11":"shipping-taxable","12":"purchasable","13":"product-type-simple"},"acf":[],"gallery_images":[5891,5892,5893,5894,5895,5896,5897,5898,5899,5884,5885,5886,5887,5888,5889],"_links":{"self":[{"href":"https:\/\/www.superclonewrist.com\/pt\/wp-json\/wp\/v2\/product\/5976","targetHints":{"allow":["GET"]}}],"collection":[{"href":"https:\/\/www.superclonewrist.com\/pt\/wp-json\/wp\/v2\/product"}],"about":[{"href":"https:\/\/www.superclonewrist.com\/pt\/wp-json\/wp\/v2\/types\/product"}],"replies":[{"embeddable":true,"href":"https:\/\/www.superclonewrist.com\/pt\/wp-json\/wp\/v2\/comments?post=5976"}],"wp:featuredmedia":[{"embeddable":true,"href":"https:\/\/www.superclonewrist.com\/pt\/wp-json\/wp\/v2\/media\/5890"}],"wp:attachment":[{"href":"https:\/\/www.superclonewrist.com\/pt\/wp-json\/wp\/v2\/media?parent=5976"}],"wp:term":[{"taxonomy":"product_brand","embeddable":true,"href":"https:\/\/www.superclonewrist.com\/pt\/wp-json\/wp\/v2\/product_brand?post=5976"},{"taxonomy":"product_cat","embeddable":true,"href":"https:\/\/www.superclonewrist.com\/pt\/wp-json\/wp\/v2\/product_cat?post=5976"},{"taxonomy":"product_tag","embeddable":true,"href":"https:\/\/www.superclonewrist.com\/pt\/wp-json\/wp\/v2\/product_tag?post=5976"}],"curies":[{"name":"wp","href":"https:\/\/api.w.org\/{rel}","templated":true}]}}