{"id":5972,"date":"2026-02-23T05:12:01","date_gmt":"2026-02-23T05:12:01","guid":{"rendered":"https:\/\/www.superclonewrist.com\/?post_type=product&#038;p=5972"},"modified":"2026-02-23T05:12:01","modified_gmt":"2026-02-23T05:12:01","slug":"patek-philippe-nautilus-5726-1a-014-blue-dial-40mm-11-superclone-watch","status":"publish","type":"product","link":"https:\/\/www.superclonewrist.com\/pt\/produto\/patek-philippe-nautilus-5726-1a-014-blue-dial-40mm-11-superclone-watch\/","title":{"rendered":"Patek-Philippe-Nautilus-5726-1A-014-Blue-Dial-40mm  1:1 SuperClone Watch"},"content":{"rendered":"<p>O\u00a0<strong>Patek Philippe Nautilus 5726 Blue Dial SuperClone<\/strong>\u00a0\u00e9 um\u00a0<strong>complex 1:1 replica<\/strong>\u00a0com um\u00a0<strong>complete annual calendar function<\/strong>. Este\u00a0<strong>iconic 40mm timepiece<\/strong>\u00a0is constructed from a\u00a0<strong>caixa s\u00f3lida em a\u00e7o inoxid\u00e1vel<\/strong>\u00a0with an\u00a0<strong>integrated steel bracelet<\/strong>.<\/p>\n<p>Os seus\u00a0<strong>classic blue dial<\/strong>\u00a0integrates the signature\u00a0<strong>horizontal embossed pattern<\/strong>\u00a0and clearly displays the\u00a0<strong>annual calendar<\/strong>\u00a0through dedicated windows for\u00a0<strong>day<\/strong>,\u00a0<strong>date<\/strong>, and\u00a0<strong>month<\/strong>. The watch is powered by the\u00a0<strong>reliable Super Clone 324S QA LU 24H\/303 automatic movement<\/strong>, a\u00a0<strong>unified mechanical caliber<\/strong>\u00a0engineered to precisely replicate this intricate complication and its moon phase function.<\/p>\n<p>Engineered for distinction, it provides a\u00a0<strong>Resist\u00eancia \u00e0 \u00e1gua de 50 metros<\/strong>\u00a0e est\u00e1 protegido por uma\u00a0<strong>vidro de safira resistente a riscos<\/strong>.<\/p>","protected":false},"excerpt":{"rendered":"<p>The\u00a0Patek Philippe Nautilus 5726 Blue Dial SuperClone\u00a0is a\u00a0complex 1:1 replica\u00a0featuring a\u00a0complete annual calendar function. This\u00a0iconic 40mm timepiece\u00a0is constructed from a\u00a0solid stainless steel case\u00a0with an\u00a0integrated steel bracelet. Its\u00a0classic blue dial\u00a0integrates the signature\u00a0horizontal embossed pattern\u00a0and clearly displays the\u00a0annual calendar\u00a0through dedicated windows for\u00a0day,\u00a0date, and\u00a0month. The watch is powered by the\u00a0reliable Super Clone 324S QA LU 24H\/303 automatic movement, [&hellip;]<\/p>","protected":false},"featured_media":5845,"comment_status":"open","ping_status":"closed","template":"","meta":{"_acf_changed":false},"product_brand":[],"product_cat":[19],"product_tag":[],"class_list":{"0":"post-5972","1":"product","2":"type-product","3":"status-publish","4":"has-post-thumbnail","6":"product_cat-patek-philippe","8":"first","9":"instock","10":"sale","11":"shipping-taxable","12":"purchasable","13":"product-type-simple"},"acf":[],"gallery_images":[5846,5847,5848,5849,5850,5851,5841,5842,5843,5844],"_links":{"self":[{"href":"https:\/\/www.superclonewrist.com\/pt\/wp-json\/wp\/v2\/product\/5972","targetHints":{"allow":["GET"]}}],"collection":[{"href":"https:\/\/www.superclonewrist.com\/pt\/wp-json\/wp\/v2\/product"}],"about":[{"href":"https:\/\/www.superclonewrist.com\/pt\/wp-json\/wp\/v2\/types\/product"}],"replies":[{"embeddable":true,"href":"https:\/\/www.superclonewrist.com\/pt\/wp-json\/wp\/v2\/comments?post=5972"}],"wp:featuredmedia":[{"embeddable":true,"href":"https:\/\/www.superclonewrist.com\/pt\/wp-json\/wp\/v2\/media\/5845"}],"wp:attachment":[{"href":"https:\/\/www.superclonewrist.com\/pt\/wp-json\/wp\/v2\/media?parent=5972"}],"wp:term":[{"taxonomy":"product_brand","embeddable":true,"href":"https:\/\/www.superclonewrist.com\/pt\/wp-json\/wp\/v2\/product_brand?post=5972"},{"taxonomy":"product_cat","embeddable":true,"href":"https:\/\/www.superclonewrist.com\/pt\/wp-json\/wp\/v2\/product_cat?post=5972"},{"taxonomy":"product_tag","embeddable":true,"href":"https:\/\/www.superclonewrist.com\/pt\/wp-json\/wp\/v2\/product_tag?post=5972"}],"curies":[{"name":"wp","href":"https:\/\/api.w.org\/{rel}","templated":true}]}}