{"id":5793,"date":"2026-02-21T14:26:10","date_gmt":"2026-02-21T14:26:10","guid":{"rendered":"https:\/\/www.superclonewrist.com\/?post_type=product&#038;p=5793"},"modified":"2026-04-11T10:25:01","modified_gmt":"2026-04-11T10:25:01","slug":"patek-philippe-nautilus-5712-blue-dial-40mm-11-superclone-watch","status":"publish","type":"product","link":"https:\/\/www.superclonewrist.com\/pt\/produto\/patek-philippe-nautilus-5712-blue-dial-40mm-11-superclone-watch\/","title":{"rendered":"Patek-Philippe-Nautilus-5712-Blue-Dial-40mm  1:1 SuperClone Watch"},"content":{"rendered":"<p>O\u00a0<strong>Patek Philippe Nautilus 5712 Blue Dial SuperClone<\/strong>\u00a0\u00e9 um\u00a0<strong>complex 1:1 replica<\/strong>\u00a0of the iconic luxury sports watch. This\u00a0<strong>40mm timepiece<\/strong>\u00a0apresenta um\u00a0<strong>caixa s\u00f3lida em a\u00e7o inoxid\u00e1vel<\/strong>\u00a0and an\u00a0<strong>integrated bracelet<\/strong>, housing a sophisticated multi-complication dial.<\/p>\n<p>Os seus\u00a0<strong>classic blue dial<\/strong>\u00a0features the signature\u00a0<strong>horizontal embossed pattern<\/strong>\u00a0and includes a\u00a0<strong>moon phase indicator<\/strong>,\u00a0<strong>power reserve display<\/strong>, and an\u00a0<strong>integrated date sub-dial<\/strong>. The watch is powered by the\u00a0<strong>reliable Super Clone Cal.<\/strong><strong>240<\/strong><strong> automatic movement<\/strong>, engineered to replicate the performance of these complex functions.<\/p>\n<p>Engineered for sophisticated daily wear, it provides a\u00a0<strong>Resist\u00eancia \u00e0 \u00e1gua de 50 metros<\/strong>\u00a0e est\u00e1 protegido por uma\u00a0<strong>vidro de safira resistente a riscos<\/strong>.<\/p>","protected":false},"excerpt":{"rendered":"<p>The\u00a0Patek Philippe Nautilus 5712 Blue Dial SuperClone\u00a0is a\u00a0complex 1:1 replica\u00a0of the iconic luxury sports watch. This\u00a040mm timepiece\u00a0features a\u00a0solid stainless steel case\u00a0and an\u00a0integrated bracelet, housing a sophisticated multi-complication dial. Its\u00a0classic blue dial\u00a0features the signature\u00a0horizontal embossed pattern\u00a0and includes a\u00a0moon phase indicator,\u00a0power reserve display, and an\u00a0integrated date sub-dial. The watch is powered by the\u00a0reliable Super Clone Cal.240 automatic [&hellip;]<\/p>","protected":false},"featured_media":5722,"comment_status":"open","ping_status":"closed","template":"","meta":{"_acf_changed":false},"product_brand":[],"product_cat":[19],"product_tag":[49],"class_list":{"0":"post-5793","1":"product","2":"type-product","3":"status-publish","4":"has-post-thumbnail","6":"product_cat-patek-philippe","7":"product_tag-most-selling","9":"first","10":"instock","11":"sale","12":"shipping-taxable","13":"purchasable","14":"product-type-simple"},"acf":[],"gallery_images":[5716,5717,5718,5719,5720,5721],"_links":{"self":[{"href":"https:\/\/www.superclonewrist.com\/pt\/wp-json\/wp\/v2\/product\/5793","targetHints":{"allow":["GET"]}}],"collection":[{"href":"https:\/\/www.superclonewrist.com\/pt\/wp-json\/wp\/v2\/product"}],"about":[{"href":"https:\/\/www.superclonewrist.com\/pt\/wp-json\/wp\/v2\/types\/product"}],"replies":[{"embeddable":true,"href":"https:\/\/www.superclonewrist.com\/pt\/wp-json\/wp\/v2\/comments?post=5793"}],"wp:featuredmedia":[{"embeddable":true,"href":"https:\/\/www.superclonewrist.com\/pt\/wp-json\/wp\/v2\/media\/5722"}],"wp:attachment":[{"href":"https:\/\/www.superclonewrist.com\/pt\/wp-json\/wp\/v2\/media?parent=5793"}],"wp:term":[{"taxonomy":"product_brand","embeddable":true,"href":"https:\/\/www.superclonewrist.com\/pt\/wp-json\/wp\/v2\/product_brand?post=5793"},{"taxonomy":"product_cat","embeddable":true,"href":"https:\/\/www.superclonewrist.com\/pt\/wp-json\/wp\/v2\/product_cat?post=5793"},{"taxonomy":"product_tag","embeddable":true,"href":"https:\/\/www.superclonewrist.com\/pt\/wp-json\/wp\/v2\/product_tag?post=5793"}],"curies":[{"name":"wp","href":"https:\/\/api.w.org\/{rel}","templated":true}]}}