{"id":5792,"date":"2026-02-21T14:22:29","date_gmt":"2026-02-21T14:22:29","guid":{"rendered":"https:\/\/www.superclonewrist.com\/?post_type=product&#038;p=5792"},"modified":"2026-04-11T09:53:30","modified_gmt":"2026-04-11T09:53:30","slug":"patek-philippe-nautilus-5711-green-dial-leather-strap-40mm-11-superclone-watch","status":"publish","type":"product","link":"https:\/\/www.superclonewrist.com\/pt\/produto\/patek-philippe-nautilus-5711-green-dial-leather-strap-40mm-11-superclone-watch\/","title":{"rendered":"Patek-Philippe-Nautilus-5711-Green-Dial-Leather-Strap&#8211;40mm  1:1 SuperClone Watch"},"content":{"rendered":"<p>O\u00a0<strong>Patek Philippe Nautilus 5711 Green Dial SuperClone<\/strong>\u00a0\u00e9 um\u00a0<strong>r\u00e9plica 1:1 impressionante<\/strong>\u00a0offering a refined variation of the iconic design. This\u00a0<strong>40mm luxury sports watch<\/strong>\u00a0apresenta um\u00a0<strong>caixa s\u00f3lida em a\u00e7o inoxid\u00e1vel<\/strong>\u00a0paired with a\u00a0<strong>sophisticated black leather strap<\/strong>, presenting a versatile and elegant aesthetic.<\/p>\n<p>Os seus\u00a0<strong>vibrant green dial<\/strong>\u00a0features the signature\u00a0<strong>horizontal embossed pattern<\/strong>\u00a0with a captivating sunburst finish. The watch is powered by the\u00a0<strong>reliable Super Clone Cal.324 automatic movement<\/strong>, ensuring\u00a0<strong>precise timekeeping<\/strong>\u00a0e\u00a0<strong>date functionality<\/strong>.<\/p>\n<p>Engineered for distinction, it provides a\u00a0<strong>Resist\u00eancia \u00e0 \u00e1gua de 50 metros<\/strong>\u00a0e est\u00e1 protegido por uma\u00a0<strong>vidro de safira resistente a riscos<\/strong>.<\/p>","protected":false},"excerpt":{"rendered":"<p>The\u00a0Patek Philippe Nautilus 5711 Green Dial SuperClone\u00a0is a\u00a0striking 1:1 replica\u00a0offering a refined variation of the iconic design. This\u00a040mm luxury sports watch\u00a0features a\u00a0solid stainless steel case\u00a0paired with a\u00a0sophisticated black leather strap, presenting a versatile and elegant aesthetic. Its\u00a0vibrant green dial\u00a0features the signature\u00a0horizontal embossed pattern\u00a0with a captivating sunburst finish. The watch is powered by the\u00a0reliable Super Clone [&hellip;]<\/p>","protected":false},"featured_media":5714,"comment_status":"open","ping_status":"closed","template":"","meta":{"_acf_changed":false},"product_brand":[],"product_cat":[19],"product_tag":[],"class_list":{"0":"post-5792","1":"product","2":"type-product","3":"status-publish","4":"has-post-thumbnail","6":"product_cat-patek-philippe","8":"first","9":"instock","10":"sale","11":"shipping-taxable","12":"purchasable","13":"product-type-simple"},"acf":[],"gallery_images":[5715,5707,5708,5709,5710,5711,5712,5713],"_links":{"self":[{"href":"https:\/\/www.superclonewrist.com\/pt\/wp-json\/wp\/v2\/product\/5792","targetHints":{"allow":["GET"]}}],"collection":[{"href":"https:\/\/www.superclonewrist.com\/pt\/wp-json\/wp\/v2\/product"}],"about":[{"href":"https:\/\/www.superclonewrist.com\/pt\/wp-json\/wp\/v2\/types\/product"}],"replies":[{"embeddable":true,"href":"https:\/\/www.superclonewrist.com\/pt\/wp-json\/wp\/v2\/comments?post=5792"}],"wp:featuredmedia":[{"embeddable":true,"href":"https:\/\/www.superclonewrist.com\/pt\/wp-json\/wp\/v2\/media\/5714"}],"wp:attachment":[{"href":"https:\/\/www.superclonewrist.com\/pt\/wp-json\/wp\/v2\/media?parent=5792"}],"wp:term":[{"taxonomy":"product_brand","embeddable":true,"href":"https:\/\/www.superclonewrist.com\/pt\/wp-json\/wp\/v2\/product_brand?post=5792"},{"taxonomy":"product_cat","embeddable":true,"href":"https:\/\/www.superclonewrist.com\/pt\/wp-json\/wp\/v2\/product_cat?post=5792"},{"taxonomy":"product_tag","embeddable":true,"href":"https:\/\/www.superclonewrist.com\/pt\/wp-json\/wp\/v2\/product_tag?post=5792"}],"curies":[{"name":"wp","href":"https:\/\/api.w.org\/{rel}","templated":true}]}}