{"id":5788,"date":"2026-02-21T14:07:22","date_gmt":"2026-02-21T14:07:22","guid":{"rendered":"https:\/\/www.superclonewrist.com\/?post_type=product&#038;p=5788"},"modified":"2026-04-11T09:53:13","modified_gmt":"2026-04-11T09:53:13","slug":"patek-philippe-nautilus-5711-grey-dial-leather-strap-40mm-11-superclone-watch","status":"publish","type":"product","link":"https:\/\/www.superclonewrist.com\/pt\/produto\/patek-philippe-nautilus-5711-grey-dial-leather-strap-40mm-11-superclone-watch\/","title":{"rendered":"Patek-Philippe-Nautilus-5711-Grey-Dial-Leather-Strap-40mm  1:1 SuperClone Watch"},"content":{"rendered":"<p>O\u00a0<strong>Patek Philippe Nautilus 5711 Grey Dial SuperClone<\/strong>\u00a0is an\u00a0<strong>iconic 1:1 replica<\/strong>\u00a0of the legendary luxury sports watch. This\u00a0<strong>classic 40mm timepiece<\/strong>\u00a0apresenta um\u00a0<strong>caixa s\u00f3lida em a\u00e7o inoxid\u00e1vel<\/strong>\u00a0with the signature porthole-inspired design and a horizontally embossed dial.<\/p>\n<p>Os seus\u00a0<strong>timeless grey-blue dial<\/strong>\u00a0exhibits a subtle sunburst finish that plays with light. The watch is powered by a\u00a0<strong>reliable Super Clone automatic movement<\/strong>, ensuring precise timekeeping. It is fitted with a\u00a0<strong>sophisticated black leather strap<\/strong>, offering a versatile and comfortable alternative to the classic bracelet.<\/p>\n<p>Engineered for sophisticated daily wear, it provides a\u00a0<strong>Resist\u00eancia \u00e0 \u00e1gua de 50 metros<\/strong>\u00a0e est\u00e1 protegido por uma\u00a0<strong>vidro de safira resistente a riscos<\/strong>.<\/p>\n<p><strong>\u00a0<\/strong><\/p>","protected":false},"excerpt":{"rendered":"<p>The\u00a0Patek Philippe Nautilus 5711 Grey Dial SuperClone\u00a0is an\u00a0iconic 1:1 replica\u00a0of the legendary luxury sports watch. This\u00a0classic 40mm timepiece\u00a0features a\u00a0solid stainless steel case\u00a0with the signature porthole-inspired design and a horizontally embossed dial. Its\u00a0timeless grey-blue dial\u00a0exhibits a subtle sunburst finish that plays with light. The watch is powered by a\u00a0reliable Super Clone automatic movement, ensuring precise timekeeping. [&hellip;]<\/p>","protected":false},"featured_media":5674,"comment_status":"open","ping_status":"closed","template":"","meta":{"_acf_changed":false},"product_brand":[],"product_cat":[19],"product_tag":[],"class_list":{"0":"post-5788","1":"product","2":"type-product","3":"status-publish","4":"has-post-thumbnail","6":"product_cat-patek-philippe","8":"first","9":"instock","10":"sale","11":"shipping-taxable","12":"purchasable","13":"product-type-simple"},"acf":[],"gallery_images":[5675,5676,5662,5663,5664,5665,5666,5667,5668,5669,5670,5671,5672,5673],"_links":{"self":[{"href":"https:\/\/www.superclonewrist.com\/pt\/wp-json\/wp\/v2\/product\/5788","targetHints":{"allow":["GET"]}}],"collection":[{"href":"https:\/\/www.superclonewrist.com\/pt\/wp-json\/wp\/v2\/product"}],"about":[{"href":"https:\/\/www.superclonewrist.com\/pt\/wp-json\/wp\/v2\/types\/product"}],"replies":[{"embeddable":true,"href":"https:\/\/www.superclonewrist.com\/pt\/wp-json\/wp\/v2\/comments?post=5788"}],"wp:featuredmedia":[{"embeddable":true,"href":"https:\/\/www.superclonewrist.com\/pt\/wp-json\/wp\/v2\/media\/5674"}],"wp:attachment":[{"href":"https:\/\/www.superclonewrist.com\/pt\/wp-json\/wp\/v2\/media?parent=5788"}],"wp:term":[{"taxonomy":"product_brand","embeddable":true,"href":"https:\/\/www.superclonewrist.com\/pt\/wp-json\/wp\/v2\/product_brand?post=5788"},{"taxonomy":"product_cat","embeddable":true,"href":"https:\/\/www.superclonewrist.com\/pt\/wp-json\/wp\/v2\/product_cat?post=5788"},{"taxonomy":"product_tag","embeddable":true,"href":"https:\/\/www.superclonewrist.com\/pt\/wp-json\/wp\/v2\/product_tag?post=5788"}],"curies":[{"name":"wp","href":"https:\/\/api.w.org\/{rel}","templated":true}]}}