{"id":5782,"date":"2026-02-21T13:44:55","date_gmt":"2026-02-21T13:44:55","guid":{"rendered":"https:\/\/www.superclonewrist.com\/?post_type=product&#038;p=5782"},"modified":"2026-02-21T13:44:55","modified_gmt":"2026-02-21T13:44:55","slug":"patek-philippe-nautilus-5711-grey-dial-rose-gold-40mm-11-superclone-watch","status":"publish","type":"product","link":"https:\/\/www.superclonewrist.com\/pt\/produto\/patek-philippe-nautilus-5711-grey-dial-rose-gold-40mm-11-superclone-watch\/","title":{"rendered":"Patek-Philippe-Nautilus-5711-Grey-Dial-Rose-Gold-40mm  1:1 SuperClone Watch"},"content":{"rendered":"<p>O\u00a0<strong>Patek Philippe Nautilus 5711 Grey Dial Rose Gold SuperClone<\/strong>\u00a0\u00e9 um\u00a0<strong>luxurious 1:1 replica<\/strong>\u00a0of the iconic sports watch. This\u00a0<strong>elegant 40mm timepiece<\/strong>\u00a0features a case and integrated bracelet crafted from\u00a0<strong>18K rose gold plating<\/strong>, delivering a prestigious and warm aesthetic.<\/p>\n<p>Os seus\u00a0<strong>classic grey dial<\/strong>\u00a0showcases the signature\u00a0<strong>horizontal embossed pattern<\/strong>\u00a0with a subtle sunburst finish. The watch is powered by the\u00a0<strong>reliable Super Clone Cal.324 automatic movement<\/strong>, ensuring precise timekeeping and date functionality.<\/p>\n<p>Engineered for sophistication, it provides a\u00a0<strong>Resist\u00eancia \u00e0 \u00e1gua de 50 metros<\/strong>\u00a0e est\u00e1 protegido por uma\u00a0<strong>vidro de safira resistente a riscos<\/strong>.<\/p>\n<p>&nbsp;<\/p>","protected":false},"excerpt":{"rendered":"<p>The\u00a0Patek Philippe Nautilus 5711 Grey Dial Rose Gold SuperClone\u00a0is a\u00a0luxurious 1:1 replica\u00a0of the iconic sports watch. This\u00a0elegant 40mm timepiece\u00a0features a case and integrated bracelet crafted from\u00a018K rose gold plating, delivering a prestigious and warm aesthetic. Its\u00a0classic grey dial\u00a0showcases the signature\u00a0horizontal embossed pattern\u00a0with a subtle sunburst finish. The watch is powered by the\u00a0reliable Super Clone Cal.324 [&hellip;]<\/p>","protected":false},"featured_media":5599,"comment_status":"open","ping_status":"closed","template":"","meta":{"_acf_changed":false},"product_brand":[],"product_cat":[19],"product_tag":[],"class_list":{"0":"post-5782","1":"product","2":"type-product","3":"status-publish","4":"has-post-thumbnail","6":"product_cat-patek-philippe","8":"first","9":"instock","10":"sale","11":"shipping-taxable","12":"purchasable","13":"product-type-simple"},"acf":[],"gallery_images":[5600,5601,5602,5603,5604,5597,5598],"_links":{"self":[{"href":"https:\/\/www.superclonewrist.com\/pt\/wp-json\/wp\/v2\/product\/5782","targetHints":{"allow":["GET"]}}],"collection":[{"href":"https:\/\/www.superclonewrist.com\/pt\/wp-json\/wp\/v2\/product"}],"about":[{"href":"https:\/\/www.superclonewrist.com\/pt\/wp-json\/wp\/v2\/types\/product"}],"replies":[{"embeddable":true,"href":"https:\/\/www.superclonewrist.com\/pt\/wp-json\/wp\/v2\/comments?post=5782"}],"wp:featuredmedia":[{"embeddable":true,"href":"https:\/\/www.superclonewrist.com\/pt\/wp-json\/wp\/v2\/media\/5599"}],"wp:attachment":[{"href":"https:\/\/www.superclonewrist.com\/pt\/wp-json\/wp\/v2\/media?parent=5782"}],"wp:term":[{"taxonomy":"product_brand","embeddable":true,"href":"https:\/\/www.superclonewrist.com\/pt\/wp-json\/wp\/v2\/product_brand?post=5782"},{"taxonomy":"product_cat","embeddable":true,"href":"https:\/\/www.superclonewrist.com\/pt\/wp-json\/wp\/v2\/product_cat?post=5782"},{"taxonomy":"product_tag","embeddable":true,"href":"https:\/\/www.superclonewrist.com\/pt\/wp-json\/wp\/v2\/product_tag?post=5782"}],"curies":[{"name":"wp","href":"https:\/\/api.w.org\/{rel}","templated":true}]}}