{"id":5468,"date":"2026-02-18T16:19:44","date_gmt":"2026-02-18T16:19:44","guid":{"rendered":"https:\/\/www.superclonewrist.com\/?post_type=product&#038;p=5468"},"modified":"2026-04-11T08:16:45","modified_gmt":"2026-04-11T08:16:45","slug":"patek-philippe-cubitus-5821-rose-gold-two-tone-blue-dial-45mm-11-superclone-watch","status":"publish","type":"product","link":"https:\/\/www.superclonewrist.com\/pt\/produto\/patek-philippe-cubitus-5821-rose-gold-two-tone-blue-dial-45mm-11-superclone-watch\/","title":{"rendered":"Patek-Philippe-Cubitus-5821-Rose-Gold-Two-Tone-Blue-Dial-45mm 1:1 SuperClone Watch"},"content":{"rendered":"<p>O\u00a0<strong>Patek Philippe Cubitus 5821 Rose Gold SuperClone<\/strong>\u00a0is an\u00a0<strong>exclusive 1:1 replica<\/strong>\u00a0of the prestigious timepiece. This\u00a0<strong>luxury 45mm watch<\/strong>\u00a0features a case and bracelet crafted from\u00a0<strong>solid rose gold plating<\/strong>\u00a0over a durable base metal, achieving a rich and warm aesthetic.<\/p>\n<p>Os seus\u00a0<strong>striking blue sunburst dial<\/strong>\u00a0provides a refined backdrop for the\u00a0<strong>applied gold hour markers<\/strong>\u00a0e\u00a0<strong>elegant hands<\/strong>. The timepiece is powered by a\u00a0<strong>reliable Super Clone automatic movement<\/strong>, replicating the precision and finishing details of high-end watchmaking.<\/p>\n<p>Engineered for sophistication, it provides a\u00a0<strong>Resist\u00eancia \u00e0 \u00e1gua de 50 metros<\/strong>\u00a0e est\u00e1 protegido por uma\u00a0<strong>vidro de safira resistente a riscos<\/strong>.<\/p>","protected":false},"excerpt":{"rendered":"<p>The\u00a0Patek Philippe Cubitus 5821 Rose Gold SuperClone\u00a0is an\u00a0exclusive 1:1 replica\u00a0of the prestigious timepiece. This\u00a0luxury 45mm watch\u00a0features a case and bracelet crafted from\u00a0solid rose gold plating\u00a0over a durable base metal, achieving a rich and warm aesthetic. Its\u00a0striking blue sunburst dial\u00a0provides a refined backdrop for the\u00a0applied gold hour markers\u00a0and\u00a0elegant hands. The timepiece is powered by a\u00a0reliable Super [&hellip;]<\/p>","protected":false},"featured_media":5419,"comment_status":"open","ping_status":"closed","template":"","meta":{"_acf_changed":false},"product_brand":[],"product_cat":[19],"product_tag":[],"class_list":{"0":"post-5468","1":"product","2":"type-product","3":"status-publish","4":"has-post-thumbnail","6":"product_cat-patek-philippe","8":"first","9":"instock","10":"sale","11":"shipping-taxable","12":"purchasable","13":"product-type-simple"},"acf":[],"gallery_images":[5420,5421,5422,5423,5424,5425,5426,5427,5428,5412,5413,5414,5415,5416,5417,5418],"_links":{"self":[{"href":"https:\/\/www.superclonewrist.com\/pt\/wp-json\/wp\/v2\/product\/5468","targetHints":{"allow":["GET"]}}],"collection":[{"href":"https:\/\/www.superclonewrist.com\/pt\/wp-json\/wp\/v2\/product"}],"about":[{"href":"https:\/\/www.superclonewrist.com\/pt\/wp-json\/wp\/v2\/types\/product"}],"replies":[{"embeddable":true,"href":"https:\/\/www.superclonewrist.com\/pt\/wp-json\/wp\/v2\/comments?post=5468"}],"wp:featuredmedia":[{"embeddable":true,"href":"https:\/\/www.superclonewrist.com\/pt\/wp-json\/wp\/v2\/media\/5419"}],"wp:attachment":[{"href":"https:\/\/www.superclonewrist.com\/pt\/wp-json\/wp\/v2\/media?parent=5468"}],"wp:term":[{"taxonomy":"product_brand","embeddable":true,"href":"https:\/\/www.superclonewrist.com\/pt\/wp-json\/wp\/v2\/product_brand?post=5468"},{"taxonomy":"product_cat","embeddable":true,"href":"https:\/\/www.superclonewrist.com\/pt\/wp-json\/wp\/v2\/product_cat?post=5468"},{"taxonomy":"product_tag","embeddable":true,"href":"https:\/\/www.superclonewrist.com\/pt\/wp-json\/wp\/v2\/product_tag?post=5468"}],"curies":[{"name":"wp","href":"https:\/\/api.w.org\/{rel}","templated":true}]}}