{"id":5389,"date":"2026-02-11T02:38:05","date_gmt":"2026-02-11T02:38:05","guid":{"rendered":"https:\/\/www.superclonewrist.com\/?post_type=product&#038;p=5389"},"modified":"2026-04-11T08:15:49","modified_gmt":"2026-04-11T08:15:49","slug":"hublot-classic-fusion-542-nx-1270-lr-42mm-11-superclone-watch","status":"publish","type":"product","link":"https:\/\/www.superclonewrist.com\/pt\/produto\/hublot-classic-fusion-542-nx-1270-lr-42mm-11-superclone-watch\/","title":{"rendered":"Hublot-Classic-Fusion-542.NX.1270.LR-42mm  1:1 SuperClone Watch"},"content":{"rendered":"<p>O\u00a0<strong>Hublot Classic Fusion\u00a0<\/strong><strong><a href=\"https:\/\/542.nx.1170.lr\/\" target=\"_blank\" rel=\"noopener\">542.NX.1170.LR<\/a><\/strong><strong>\u00a0SuperClone<\/strong>\u00a0\u00e9 um\u00a0<strong>sophisticated 1:1 replica<\/strong>\u00a0of the elegant dress-sports watch. This\u00a0<strong>refined 42mm timepiece<\/strong>\u00a0features a case and bezel crafted from\u00a0<strong>lightweight Grade 5 titanium<\/strong>, offering a comfortable and durable wear.<\/p>\n<p>Os seus\u00a0<strong>classic black dial<\/strong>\u00a0ensures optimal legibility with\u00a0<strong>applied hour markers<\/strong>. O rel\u00f3gio \u00e9 alimentado por um\u00a0<strong>reliable automatic movement<\/strong>, ensuring precise timekeeping. It is fitted with a\u00a0<strong>sophisticated black <\/strong><strong>rubber<\/strong><strong> strap<\/strong>, completing its timeless aesthetic.<\/p>\n<p>Engineered for daily elegance, it provides a\u00a0<strong>Resist\u00eancia \u00e0 \u00e1gua de 50 metros<\/strong>\u00a0e est\u00e1 protegido por uma\u00a0<strong>vidro de safira resistente a riscos<\/strong>.<\/p>","protected":false},"excerpt":{"rendered":"<p>The\u00a0Hublot Classic Fusion\u00a0542.NX.1170.LR\u00a0SuperClone\u00a0is a\u00a0sophisticated 1:1 replica\u00a0of the elegant dress-sports watch. This\u00a0refined 42mm timepiece\u00a0features a case and bezel crafted from\u00a0lightweight Grade 5 titanium, offering a comfortable and durable wear. Its\u00a0classic black dial\u00a0ensures optimal legibility with\u00a0applied hour markers. The watch is powered by a\u00a0reliable automatic movement, ensuring precise timekeeping. It is fitted with a\u00a0sophisticated black rubber strap, [&hellip;]<\/p>","protected":false},"featured_media":5324,"comment_status":"open","ping_status":"closed","template":"","meta":{"_acf_changed":false},"product_brand":[],"product_cat":[31],"product_tag":[],"class_list":{"0":"post-5389","1":"product","2":"type-product","3":"status-publish","4":"has-post-thumbnail","6":"product_cat-hublot","8":"first","9":"instock","10":"sale","11":"shipping-taxable","12":"purchasable","13":"product-type-simple"},"acf":[],"gallery_images":[5325,5326,5327,5328,5320,5321,5322,5323],"_links":{"self":[{"href":"https:\/\/www.superclonewrist.com\/pt\/wp-json\/wp\/v2\/product\/5389","targetHints":{"allow":["GET"]}}],"collection":[{"href":"https:\/\/www.superclonewrist.com\/pt\/wp-json\/wp\/v2\/product"}],"about":[{"href":"https:\/\/www.superclonewrist.com\/pt\/wp-json\/wp\/v2\/types\/product"}],"replies":[{"embeddable":true,"href":"https:\/\/www.superclonewrist.com\/pt\/wp-json\/wp\/v2\/comments?post=5389"}],"wp:featuredmedia":[{"embeddable":true,"href":"https:\/\/www.superclonewrist.com\/pt\/wp-json\/wp\/v2\/media\/5324"}],"wp:attachment":[{"href":"https:\/\/www.superclonewrist.com\/pt\/wp-json\/wp\/v2\/media?parent=5389"}],"wp:term":[{"taxonomy":"product_brand","embeddable":true,"href":"https:\/\/www.superclonewrist.com\/pt\/wp-json\/wp\/v2\/product_brand?post=5389"},{"taxonomy":"product_cat","embeddable":true,"href":"https:\/\/www.superclonewrist.com\/pt\/wp-json\/wp\/v2\/product_cat?post=5389"},{"taxonomy":"product_tag","embeddable":true,"href":"https:\/\/www.superclonewrist.com\/pt\/wp-json\/wp\/v2\/product_tag?post=5389"}],"curies":[{"name":"wp","href":"https:\/\/api.w.org\/{rel}","templated":true}]}}