{"id":5295,"date":"2026-02-11T02:17:28","date_gmt":"2026-02-11T02:17:28","guid":{"rendered":"https:\/\/www.superclonewrist.com\/?post_type=product&#038;p=5295"},"modified":"2026-04-11T08:15:09","modified_gmt":"2026-04-11T08:15:09","slug":"hublot-classic-fusion-511-nx-7071-rx-45mm-11-superclone-watch","status":"publish","type":"product","link":"https:\/\/www.superclonewrist.com\/pt\/produto\/hublot-classic-fusion-511-nx-7071-rx-45mm-11-superclone-watch\/","title":{"rendered":"Hublot-Classic-Fusion-511.NX.7071.RX-45mm  1:1 SuperClone Watch"},"content":{"rendered":"<p>O\u00a0<strong>Hublot Classic Fusion 511.NX.7071.RX SuperClone<\/strong>\u00a0\u00e9 um\u00a0<strong>faithful 1:1 replica<\/strong>\u00a0of the sophisticated dress-sports watch. This\u00a0<strong>elegant 45mm timepiece<\/strong>\u00a0features a case and bezel crafted from\u00a0<strong>Grade 5 titanium<\/strong>, known for its\u00a0<strong>lightweight<\/strong>\u00a0and durable properties.<\/p>\n<p>Os seus\u00a0<strong>classic black dial<\/strong>\u00a0ensures optimal legibility with\u00a0<strong>applied hour markers<\/strong>\u00a0and a clean layout. The watch is powered by a\u00a0<strong>reliable automatic movement<\/strong>, ensuring precise timekeeping. It is fitted with a\u00a0<strong>bracelete em pele preta refinada<\/strong>\u00a0featuring the brand&#8217;s\u00a0<strong>patented Quick-Release system<\/strong>\u00a0for easy interchangeability.<\/p>\n<p>Engineered for versatile style, it provides a\u00a0<strong>Resist\u00eancia \u00e0 \u00e1gua de 50 metros<\/strong>\u00a0e est\u00e1 protegido por uma\u00a0<strong>vidro de safira resistente a riscos<\/strong>.<\/p>","protected":false},"excerpt":{"rendered":"<p>The\u00a0Hublot Classic Fusion 511.NX.7071.RX SuperClone\u00a0is a\u00a0faithful 1:1 replica\u00a0of the sophisticated dress-sports watch. This\u00a0elegant 45mm timepiece\u00a0features a case and bezel crafted from\u00a0Grade 5 titanium, known for its\u00a0lightweight\u00a0and durable properties. Its\u00a0classic black dial\u00a0ensures optimal legibility with\u00a0applied hour markers\u00a0and a clean layout. The watch is powered by a\u00a0reliable automatic movement, ensuring precise timekeeping. It is fitted with a\u00a0refined [&hellip;]<\/p>","protected":false},"featured_media":5286,"comment_status":"open","ping_status":"closed","template":"","meta":{"_acf_changed":false},"product_brand":[],"product_cat":[31],"product_tag":[],"class_list":{"0":"post-5295","1":"product","2":"type-product","3":"status-publish","4":"has-post-thumbnail","6":"product_cat-hublot","8":"first","9":"instock","10":"sale","11":"shipping-taxable","12":"purchasable","13":"product-type-simple"},"acf":[],"gallery_images":[5277,5278,5279,5280,5281,5282,5283,5284,5285],"_links":{"self":[{"href":"https:\/\/www.superclonewrist.com\/pt\/wp-json\/wp\/v2\/product\/5295","targetHints":{"allow":["GET"]}}],"collection":[{"href":"https:\/\/www.superclonewrist.com\/pt\/wp-json\/wp\/v2\/product"}],"about":[{"href":"https:\/\/www.superclonewrist.com\/pt\/wp-json\/wp\/v2\/types\/product"}],"replies":[{"embeddable":true,"href":"https:\/\/www.superclonewrist.com\/pt\/wp-json\/wp\/v2\/comments?post=5295"}],"wp:featuredmedia":[{"embeddable":true,"href":"https:\/\/www.superclonewrist.com\/pt\/wp-json\/wp\/v2\/media\/5286"}],"wp:attachment":[{"href":"https:\/\/www.superclonewrist.com\/pt\/wp-json\/wp\/v2\/media?parent=5295"}],"wp:term":[{"taxonomy":"product_brand","embeddable":true,"href":"https:\/\/www.superclonewrist.com\/pt\/wp-json\/wp\/v2\/product_brand?post=5295"},{"taxonomy":"product_cat","embeddable":true,"href":"https:\/\/www.superclonewrist.com\/pt\/wp-json\/wp\/v2\/product_cat?post=5295"},{"taxonomy":"product_tag","embeddable":true,"href":"https:\/\/www.superclonewrist.com\/pt\/wp-json\/wp\/v2\/product_tag?post=5295"}],"curies":[{"name":"wp","href":"https:\/\/api.w.org\/{rel}","templated":true}]}}