{"id":5267,"date":"2026-02-09T02:43:06","date_gmt":"2026-02-09T02:43:06","guid":{"rendered":"https:\/\/www.superclonewrist.com\/?post_type=product&#038;p=5267"},"modified":"2026-04-11T10:44:36","modified_gmt":"2026-04-11T10:44:36","slug":"hublot-big-bang-yellow-ceramic-skeleton-dial-441-cy-471y-rx-44mm-11-superclone-watch","status":"publish","type":"product","link":"https:\/\/www.superclonewrist.com\/pt\/produto\/hublot-big-bang-yellow-ceramic-skeleton-dial-441-cy-471y-rx-44mm-11-superclone-watch\/","title":{"rendered":"Hublot-Big-Bang-Yellow-Ceramic-Skeleton-Dial-441.CY.471Y.RX-44mm   1:1 SuperClone Watch"},"content":{"rendered":"<p>O\u00a0<strong>Hublot Big Bang\u00a0<\/strong><strong><a href=\"https:\/\/441.cy\/\" target=\"_blank\" rel=\"noopener\">441.CY<\/a><\/strong><strong>.471Y.RX\u00a0SuperClone<\/strong>\u00a0\u00e9 um\u00a0<strong>vibrant 1:1 replica<\/strong>\u00a0defined by its\u00a0<strong>bold yellow ceramic case and skeletonized dial<\/strong>. Este\u00a0<strong>striking 44mm timepiece<\/strong>\u00a0is constructed from a single block of\u00a0<strong>scratch-resistant yellow ceramic<\/strong>, offering a\u00a0<strong>unique color<\/strong>,\u00a0<strong>lightweight feel<\/strong>, and\u00a0<strong>high durability<\/strong>.<\/p>\n<p>Os seus\u00a0<strong>openworked skeleton dial<\/strong>\u00a0provides a full view of the intricate\u00a0<strong>automatic chronograph movement<\/strong>\u00a0and its decorative bridges. The watch is powered by a\u00a0<strong>reliable Super Clone Unico automatic skeleton movement<\/strong>, replicating the complex functions and aesthetics of the original. It is fitted with a\u00a0<strong>matching yellow rubber strap<\/strong>\u00a0featuring the brand&#8217;s\u00a0<strong>patented Quick-Release system<\/strong>\u00a0for instant strap changes.<\/p>\n<p>Engineered for a bold and modern statement, it provides a\u00a0<strong>Resist\u00eancia \u00e0 \u00e1gua de 50 metros<\/strong>\u00a0e est\u00e1 protegido por uma\u00a0<strong>vidro de safira resistente a riscos<\/strong>.<\/p>","protected":false},"excerpt":{"rendered":"<p>The\u00a0Hublot Big Bang\u00a0441.CY.471Y.RX\u00a0SuperClone\u00a0is a\u00a0vibrant 1:1 replica\u00a0defined by its\u00a0bold yellow ceramic case and skeletonized dial. This\u00a0striking 44mm timepiece\u00a0is constructed from a single block of\u00a0scratch-resistant yellow ceramic, offering a\u00a0unique color,\u00a0lightweight feel, and\u00a0high durability. Its\u00a0openworked skeleton dial\u00a0provides a full view of the intricate\u00a0automatic chronograph movement\u00a0and its decorative bridges. The watch is powered by a\u00a0reliable Super Clone Unico automatic [&hellip;]<\/p>","protected":false},"featured_media":5197,"comment_status":"open","ping_status":"closed","template":"","meta":{"_acf_changed":false},"product_brand":[],"product_cat":[31],"product_tag":[],"class_list":{"0":"post-5267","1":"product","2":"type-product","3":"status-publish","4":"has-post-thumbnail","6":"product_cat-hublot","8":"first","9":"instock","10":"sale","11":"shipping-taxable","12":"purchasable","13":"product-type-simple"},"acf":[],"gallery_images":[5198,5199,5200,5201,5192,5193,5194,5195,5196],"_links":{"self":[{"href":"https:\/\/www.superclonewrist.com\/pt\/wp-json\/wp\/v2\/product\/5267","targetHints":{"allow":["GET"]}}],"collection":[{"href":"https:\/\/www.superclonewrist.com\/pt\/wp-json\/wp\/v2\/product"}],"about":[{"href":"https:\/\/www.superclonewrist.com\/pt\/wp-json\/wp\/v2\/types\/product"}],"replies":[{"embeddable":true,"href":"https:\/\/www.superclonewrist.com\/pt\/wp-json\/wp\/v2\/comments?post=5267"}],"wp:featuredmedia":[{"embeddable":true,"href":"https:\/\/www.superclonewrist.com\/pt\/wp-json\/wp\/v2\/media\/5197"}],"wp:attachment":[{"href":"https:\/\/www.superclonewrist.com\/pt\/wp-json\/wp\/v2\/media?parent=5267"}],"wp:term":[{"taxonomy":"product_brand","embeddable":true,"href":"https:\/\/www.superclonewrist.com\/pt\/wp-json\/wp\/v2\/product_brand?post=5267"},{"taxonomy":"product_cat","embeddable":true,"href":"https:\/\/www.superclonewrist.com\/pt\/wp-json\/wp\/v2\/product_cat?post=5267"},{"taxonomy":"product_tag","embeddable":true,"href":"https:\/\/www.superclonewrist.com\/pt\/wp-json\/wp\/v2\/product_tag?post=5267"}],"curies":[{"name":"wp","href":"https:\/\/api.w.org\/{rel}","templated":true}]}}