{"id":5264,"date":"2026-02-09T02:33:21","date_gmt":"2026-02-09T02:33:21","guid":{"rendered":"https:\/\/www.superclonewrist.com\/?post_type=product&#038;p=5264"},"modified":"2026-04-11T10:44:21","modified_gmt":"2026-04-11T10:44:21","slug":"hublot-big-bang-silver-skeleton-dial-421-nx-1170-rx-44mm-11-superclone-watch","status":"publish","type":"product","link":"https:\/\/www.superclonewrist.com\/pt\/produto\/hublot-big-bang-silver-skeleton-dial-421-nx-1170-rx-44mm-11-superclone-watch\/","title":{"rendered":"Hublot-Big-Bang-Silver-Skeleton-Dial-421.NX.1170.RX-44mm   1:1 SuperClone Watch"},"content":{"rendered":"<p>O\u00a0<strong>Hublot Big Bang 421.NX.1170.RX SuperClone<\/strong>\u00a0\u00e9 um\u00a0<strong>modern 1:1 replica<\/strong>\u00a0defined by its\u00a0<strong>technical silver skeleton dial<\/strong>. Este\u00a0<strong>bold 44mm timepiece<\/strong>\u00a0features a case and bezel crafted from\u00a0<strong>lightweight and durable titanium<\/strong>, finished in a contemporary silver tone.<\/p>\n<p>Os seus\u00a0<strong>striking silver-toned skeleton dial<\/strong>\u00a0provides a full view of the intricate\u00a0<strong>automatic chronograph movement<\/strong>\u00a0and its decorative bridges. The watch is powered by a\u00a0<strong>reliable Super Clone Unico automatic skeleton movement<\/strong>, replicating the complex functions and aesthetic of the original. It is fitted with a\u00a0<strong>comfortable black rubber strap<\/strong>\u00a0featuring the brand&#8217;s\u00a0<strong>patented Quick-Release system<\/strong>\u00a0for easy interchangeability.<\/p>\n<p>Engineered for a distinctive, modern statement, it provides a\u00a0<strong>Resist\u00eancia \u00e0 \u00e1gua de 50 metros<\/strong>\u00a0e est\u00e1 protegido por uma\u00a0<strong>vidro de safira resistente a riscos<\/strong>.<\/p>\n<p>&nbsp;<\/p>\n<p><strong>\u00a0<\/strong><\/p>","protected":false},"excerpt":{"rendered":"<p>The\u00a0Hublot Big Bang 421.NX.1170.RX SuperClone\u00a0is a\u00a0modern 1:1 replica\u00a0defined by its\u00a0technical silver skeleton dial. This\u00a0bold 44mm timepiece\u00a0features a case and bezel crafted from\u00a0lightweight and durable titanium, finished in a contemporary silver tone. Its\u00a0striking silver-toned skeleton dial\u00a0provides a full view of the intricate\u00a0automatic chronograph movement\u00a0and its decorative bridges. The watch is powered by a\u00a0reliable Super Clone Unico [&hellip;]<\/p>","protected":false},"featured_media":5161,"comment_status":"open","ping_status":"closed","template":"","meta":{"_acf_changed":false},"product_brand":[],"product_cat":[31],"product_tag":[],"class_list":{"0":"post-5264","1":"product","2":"type-product","3":"status-publish","4":"has-post-thumbnail","6":"product_cat-hublot","8":"first","9":"instock","10":"sale","11":"shipping-taxable","12":"purchasable","13":"product-type-simple"},"acf":[],"gallery_images":[5162,5163,5164,5157,5158,5159,5160],"_links":{"self":[{"href":"https:\/\/www.superclonewrist.com\/pt\/wp-json\/wp\/v2\/product\/5264","targetHints":{"allow":["GET"]}}],"collection":[{"href":"https:\/\/www.superclonewrist.com\/pt\/wp-json\/wp\/v2\/product"}],"about":[{"href":"https:\/\/www.superclonewrist.com\/pt\/wp-json\/wp\/v2\/types\/product"}],"replies":[{"embeddable":true,"href":"https:\/\/www.superclonewrist.com\/pt\/wp-json\/wp\/v2\/comments?post=5264"}],"wp:featuredmedia":[{"embeddable":true,"href":"https:\/\/www.superclonewrist.com\/pt\/wp-json\/wp\/v2\/media\/5161"}],"wp:attachment":[{"href":"https:\/\/www.superclonewrist.com\/pt\/wp-json\/wp\/v2\/media?parent=5264"}],"wp:term":[{"taxonomy":"product_brand","embeddable":true,"href":"https:\/\/www.superclonewrist.com\/pt\/wp-json\/wp\/v2\/product_brand?post=5264"},{"taxonomy":"product_cat","embeddable":true,"href":"https:\/\/www.superclonewrist.com\/pt\/wp-json\/wp\/v2\/product_cat?post=5264"},{"taxonomy":"product_tag","embeddable":true,"href":"https:\/\/www.superclonewrist.com\/pt\/wp-json\/wp\/v2\/product_tag?post=5264"}],"curies":[{"name":"wp","href":"https:\/\/api.w.org\/{rel}","templated":true}]}}