{"id":4568,"date":"2026-01-30T10:55:57","date_gmt":"2026-01-30T10:55:57","guid":{"rendered":"https:\/\/www.superclonewrist.com\/?post_type=product&#038;p=4568"},"modified":"2026-04-11T09:57:42","modified_gmt":"2026-04-11T09:57:42","slug":"omega-speedmaster-moonwatch-professional-310-60-42-50-02-001-white-dial-black-fabric-strap-42mm-11-superclone-watch","status":"publish","type":"product","link":"https:\/\/www.superclonewrist.com\/pt\/produto\/omega-speedmaster-moonwatch-professional-310-60-42-50-02-001-white-dial-black-fabric-strap-42mm-11-superclone-watch\/","title":{"rendered":"Omega-Speedmaster-Moonwatch-Professional-310.60.42.50.02.001-White-Dial-Black-Fabric-Strap-42mm   1:1 SuperClone Watch"},"content":{"rendered":"<p>O\u00a0<strong>Omega Speedmaster Moonwatch Professional White Dial SuperClone<\/strong>\u00a0\u00e9 um\u00a0<strong>r\u00e9plica cl\u00e1ssica 1:1<\/strong>\u00a0of the legendary chronograph. This\u00a0<strong>iconic 42mm watch<\/strong>\u00a0apresenta um\u00a0<strong>caixa s\u00f3lida em a\u00e7o inoxid\u00e1vel<\/strong>\u00a0and is fitted with a\u00a0<strong>durable black fabric strap<\/strong>\u00a0for a contemporary look.<\/p>\n<p>Os seus\u00a0<strong>high-contrast white dial<\/strong>\u00a0ensures optimal visibility of the\u00a0<strong>black tachymeter scale<\/strong>\u00a0e\u00a0<strong>chronograph sub-dials<\/strong>. O rel\u00f3gio \u00e9 alimentado por um\u00a0<strong>reliable Super Clone Omega manual-winding chronograph movement<\/strong>, replicating the authentic feel and function of the original.<\/p>\n<p>Engineered for daily wear and style, it provides a\u00a0<strong>Resist\u00eancia \u00e0 \u00e1gua de 50 metros<\/strong>\u00a0e est\u00e1 protegido por uma\u00a0<strong>scratch-resistant hesalite crystal<\/strong>.<\/p>","protected":false},"excerpt":{"rendered":"<p>The\u00a0Omega Speedmaster Moonwatch Professional White Dial SuperClone\u00a0is a\u00a0classic 1:1 replica\u00a0of the legendary chronograph. This\u00a0iconic 42mm watch\u00a0features a\u00a0solid stainless steel case\u00a0and is fitted with a\u00a0durable black fabric strap\u00a0for a contemporary look. Its\u00a0high-contrast white dial\u00a0ensures optimal visibility of the\u00a0black tachymeter scale\u00a0and\u00a0chronograph sub-dials. The watch is powered by a\u00a0reliable Super Clone Omega manual-winding chronograph movement, replicating the authentic [&hellip;]<\/p>","protected":false},"featured_media":4526,"comment_status":"open","ping_status":"closed","template":"","meta":{"_acf_changed":false},"product_brand":[],"product_cat":[34],"product_tag":[],"class_list":{"0":"post-4568","1":"product","2":"type-product","3":"status-publish","4":"has-post-thumbnail","6":"product_cat-omega","8":"first","9":"instock","10":"sale","11":"shipping-taxable","12":"purchasable","13":"product-type-simple"},"acf":[],"gallery_images":[4527,4528,4529,4520,4521,4522,4523,4524,4525],"_links":{"self":[{"href":"https:\/\/www.superclonewrist.com\/pt\/wp-json\/wp\/v2\/product\/4568","targetHints":{"allow":["GET"]}}],"collection":[{"href":"https:\/\/www.superclonewrist.com\/pt\/wp-json\/wp\/v2\/product"}],"about":[{"href":"https:\/\/www.superclonewrist.com\/pt\/wp-json\/wp\/v2\/types\/product"}],"replies":[{"embeddable":true,"href":"https:\/\/www.superclonewrist.com\/pt\/wp-json\/wp\/v2\/comments?post=4568"}],"wp:featuredmedia":[{"embeddable":true,"href":"https:\/\/www.superclonewrist.com\/pt\/wp-json\/wp\/v2\/media\/4526"}],"wp:attachment":[{"href":"https:\/\/www.superclonewrist.com\/pt\/wp-json\/wp\/v2\/media?parent=4568"}],"wp:term":[{"taxonomy":"product_brand","embeddable":true,"href":"https:\/\/www.superclonewrist.com\/pt\/wp-json\/wp\/v2\/product_brand?post=4568"},{"taxonomy":"product_cat","embeddable":true,"href":"https:\/\/www.superclonewrist.com\/pt\/wp-json\/wp\/v2\/product_cat?post=4568"},{"taxonomy":"product_tag","embeddable":true,"href":"https:\/\/www.superclonewrist.com\/pt\/wp-json\/wp\/v2\/product_tag?post=4568"}],"curies":[{"name":"wp","href":"https:\/\/api.w.org\/{rel}","templated":true}]}}