{"id":4563,"date":"2026-01-30T10:14:42","date_gmt":"2026-01-30T10:14:42","guid":{"rendered":"https:\/\/www.superclonewrist.com\/?post_type=product&#038;p=4563"},"modified":"2026-04-11T10:32:09","modified_gmt":"2026-04-11T10:32:09","slug":"omega-speedmaster-silver-snoopy-award-50th-anniversary-310-32-42-50-02-001-42mm-11-superclone-watch","status":"publish","type":"product","link":"https:\/\/www.superclonewrist.com\/pt\/produto\/omega-speedmaster-silver-snoopy-award-50th-anniversary-310-32-42-50-02-001-42mm-11-superclone-watch\/","title":{"rendered":"Omega-SpeedMaster-\u201cSilver Snoopy Award\u201d 50th-Anniversary-310.32.42.50.02.001-42mm   1:1 SuperClone Watch"},"content":{"rendered":"<p>O\u00a0<strong>Omega Speedmaster \u201cSilver Snoopy Award\u201d 50th Anniversary SuperClone<\/strong>\u00a0\u00e9 um\u00a0<strong>highly distinctive 1:1 replica<\/strong>\u00a0of the iconic commemorative timepiece. This\u00a0<strong>42mm watch<\/strong>\u00a0apresenta um\u00a0<strong>caixa s\u00f3lida em a\u00e7o inoxid\u00e1vel<\/strong>\u00a0e um\u00a0<strong>matching stainless steel bracelet<\/strong>.<\/p>\n<p>Os seus\u00a0<strong>striking <\/strong><strong>White<\/strong><strong> dial<\/strong>\u00a0includes the\u00a0<strong>special Snoopy cartoon sub-dial<\/strong>\u00a0e\u00a0<strong>blue ceramic tachymeter bezel<\/strong>. The\u00a0<strong>exhibition case back<\/strong>\u00a0reveals the\u00a0<strong>detailed Snoopy animation module<\/strong>\u00a0on the\u00a0<strong>reliable Super Clone Omega manual-winding chronograph movement<\/strong>.<\/p>\n<p>Engineered for collectors and enthusiasts, it provides a\u00a0<strong>Resist\u00eancia \u00e0 \u00e1gua de 50 metros<\/strong>\u00a0e est\u00e1 protegido por uma\u00a0<strong>vidro de safira resistente a riscos<\/strong>.<\/p>","protected":false},"excerpt":{"rendered":"<p>The\u00a0Omega Speedmaster \u201cSilver Snoopy Award\u201d 50th Anniversary SuperClone\u00a0is a\u00a0highly distinctive 1:1 replica\u00a0of the iconic commemorative timepiece. This\u00a042mm watch\u00a0features a\u00a0solid stainless steel case\u00a0and a\u00a0matching stainless steel bracelet. Its\u00a0striking White dial\u00a0includes the\u00a0special Snoopy cartoon sub-dial\u00a0and\u00a0blue ceramic tachymeter bezel. The\u00a0exhibition case back\u00a0reveals the\u00a0detailed Snoopy animation module\u00a0on the\u00a0reliable Super Clone Omega manual-winding chronograph movement. Engineered for collectors and enthusiasts, [&hellip;]<\/p>","protected":false},"featured_media":4498,"comment_status":"open","ping_status":"closed","template":"","meta":{"_acf_changed":false},"product_brand":[],"product_cat":[34],"product_tag":[49],"class_list":{"0":"post-4563","1":"product","2":"type-product","3":"status-publish","4":"has-post-thumbnail","6":"product_cat-omega","7":"product_tag-most-selling","9":"first","10":"instock","11":"sale","12":"shipping-taxable","13":"purchasable","14":"product-type-simple"},"acf":[],"gallery_images":[4499,4500,4501,4502,4503,4504,4505,4506,4507,4494,4495,4496,4497],"_links":{"self":[{"href":"https:\/\/www.superclonewrist.com\/pt\/wp-json\/wp\/v2\/product\/4563","targetHints":{"allow":["GET"]}}],"collection":[{"href":"https:\/\/www.superclonewrist.com\/pt\/wp-json\/wp\/v2\/product"}],"about":[{"href":"https:\/\/www.superclonewrist.com\/pt\/wp-json\/wp\/v2\/types\/product"}],"replies":[{"embeddable":true,"href":"https:\/\/www.superclonewrist.com\/pt\/wp-json\/wp\/v2\/comments?post=4563"}],"wp:featuredmedia":[{"embeddable":true,"href":"https:\/\/www.superclonewrist.com\/pt\/wp-json\/wp\/v2\/media\/4498"}],"wp:attachment":[{"href":"https:\/\/www.superclonewrist.com\/pt\/wp-json\/wp\/v2\/media?parent=4563"}],"wp:term":[{"taxonomy":"product_brand","embeddable":true,"href":"https:\/\/www.superclonewrist.com\/pt\/wp-json\/wp\/v2\/product_brand?post=4563"},{"taxonomy":"product_cat","embeddable":true,"href":"https:\/\/www.superclonewrist.com\/pt\/wp-json\/wp\/v2\/product_cat?post=4563"},{"taxonomy":"product_tag","embeddable":true,"href":"https:\/\/www.superclonewrist.com\/pt\/wp-json\/wp\/v2\/product_tag?post=4563"}],"curies":[{"name":"wp","href":"https:\/\/api.w.org\/{rel}","templated":true}]}}