{"id":4402,"date":"2026-01-26T07:58:35","date_gmt":"2026-01-26T07:58:35","guid":{"rendered":"https:\/\/www.superclonewrist.com\/?post_type=product&#038;p=4402"},"modified":"2026-04-11T08:09:38","modified_gmt":"2026-04-11T08:09:38","slug":"omega-seamaster-james-bond-blue-dial-210-30-42-20-03-002-42mm-11-superclone-watch","status":"publish","type":"product","link":"https:\/\/www.superclonewrist.com\/pt\/produto\/omega-seamaster-james-bond-blue-dial-210-30-42-20-03-002-42mm-11-superclone-watch\/","title":{"rendered":"Omega-Seamaster-James-Bond-Blue-Dial-210.30.42.20.03.002-42mm 1:1 SuperClone Watch"},"content":{"rendered":"<p>O\u00a0<strong>Omega Seamaster Diver 300M James Bond Edition SuperClone<\/strong>\u00a0\u00e9 um\u00a0<strong>r\u00e9plica distintiva 1:1<\/strong>\u00a0inspired by the iconic film series. This\u00a0<strong>professional 42mm dive watch<\/strong>\u00a0apresenta um\u00a0<strong>caixa s\u00f3lida em a\u00e7o inoxid\u00e1vel<\/strong>\u00a0paired with a\u00a0<strong>stainless steel Milanese mesh bracelet<\/strong>\u00a0for a classic and robust look.<\/p>\n<p>Os seus\u00a0<strong>striking blue ceramic dial<\/strong>\u00a0showcases the signature\u00a0<strong>laser-engraved wave pattern<\/strong>, ensuring high legibility and visual appeal. The watch is powered by a\u00a0<strong>reliable Super Clone Omega Co-Axial automatic movement<\/strong>, delivering accurate timekeeping and date functionality. For timing, it features a\u00a0<strong>blue ceramic unidirectional rotating bezel<\/strong>.<\/p>\n<p>Engineered for daily performance, it offers a\u00a0<strong>Resist\u00eancia \u00e0 \u00e1gua de 50 metros<\/strong>\u00a0e est\u00e1 protegido por uma\u00a0<strong>vidro de safira resistente a riscos<\/strong>.<\/p>","protected":false},"excerpt":{"rendered":"<p>The\u00a0Omega Seamaster Diver 300M James Bond Edition SuperClone\u00a0is a\u00a0distinctive 1:1 replica\u00a0inspired by the iconic film series. This\u00a0professional 42mm dive watch\u00a0features a\u00a0solid stainless steel case\u00a0paired with a\u00a0stainless steel Milanese mesh bracelet\u00a0for a classic and robust look. Its\u00a0striking blue ceramic dial\u00a0showcases the signature\u00a0laser-engraved wave pattern, ensuring high legibility and visual appeal. The watch is powered by a\u00a0reliable [&hellip;]<\/p>","protected":false},"featured_media":4367,"comment_status":"open","ping_status":"closed","template":"","meta":{"_acf_changed":false},"product_brand":[],"product_cat":[34],"product_tag":[],"class_list":{"0":"post-4402","1":"product","2":"type-product","3":"status-publish","4":"has-post-thumbnail","6":"product_cat-omega","8":"first","9":"instock","10":"sale","11":"shipping-taxable","12":"purchasable","13":"product-type-simple"},"acf":[],"gallery_images":[4368,4369,4370,4371,4372,4373],"_links":{"self":[{"href":"https:\/\/www.superclonewrist.com\/pt\/wp-json\/wp\/v2\/product\/4402","targetHints":{"allow":["GET"]}}],"collection":[{"href":"https:\/\/www.superclonewrist.com\/pt\/wp-json\/wp\/v2\/product"}],"about":[{"href":"https:\/\/www.superclonewrist.com\/pt\/wp-json\/wp\/v2\/types\/product"}],"replies":[{"embeddable":true,"href":"https:\/\/www.superclonewrist.com\/pt\/wp-json\/wp\/v2\/comments?post=4402"}],"wp:featuredmedia":[{"embeddable":true,"href":"https:\/\/www.superclonewrist.com\/pt\/wp-json\/wp\/v2\/media\/4367"}],"wp:attachment":[{"href":"https:\/\/www.superclonewrist.com\/pt\/wp-json\/wp\/v2\/media?parent=4402"}],"wp:term":[{"taxonomy":"product_brand","embeddable":true,"href":"https:\/\/www.superclonewrist.com\/pt\/wp-json\/wp\/v2\/product_brand?post=4402"},{"taxonomy":"product_cat","embeddable":true,"href":"https:\/\/www.superclonewrist.com\/pt\/wp-json\/wp\/v2\/product_cat?post=4402"},{"taxonomy":"product_tag","embeddable":true,"href":"https:\/\/www.superclonewrist.com\/pt\/wp-json\/wp\/v2\/product_tag?post=4402"}],"curies":[{"name":"wp","href":"https:\/\/api.w.org\/{rel}","templated":true}]}}