{"id":4347,"date":"2026-01-26T04:00:37","date_gmt":"2026-01-26T04:00:37","guid":{"rendered":"https:\/\/www.superclonewrist.com\/?post_type=product&#038;p=4347"},"modified":"2026-04-11T08:06:55","modified_gmt":"2026-04-11T08:06:55","slug":"omega-seamaster-diver-300m-bronze-gold-210-90-42-20-01-003-42mm-11-superclone-watch","status":"publish","type":"product","link":"https:\/\/www.superclonewrist.com\/pt\/produto\/omega-seamaster-diver-300m-bronze-gold-210-90-42-20-01-003-42mm-11-superclone-watch\/","title":{"rendered":"Omega-Seamaster-Diver-300M-Bronze-Gold-210.90.42.20.01.003-42mm 1:1 SuperClone Watch"},"content":{"rendered":"<p>O\u00a0<strong>Omega Seamaster Diver 300M Bronze Gold SuperClone<\/strong>\u00a0\u00e9 um\u00a0<strong>r\u00e9plica distintiva 1:1<\/strong>\u00a0com um\u00a0<strong>warm bronze gold PVD-coated case<\/strong>. Este\u00a0<strong>42mm luxury sports watch<\/strong>\u00a0is paired with a\u00a0<strong>stainless steel Milanese mesh bracelet<\/strong>, creating a unique vintage-inspired aesthetic.<\/p>\n<p>Os seus\u00a0<strong>brown ceramic dial<\/strong>\u00a0e\u00a0<strong>matching brown ceramic unidirectional bezel<\/strong>\u00a0complement the case material, with both featuring the iconic\u00a0<strong>wave pattern<\/strong>\u00a0for enhanced visual texture. The watch is powered by a\u00a0<strong>reliable Super Clone Omega Co-Axial <\/strong><strong>8806 <\/strong><strong>automatic movement<\/strong>, ensuring accurate and consistent timekeeping.<\/p>\n<p>Designed for style and durability, it offers a\u00a0<strong>Resist\u00eancia \u00e0 \u00e1gua de 50 metros<\/strong>\u00a0e est\u00e1 protegido por uma\u00a0<strong>vidro de safira resistente a riscos<\/strong>.<\/p>","protected":false},"excerpt":{"rendered":"<p>The\u00a0Omega Seamaster Diver 300M Bronze Gold SuperClone\u00a0is a\u00a0distinctive 1:1 replica\u00a0featuring a\u00a0warm bronze gold PVD-coated case. This\u00a042mm luxury sports watch\u00a0is paired with a\u00a0stainless steel Milanese mesh bracelet, creating a unique vintage-inspired aesthetic. Its\u00a0brown ceramic dial\u00a0and\u00a0matching brown ceramic unidirectional bezel\u00a0complement the case material, with both featuring the iconic\u00a0wave pattern\u00a0for enhanced visual texture. The watch is powered by [&hellip;]<\/p>","protected":false},"featured_media":4330,"comment_status":"open","ping_status":"closed","template":"","meta":{"_acf_changed":false},"product_brand":[],"product_cat":[34],"product_tag":[],"class_list":{"0":"post-4347","1":"product","2":"type-product","3":"status-publish","4":"has-post-thumbnail","6":"product_cat-omega","8":"first","9":"instock","10":"sale","11":"shipping-taxable","12":"purchasable","13":"product-type-simple"},"acf":[],"gallery_images":[4331,4332,4333,4334,4335,4326,4327,4328,4329],"_links":{"self":[{"href":"https:\/\/www.superclonewrist.com\/pt\/wp-json\/wp\/v2\/product\/4347","targetHints":{"allow":["GET"]}}],"collection":[{"href":"https:\/\/www.superclonewrist.com\/pt\/wp-json\/wp\/v2\/product"}],"about":[{"href":"https:\/\/www.superclonewrist.com\/pt\/wp-json\/wp\/v2\/types\/product"}],"replies":[{"embeddable":true,"href":"https:\/\/www.superclonewrist.com\/pt\/wp-json\/wp\/v2\/comments?post=4347"}],"wp:featuredmedia":[{"embeddable":true,"href":"https:\/\/www.superclonewrist.com\/pt\/wp-json\/wp\/v2\/media\/4330"}],"wp:attachment":[{"href":"https:\/\/www.superclonewrist.com\/pt\/wp-json\/wp\/v2\/media?parent=4347"}],"wp:term":[{"taxonomy":"product_brand","embeddable":true,"href":"https:\/\/www.superclonewrist.com\/pt\/wp-json\/wp\/v2\/product_brand?post=4347"},{"taxonomy":"product_cat","embeddable":true,"href":"https:\/\/www.superclonewrist.com\/pt\/wp-json\/wp\/v2\/product_cat?post=4347"},{"taxonomy":"product_tag","embeddable":true,"href":"https:\/\/www.superclonewrist.com\/pt\/wp-json\/wp\/v2\/product_tag?post=4347"}],"curies":[{"name":"wp","href":"https:\/\/api.w.org\/{rel}","templated":true}]}}