{"id":2838,"date":"2025-12-29T07:34:12","date_gmt":"2025-12-29T07:34:12","guid":{"rendered":"https:\/\/www.superclonewrist.com\/?post_type=product&#038;p=2838"},"modified":"2026-04-11T11:24:37","modified_gmt":"2026-04-11T11:24:37","slug":"rolex-116508-daytona-mother-of-pearl-dial-gold-case-40mm-11-super-clone-watches","status":"publish","type":"product","link":"https:\/\/www.superclonewrist.com\/pt\/produto\/rolex-116508-daytona-mother-of-pearl-dial-gold-case-40mm-11-super-clone-watches\/","title":{"rendered":"Rolex-116508-Daytona-Mother-Of-Pearl-Dial-Gold-Case-40mm 1:1 Super Clone Rel\u00f3gios"},"content":{"rendered":"<p><strong><b>Arte da Natureza, emoldurada a ouro<\/b><\/strong><\/p>\n<p>Experimente uma s\u00edntese deslumbrante de beleza org\u00e2nica e prest\u00edgio relojoeiro. Este super clone 1:1 do Rolex Daytona 116508 eleva o ic\u00f3nico cron\u00f3grafo com um deslumbrante mostrador em madrep\u00e9rola genu\u00edna, primorosamente enquadrado por uma caixa e bracelete totalmente em ouro amarelo. \u00c9 uma obra-prima em que n\u00e3o h\u00e1 dois mostradores iguais, oferecendo um espet\u00e1culo \u00fanico de luz e cor aliado a um luxo sem compromissos.<\/p>\n<p>A alma deste rel\u00f3gio \u00e9 o seu cativante mostrador em madrep\u00e9rola. Cada mostrador \u00e9 trabalhado a partir de uma pe\u00e7a \u00fanica de concha de p\u00e9rola genu\u00edna, garantindo que cada rel\u00f3gio possui um padr\u00e3o \u00fanico e iridescente que alterna entre o branco suave, o prateado e subtis arco-\u00edris de cor. Esta maravilha natural est\u00e1 alojada no abra\u00e7o quente e radiante de uma caixa em ouro amarelo maci\u00e7o e de uma bracelete Oyster, com acabamento com o nosso avan\u00e7ado\u00a0<strong><b>Revestimento em ouro amarelo IP<\/b><\/strong>\u00a0tecnologia. Este processo cria uma liga\u00e7\u00e3o molecular que replica o peso substancial, a cor rica e o brilho duradouro do ouro maci\u00e7o de 18K.<\/p>\n<p>A alimentar esta pe\u00e7a requintada est\u00e1 o lend\u00e1rio\u00a0<strong><b>Movimento Super Clone 4130<\/b><\/strong>, Este movimento \u00e9 conhecido como o calibre de cron\u00f3grafo replicado mais fi\u00e1vel. Este movimento de corda autom\u00e1tica totalmente integrado apresenta uma roda de colunas genu\u00edna e uma embraiagem vertical, assegurando que todas as fun\u00e7\u00f5es de cronometragem funcionam com uma precis\u00e3o instant\u00e2nea e impec\u00e1vel. O seu desempenho \u00e9 o cora\u00e7\u00e3o firme por baixo do exterior deslumbrante.<\/p>\n<p>Criado para uma presen\u00e7a magn\u00edfica, o rel\u00f3gio apresenta a robusta caixa Oyster de 40 mm e a ic\u00f3nica bracelete de tr\u00eas elos, tudo com acabamento em ouro amarelo IP profundo e luxuoso. O\u00a0<strong><b>A luneta taquim\u00e9trica \u00e9 fabricada em a\u00e7o inoxid\u00e1vel polido<\/b><\/strong>, O seu design \u00e9 um complemento cl\u00e1ssico e duradouro para a caixa em ouro. Com uma resist\u00eancia \u00e0 \u00e1gua de 50 metros, foi concebido para uma vida de eleg\u00e2ncia refinada.<\/p>","protected":false},"excerpt":{"rendered":"<p>Este Daytona em madrep\u00e9rola e ouro \u00e9 a express\u00e3o m\u00e1xima do luxo individual. Re\u00fane a mec\u00e2nica comprovada e de elevado desempenho do\u00a0<strong><b>Movimento Super Clone 4130<\/b><\/strong>\u00a0com a beleza \u00fanica e em constante mudan\u00e7a da natureza e a opul\u00eancia intemporal do ouro - uma declara\u00e7\u00e3o definitiva para o colecionador exigente que valoriza a raridade e o legado\u3002<\/p>","protected":false},"featured_media":2563,"comment_status":"open","ping_status":"closed","template":"","meta":{"_acf_changed":false},"product_brand":[],"product_cat":[18,35,36],"product_tag":[],"class_list":{"0":"post-2838","1":"product","2":"type-product","3":"status-publish","4":"has-post-thumbnail","6":"product_cat-rolex","7":"product_cat-modified","8":"product_cat-daytona","10":"first","11":"instock","12":"sale","13":"shipping-taxable","14":"purchasable","15":"product-type-simple"},"acf":[],"gallery_images":[2566,2567,2568,2569,2570,2571,2572],"_links":{"self":[{"href":"https:\/\/www.superclonewrist.com\/pt\/wp-json\/wp\/v2\/product\/2838","targetHints":{"allow":["GET"]}}],"collection":[{"href":"https:\/\/www.superclonewrist.com\/pt\/wp-json\/wp\/v2\/product"}],"about":[{"href":"https:\/\/www.superclonewrist.com\/pt\/wp-json\/wp\/v2\/types\/product"}],"replies":[{"embeddable":true,"href":"https:\/\/www.superclonewrist.com\/pt\/wp-json\/wp\/v2\/comments?post=2838"}],"wp:featuredmedia":[{"embeddable":true,"href":"https:\/\/www.superclonewrist.com\/pt\/wp-json\/wp\/v2\/media\/2563"}],"wp:attachment":[{"href":"https:\/\/www.superclonewrist.com\/pt\/wp-json\/wp\/v2\/media?parent=2838"}],"wp:term":[{"taxonomy":"product_brand","embeddable":true,"href":"https:\/\/www.superclonewrist.com\/pt\/wp-json\/wp\/v2\/product_brand?post=2838"},{"taxonomy":"product_cat","embeddable":true,"href":"https:\/\/www.superclonewrist.com\/pt\/wp-json\/wp\/v2\/product_cat?post=2838"},{"taxonomy":"product_tag","embeddable":true,"href":"https:\/\/www.superclonewrist.com\/pt\/wp-json\/wp\/v2\/product_tag?post=2838"}],"curies":[{"name":"wp","href":"https:\/\/api.w.org\/{rel}","templated":true}]}}