{"id":2367,"date":"2025-12-25T09:01:17","date_gmt":"2025-12-25T09:01:17","guid":{"rendered":"https:\/\/www.superclonewrist.com\/?post_type=product&#038;p=2367"},"modified":"2026-04-11T11:02:44","modified_gmt":"2026-04-11T11:02:44","slug":"rolex-datejust-278275-moissanite-white-mother-of-pearl-dial-31mm-11-super-clone-watches","status":"publish","type":"product","link":"https:\/\/www.superclonewrist.com\/pt\/produto\/rolex-datejust-278275-moissanite-white-mother-of-pearl-dial-31mm-11-super-clone-watches\/","title":{"rendered":"Rolex-DateJust-278275-Moissanite-Branco-M\u00e3e-de-p\u00e9rola-Dial-31mm 1:1 Super Clone Rel\u00f3gios"},"content":{"rendered":"<ol>\n<li><strong> Est\u00e9tica cl\u00e1ssica, brilho perolado e fogo de pedra preciosa<\/strong><br \/>\nDentro da silhueta cl\u00e1ssica do DateJust, este modelo incorpora dois materiais preciosos, criando uma tape\u00e7aria visual rica que \u00e9 simultaneamente suave e cintilante.<br \/>\n<strong>Mostrador em madrep\u00e9rola branca e moissanite:<\/strong>O mostrador \u00e9 trabalhado a partir de madrep\u00e9rola branca \u00fanica, onde cada veio transporta a magia da luz natural, mudando para revelar tons suaves de rosa e azul com o movimento. Os marcadores de moissanite colocados no mostrador proporcionam uma chama constante, semelhante \u00e0 do diamante, criando uma intrigante intera\u00e7\u00e3o entre brilho e cintila\u00e7\u00e3o, combinando arte e luxo.<br \/>\n<strong>Caixa e luneta canelada em a\u00e7o 904L:<\/strong>O caso e o ic\u00f3nico\u00a0<strong>moldura canelada<\/strong>\u00a0s\u00e3o ambos fabricados com materiais robustos e altamente polidos\u00a0<strong>A\u00e7o 904L<\/strong>. A luneta \u00e9 finamente acabada para refletir brilhos n\u00edtidos, formando um contraste agrad\u00e1vel com o brilho suave do mostrador e definindo o perfil cl\u00e1ssico.<br \/>\n<strong>Pulseira do Jubileu:<\/strong>\u00a0A pulseira Jubileu de cinco pe\u00e7as com elos \u00e9 tamb\u00e9m meticulosamente trabalhada a partir de\u00a0<strong>A\u00e7o 904L<\/strong>. A sua reconhecida suavidade e adapta\u00e7\u00e3o garantem o m\u00e1ximo conforto de utiliza\u00e7\u00e3o, e o seu design elegante permanece intemporal.<\/li>\n<li><strong> O Cora\u00e7\u00e3o Preciso: Movimento do Super Clone 2236<\/strong><br \/>\nSob o exterior encantador encontra-se um n\u00facleo mec\u00e2nico preciso e fi\u00e1vel, que vigia cada momento.<br \/>\n<strong>Cronometragem est\u00e1vel e reserva de marcha suficiente:<\/strong>Alimentado pelo\u00a0<strong>Movimento de corda autom\u00e1tica Super Clone Caliber 2236<\/strong>, O seu design \u00e9 muito simples, oferece uma reserva de energia de aproximadamente\u00a0<strong>55 horas<\/strong>, O rel\u00f3gio \u00e9 um rel\u00f3gio de pulso, que oferece uma cronometragem precisa e est\u00e1vel que acompanha sem esfor\u00e7o o ritmo da vida quotidiana.<br \/>\n<strong>Fiabilidade garantida:<\/strong>O movimento \u00e9 constru\u00eddo com boa resist\u00eancia ao choque e anti-magn\u00e9tica, garantindo um desempenho consistente e sem preocupa\u00e7\u00f5es durante v\u00e1rias actividades di\u00e1rias.<br \/>\n<strong>Defini\u00e7\u00e3o c\u00f3moda:<\/strong>\u00a0A coroa Twinlock \u00e0 prova de \u00e1gua aparafusada, embora pequena, oferece um funcionamento claro e positivo para um ajuste f\u00e1cil e seguro da hora e da data.<\/li>\n<li><strong> Artesanato requintado, luxo quotidiano<\/strong><br \/>\nO requintado trabalho artesanal confere n\u00e3o s\u00f3 uma apar\u00eancia cativante, mas tamb\u00e9m assegura a robustez e o car\u00e1cter pr\u00e1tico necess\u00e1rios para um rel\u00f3gio di\u00e1rio.<br \/>\n<strong>Arquitetura robusta da Ostra:<\/strong>A caixa central monobloco e o fundo da caixa aparafusado proporcionam uma\u00a0<strong>50 metros<\/strong>resist\u00eancia \u00e0 \u00e1gua, suportando facilmente a exposi\u00e7\u00e3o di\u00e1ria \u00e0 \u00e1gua proveniente da lavagem das m\u00e3os ou de salpicos.<br \/>\n<strong>Cristal de safira abobadado resistente a riscos:<\/strong>\u00a0Um vidro de safira abaulado oferece clareza e resist\u00eancia a riscos, protegendo perfeitamente o mostrador e permitindo que a iridesc\u00eancia da madrep\u00e9rola e o fogo da moissanite sejam exibidos em toda a sua gl\u00f3ria.<br \/>\n<strong>Fecho oculto:<\/strong>\u00a0A bracelete Jubileu est\u00e1 equipada com uma\u00a0<strong>Fecho de coroa oculto<\/strong>. Abre e fecha suavemente e bloqueia de forma segura. O seu design plano e discreto integra-se perfeitamente na bracelete, garantindo a seguran\u00e7a ao mesmo tempo que mant\u00e9m o perfil limpo e fluido do rel\u00f3gio e a sua est\u00e9tica geral.<\/li>\n<\/ol>","protected":false},"excerpt":{"rendered":"<p>A iridesc\u00eancia suave alia-se ao brilho cintilante. Este super clone 1:1 do Rolex DateJust interpreta uma faceta graciosa e luxuosa da cole\u00e7\u00e3o na sua refinada\u00a0<strong>31 mm<\/strong>\u00a0tamanho. O mostrador em madrep\u00e9rola branca imaculada flui com uma iridesc\u00eancia natural e sonhadora, suavemente entrela\u00e7ada com os brilhantes marcadores em moissanite nele colocados, tudo emoldurado pela cl\u00e1ssica luneta canelada e pela suave bracelete Jubileu. Combina na perfei\u00e7\u00e3o a d\u00e1diva da natureza com a arte humana, irradiando um brilho feminino suave mas cativante no pulso.<\/p>","protected":false},"featured_media":2324,"comment_status":"open","ping_status":"closed","template":"","meta":{"_acf_changed":false},"product_brand":[],"product_cat":[18,40],"product_tag":[],"class_list":{"0":"post-2367","1":"product","2":"type-product","3":"status-publish","4":"has-post-thumbnail","6":"product_cat-rolex","7":"product_cat-datejust","9":"first","10":"instock","11":"sale","12":"shipping-taxable","13":"purchasable","14":"product-type-simple"},"acf":[],"gallery_images":[2323,2325,2326,2327],"_links":{"self":[{"href":"https:\/\/www.superclonewrist.com\/pt\/wp-json\/wp\/v2\/product\/2367","targetHints":{"allow":["GET"]}}],"collection":[{"href":"https:\/\/www.superclonewrist.com\/pt\/wp-json\/wp\/v2\/product"}],"about":[{"href":"https:\/\/www.superclonewrist.com\/pt\/wp-json\/wp\/v2\/types\/product"}],"replies":[{"embeddable":true,"href":"https:\/\/www.superclonewrist.com\/pt\/wp-json\/wp\/v2\/comments?post=2367"}],"wp:featuredmedia":[{"embeddable":true,"href":"https:\/\/www.superclonewrist.com\/pt\/wp-json\/wp\/v2\/media\/2324"}],"wp:attachment":[{"href":"https:\/\/www.superclonewrist.com\/pt\/wp-json\/wp\/v2\/media?parent=2367"}],"wp:term":[{"taxonomy":"product_brand","embeddable":true,"href":"https:\/\/www.superclonewrist.com\/pt\/wp-json\/wp\/v2\/product_brand?post=2367"},{"taxonomy":"product_cat","embeddable":true,"href":"https:\/\/www.superclonewrist.com\/pt\/wp-json\/wp\/v2\/product_cat?post=2367"},{"taxonomy":"product_tag","embeddable":true,"href":"https:\/\/www.superclonewrist.com\/pt\/wp-json\/wp\/v2\/product_tag?post=2367"}],"curies":[{"name":"wp","href":"https:\/\/api.w.org\/{rel}","templated":true}]}}