{"id":1617,"date":"2025-12-12T08:07:03","date_gmt":"2025-12-12T08:07:03","guid":{"rendered":"https:\/\/www.superclonewrist.com\/?post_type=product&#038;p=1617"},"modified":"2026-04-11T10:19:42","modified_gmt":"2026-04-11T10:19:42","slug":"rolex-oyster-perpetual-116622-yacht-master-40mm-11-super-clone-watches-2","status":"publish","type":"product","link":"https:\/\/www.superclonewrist.com\/pt\/produto\/rolex-oyster-perpetual-116622-yacht-master-40mm-11-super-clone-watches-2\/","title":{"rendered":"Rolex-Oyster-Perpetual-116622-Yacht-Master-40mm 1:1 Super Clone Rel\u00f3gios"},"content":{"rendered":"<p><strong><b>Movimento avan\u00e7ado do Super Clone 3135<\/b><\/strong><\/p>\n<ul>\n<li><strong><b>Desempenho de precis\u00e3o<\/b><\/strong>: Regulamentado at\u00e9 ao limite\u00a0<strong><b>\u00b12 segundos por dia<\/b><\/strong>\u00a0para uma precis\u00e3o excecional<\/li>\n<li><strong><b>Reserva de energia fi\u00e1vel<\/b><\/strong>: Reserva de energia de 48 horas para um desempenho consistente<\/li>\n<li><strong><b>Altera\u00e7\u00e3o instant\u00e2nea da data<\/b><\/strong>: Fun\u00e7\u00e3o de data de acerto r\u00e1pido com mecanismo de paragem de segundos<\/li>\n<li><strong><b>Durabilidade comprovada<\/b><\/strong>: Baseado no lend\u00e1rio calibre 3135 da Rolex<\/li>\n<\/ul>\n<p><strong><b>Artesanato de primeira qualidade<\/b><\/strong><\/p>\n<ul>\n<li><strong><b>A\u00e7o inoxid\u00e1vel 904L<\/b><\/strong>: A\u00e7o de qualidade superior utilizado na caixa e na bracelete Oyster<\/li>\n<li><strong><b>Moldura de platina<\/b><\/strong>: Luneta bidirecional em platina com n\u00fameros em relevo<\/li>\n<li><strong><b>Mostrador azul Excellence<\/b><\/strong>: Impressionante mostrador azul com marcadores Chromalight<\/li>\n<li><strong><b>Resist\u00eancia \u00e0 \u00e1gua profissional<\/b><\/strong>: Classifica\u00e7\u00e3o de 50 metros para actividades mar\u00edtimas<\/li>\n<\/ul>\n<p><strong><b>Excel\u00eancia em design<\/b><\/strong><\/p>\n<ul>\n<li><strong><b>Caixa de 40 mm<\/b><\/strong>: Propor\u00e7\u00f5es perfeitas para uma utiliza\u00e7\u00e3o vers\u00e1til<\/li>\n<li><strong><b>Pulseira Oyster<\/b><\/strong>: Elos confort\u00e1veis de tr\u00eas pe\u00e7as com fecho Oysterlock rebat\u00edvel<\/li>\n<li><strong><b>Legibilidade melhorada<\/b><\/strong>: Cristal de safira resistente a riscos com amplia\u00e7\u00e3o de data Cyclops<\/li>\n<li><strong><b>Carater\u00edsticas mar\u00edtimas<\/b><\/strong>: Luneta rotativa bidirecional para a cronometragem da navega\u00e7\u00e3o<\/li>\n<\/ul>","protected":false},"excerpt":{"rendered":"<p><strong><b>Experimente a express\u00e3o m\u00e1xima da sofistica\u00e7\u00e3o mar\u00edtima com este excecional super clone 1:1 do Rolex Yacht-Master 116622. Com a ic\u00f3nica luneta em platina e o deslumbrante mostrador azul, este rel\u00f3gio representa o equil\u00edbrio perfeito entre a heran\u00e7a n\u00e1utica da Rolex e a eleg\u00e2ncia contempor\u00e2nea. Meticulosamente concebido para reproduzir todos os pormenores da obra-prima genu\u00edna, este super clone proporciona uma precis\u00e3o e um estilo inigual\u00e1veis.<\/b><\/strong><\/p>","protected":false},"featured_media":1510,"comment_status":"open","ping_status":"closed","template":"","meta":{"_acf_changed":false},"product_brand":[],"product_cat":[18,42],"product_tag":[],"class_list":{"0":"post-1617","1":"product","2":"type-product","3":"status-publish","4":"has-post-thumbnail","6":"product_cat-rolex","7":"product_cat-yacht-master","9":"first","10":"instock","11":"sale","12":"shipping-taxable","13":"purchasable","14":"product-type-simple"},"acf":[],"gallery_images":[1511,1512,1514,1513,3970,3969],"_links":{"self":[{"href":"https:\/\/www.superclonewrist.com\/pt\/wp-json\/wp\/v2\/product\/1617","targetHints":{"allow":["GET"]}}],"collection":[{"href":"https:\/\/www.superclonewrist.com\/pt\/wp-json\/wp\/v2\/product"}],"about":[{"href":"https:\/\/www.superclonewrist.com\/pt\/wp-json\/wp\/v2\/types\/product"}],"replies":[{"embeddable":true,"href":"https:\/\/www.superclonewrist.com\/pt\/wp-json\/wp\/v2\/comments?post=1617"}],"wp:featuredmedia":[{"embeddable":true,"href":"https:\/\/www.superclonewrist.com\/pt\/wp-json\/wp\/v2\/media\/1510"}],"wp:attachment":[{"href":"https:\/\/www.superclonewrist.com\/pt\/wp-json\/wp\/v2\/media?parent=1617"}],"wp:term":[{"taxonomy":"product_brand","embeddable":true,"href":"https:\/\/www.superclonewrist.com\/pt\/wp-json\/wp\/v2\/product_brand?post=1617"},{"taxonomy":"product_cat","embeddable":true,"href":"https:\/\/www.superclonewrist.com\/pt\/wp-json\/wp\/v2\/product_cat?post=1617"},{"taxonomy":"product_tag","embeddable":true,"href":"https:\/\/www.superclonewrist.com\/pt\/wp-json\/wp\/v2\/product_tag?post=1617"}],"curies":[{"name":"wp","href":"https:\/\/api.w.org\/{rel}","templated":true}]}}