{"id":1873,"date":"2025-12-23T03:26:24","date_gmt":"2025-12-23T03:26:24","guid":{"rendered":"https:\/\/www.superclonewrist.com\/?post_type=product&#038;p=1873"},"modified":"2026-04-11T08:19:45","modified_gmt":"2026-04-11T08:19:45","slug":"rolex-explorer-124270-oyster-black-dial-36mm-11-super-clone-watches","status":"publish","type":"product","link":"https:\/\/www.superclonewrist.com\/it\/prodotto\/rolex-explorer-124270-oyster-black-dial-36mm-11-super-clone-watches\/","title":{"rendered":"Rolex-Explorer-124270-Oyster-nero-Dial-36 mm 1:1 Super Clone Orologi"},"content":{"rendered":"<h4><strong>1. Design iconico, fascino senza tempo<\/strong><\/h4>\n<p>Questo Explorer definisce l'elegante archetipo dell'orologio da polso con la sua caratteristica semplicit\u00e0 e robustezza.<\/p>\n<p><strong>Quadrante nero firmato<\/strong>: Il classico e leggibilissimo quadrante nero, con i caratteristici indici numerici \u201c3-6-9\u201d e le lancette Mercedes, garantisce una leggibilit\u00e0 ottimale in ogni condizione: un puro omaggio allo spirito Explorer.<\/p>\n<p><strong>Cassa e bracciale Oyster in acciaio inossidabile:<\/strong>L'iconica cassa Oyster e il bracciale Oyster a tre pezzi con maglie massicce sono realizzati in acciaio inossidabile di alta qualit\u00e0, per offrire un look integrato robusto, durevole e confortevole.<\/p>\n<p><strong>Cristallo zaffiro antiriflesso:<\/strong>\u00a0Il vetro \u00e8 certificato otticamente per la chiarezza e la resistenza ai graffi, garantendo una protezione completa del quadrante.<\/p>\n<h4><strong>2. Il cuore di un esploratore: Movimento Super Clone 3230<\/strong><\/h4>\n<p>Capolavoro di ingegneria clonata, questo Explorer \u00e8 costruito per un'affidabilit\u00e0 leggendaria.<\/p>\n<p><strong>Cronografo perfettamente funzionante<\/strong>: Il movimento Super Clone 3230 replica fedelmente la funzionalit\u00e0 del calibro originale, azionando le lancette centrali di ore, minuti e secondi con una stabilit\u00e0 incrollabile.<\/p>\n<p><strong>Precisione e potenza superlative<\/strong>: Regolato entro i limiti di\u00a0<strong>\u00b12 secondi al giorno<\/strong>\u00a0con una riserva di carica di oltre 70 ore.<\/p>\n<p><strong>Data istantanea e Stop-Secondi<\/strong>Dispone di una funzione di impostazione rapida della data e di un meccanismo di hacking dei secondi per una regolazione dell'ora sincronizzata e precisa.<\/p>\n<h4><strong>3. Progettato per l'esplorazione: Artigianato robusto<\/strong><\/h4>\n<p>Realizzata secondo gli standard professionali dell'originale, la sua costruzione privilegia la durata e l'utilit\u00e0.<\/p>\n<p><strong>Architettura Oyster<\/strong>: La cassa monolitica da 36 mm offre un'eccellente impermeabilit\u00e0, in grado di affrontare i vari ambienti della vita quotidiana.<\/p>\n<p><strong>Corona a vite<\/strong>: L'iconica corona a vite Twinlock migliora ulteriormente l'impermeabilit\u00e0 e conferisce all'orologio una sensazione di solidit\u00e0 e affidabilit\u00e0 durante il funzionamento.<\/p>\n<p><strong>Display Chromalight<\/strong>: Le lancette e gli indici sono rivestiti di materiale luminescente blu di lunga durata per una leggibilit\u00e0 in qualsiasi condizione.<\/p>","protected":false},"excerpt":{"rendered":"<p><strong>Vi presentiamo un cronografo rivisitato con un'eleganza senza tempo. Questo super clone 1:1 del Rolex Explorer 124270 combina magistralmente la leggendaria affidabilit\u00e0 dell'originale, una filosofia di design pulita e mirata e la raffinata dimensione della cassa di 36 mm. \u00c8 l'accessorio definitivo per gli esploratori che si fanno rispettare grazie a un gusto sobrio, apprezzando le capacit\u00e0 intrinseche e lo stile duraturo.<\/strong><\/p>","protected":false},"featured_media":1777,"comment_status":"open","ping_status":"closed","template":"","meta":{"_acf_changed":false},"product_brand":[],"product_cat":[18,43],"product_tag":[],"class_list":{"0":"post-1873","1":"product","2":"type-product","3":"status-publish","4":"has-post-thumbnail","6":"product_cat-rolex","7":"product_cat-explorer-ii","9":"first","10":"instock","11":"sale","12":"shipping-taxable","13":"purchasable","14":"product-type-simple"},"acf":[],"gallery_images":[1778,1779,1780,1781,1782,1771,1772,1773,1774,1775,1776],"_links":{"self":[{"href":"https:\/\/www.superclonewrist.com\/it\/wp-json\/wp\/v2\/product\/1873","targetHints":{"allow":["GET"]}}],"collection":[{"href":"https:\/\/www.superclonewrist.com\/it\/wp-json\/wp\/v2\/product"}],"about":[{"href":"https:\/\/www.superclonewrist.com\/it\/wp-json\/wp\/v2\/types\/product"}],"replies":[{"embeddable":true,"href":"https:\/\/www.superclonewrist.com\/it\/wp-json\/wp\/v2\/comments?post=1873"}],"wp:featuredmedia":[{"embeddable":true,"href":"https:\/\/www.superclonewrist.com\/it\/wp-json\/wp\/v2\/media\/1777"}],"wp:attachment":[{"href":"https:\/\/www.superclonewrist.com\/it\/wp-json\/wp\/v2\/media?parent=1873"}],"wp:term":[{"taxonomy":"product_brand","embeddable":true,"href":"https:\/\/www.superclonewrist.com\/it\/wp-json\/wp\/v2\/product_brand?post=1873"},{"taxonomy":"product_cat","embeddable":true,"href":"https:\/\/www.superclonewrist.com\/it\/wp-json\/wp\/v2\/product_cat?post=1873"},{"taxonomy":"product_tag","embeddable":true,"href":"https:\/\/www.superclonewrist.com\/it\/wp-json\/wp\/v2\/product_tag?post=1873"}],"curies":[{"name":"wp","href":"https:\/\/api.w.org\/{rel}","templated":true}]}}