{"id":1790,"date":"2025-12-23T03:17:34","date_gmt":"2025-12-23T03:17:34","guid":{"rendered":"https:\/\/www.superclonewrist.com\/?post_type=product&#038;p=1790"},"modified":"2026-01-12T12:06:37","modified_gmt":"2026-01-12T12:06:37","slug":"rolex-airking-126900-black-dial-40mm-11-super-clone-watches","status":"publish","type":"product","link":"https:\/\/www.superclonewrist.com\/it\/prodotto\/rolex-airking-126900-black-dial-40mm-11-super-clone-watches\/","title":{"rendered":"Rolex-AirKing-126900-Black-Dial-40mm 1:1 Super Clone Orologi"},"content":{"rendered":"<h4><strong>1. Design iconico e forte leggibilit\u00e0<\/strong><\/h4>\n<p>Questo Air-King \u00e8 definito da un quadrante unico e altamente funzionale e dalle proporzioni equilibrate della cassa.<\/p>\n<p><strong>Quadrante nero firmato:<\/strong>\u00a0L'inconfondibile quadrante nero opaco presenta una straordinaria combinazione di grandi numeri arabi a ore 3, 6 e 9 mescolati agli indici dei minuti in evidenza dalle 05 alle 55, garantendo una chiarezza eccezionale e un'identit\u00e0 audace e moderna.<\/p>\n<p><strong>Cassa in ostriche massicce:<\/strong> L'iconica cassa Oyster da 40 mm \u00e8 realizzata in solido legno.\u00a0<strong>904L Oystersteel (acciaio inossidabile)<\/strong>, che offre una presenza robusta, perfettamente proporzionata e confortevole al polso.<\/p>\n<p><strong>Lunetta liscia e lucida:<\/strong>\u00a0La parte fissa, liscia e levigata\u00a0<strong>Acciaio inox 904L<\/strong>\u00a0La lunetta offre una cornice pulita e raffinata che accentua il layout unico del quadrante.<\/p>\n<h4><strong>2. Il cuore dell'affidabilit\u00e0: Movimento Super Clone 3230<\/strong><\/h4>\n<p>Capolavoro di ingegneria clonata, questo Air-King \u00e8 costruito per garantire precisione e resistenza.<\/p>\n<p><strong>Cronometraggio fedele alla genesi:<\/strong>Il\u00a0<strong>Movimento Super Clone 3230<\/strong>\u00a0replica fedelmente la funzionalit\u00e0 e le prestazioni del calibro originale, azionando le lancette centrali di ore, minuti e secondi con una stabilit\u00e0 e un'affidabilit\u00e0 eccezionali.<\/p>\n<p><strong>Precisione e potenza superlative:<\/strong>\u00a0Regolato meticolosamente per raggiungere la precisione entro\u00a0<strong>\u00b12 secondi al giorno<\/strong>, con una robusta riserva di carica che supera i\u00a0<strong>70 ore<\/strong>.<\/p>\n<p><strong>Stop-Secondi Precisione:<\/strong>Dispone di una funzione di hacking dei secondi per un'impostazione dell'ora sincronizzata e di assoluta precisione.<\/p>\n<h4><strong>3. Realizzato per la resistenza quotidiana<\/strong><\/h4>\n<p>Costruito secondo gli standard pi\u00f9 elevati, \u00e8 tanto resistente quanto distintivo.<\/p>\n<p><strong>Architettura Oyster<\/strong>: La cassa monolitica da 40 mm assicura\u00a0<strong>50<\/strong><strong>-Impermeabile al metro<\/strong>\u00a0prestazioni, rendendolo un compagno affidabile per l'uso quotidiano.<\/p>\n<p><strong>Corona a vite:<\/strong>\u00a0La corona a vite Twinlock migliora l'impermeabilit\u00e0 e d\u00e0 una sensazione di solidit\u00e0 e affidabilit\u00e0, assicurando il movimento all'interno.<\/p>\n<p><strong>Display Chromalight:<\/strong> Le lancette e gli indici unici sono riempiti con materiale luminescente blu di lunga durata di Rolex per una leggibilit\u00e0 ottimale in tutte le condizioni.<\/p>","protected":false},"excerpt":{"rendered":"<p><strong>Vi presentiamo un'icona nata dal patrimonio dell'aviazione, reimmaginata con audacia contemporanea. Questo super clone 1:1 del Rolex Air-King 126900 combina magistralmente la leggibilit\u00e0 storica del modello con una presenza decisamente moderna e sicura. \u00c8 un pezzo forte per chi apprezza la pura funzionalit\u00e0 di un orologio-strumento e un'eleganza unica e sportiva, che offre non solo una robusta affidabilit\u00e0, ma anche un carattere distintivo.<\/strong><\/p>","protected":false},"featured_media":1762,"comment_status":"open","ping_status":"closed","template":"","meta":{"_acf_changed":false},"product_brand":[],"product_cat":[18,47],"product_tag":[],"class_list":{"0":"post-1790","1":"product","2":"type-product","3":"status-publish","4":"has-post-thumbnail","6":"product_cat-rolex","7":"product_cat-air-king","9":"first","10":"instock","11":"sale","12":"shipping-taxable","13":"purchasable","14":"product-type-simple"},"acf":[],"gallery_images":[1763,1765,1766,1768,1770,1769,1767],"_links":{"self":[{"href":"https:\/\/www.superclonewrist.com\/it\/wp-json\/wp\/v2\/product\/1790","targetHints":{"allow":["GET"]}}],"collection":[{"href":"https:\/\/www.superclonewrist.com\/it\/wp-json\/wp\/v2\/product"}],"about":[{"href":"https:\/\/www.superclonewrist.com\/it\/wp-json\/wp\/v2\/types\/product"}],"replies":[{"embeddable":true,"href":"https:\/\/www.superclonewrist.com\/it\/wp-json\/wp\/v2\/comments?post=1790"}],"wp:featuredmedia":[{"embeddable":true,"href":"https:\/\/www.superclonewrist.com\/it\/wp-json\/wp\/v2\/media\/1762"}],"wp:attachment":[{"href":"https:\/\/www.superclonewrist.com\/it\/wp-json\/wp\/v2\/media?parent=1790"}],"wp:term":[{"taxonomy":"product_brand","embeddable":true,"href":"https:\/\/www.superclonewrist.com\/it\/wp-json\/wp\/v2\/product_brand?post=1790"},{"taxonomy":"product_cat","embeddable":true,"href":"https:\/\/www.superclonewrist.com\/it\/wp-json\/wp\/v2\/product_cat?post=1790"},{"taxonomy":"product_tag","embeddable":true,"href":"https:\/\/www.superclonewrist.com\/it\/wp-json\/wp\/v2\/product_tag?post=1790"}],"curies":[{"name":"wp","href":"https:\/\/api.w.org\/{rel}","templated":true}]}}