{"id":3638,"date":"2026-01-05T09:04:33","date_gmt":"2026-01-05T09:04:33","guid":{"rendered":"https:\/\/www.superclonewrist.com\/?post_type=product&#038;p=3638"},"modified":"2026-01-15T12:48:53","modified_gmt":"2026-01-15T12:48:53","slug":"richard-mille-rm-35-01-nadal-automatic-11-super-clone-watch","status":"publish","type":"product","link":"https:\/\/www.superclonewrist.com\/fr\/produit\/richard-mille-rm-35-01-nadal-automatic-11-super-clone-watch\/","title":{"rendered":"\u00a0Montre Richard Mille RM 35-01 Nadal Automatic 1:1 Super Clone"},"content":{"rendered":"<ol>\n<li><strong><b> Gestion intelligente de la puissance : Rotor \u00e0 g\u00e9om\u00e9trie variable<\/b><\/strong><br \/>\nL'une des principales caract\u00e9ristiques de la r\u00e9plication est la\u00a0<strong><b>rotor \u00e0 g\u00e9om\u00e9trie variable<\/b><\/strong>. \u00c0 l'aide de l'outil d\u00e9di\u00e9 fourni, le porteur peut facilement ajuster la configuration du bloc d'inertie du rotor, en passant du mode \u201chaute performance\u201d au mode \u201cutilisation quotidienne\u201d. Cette innovation garantit la\u00a0<strong><b>Mouvement automatique Super Clone RMAL1<\/b><\/strong>re\u00e7oit une puissance d'enroulement optimale quel que soit le niveau d'activit\u00e9, ce qui repr\u00e9sente une solution m\u00e9canique intelligente qui concilie haute efficacit\u00e9 et long\u00e9vit\u00e9.<\/li>\n<li><strong><b> Architecture l\u00e9g\u00e8re : L'avantage du carbone TPT\u00ae<\/b><\/strong><br \/>\nLe bo\u00eetier est fabriqu\u00e9 \u00e0 partir d'un mat\u00e9riau monolithique\u00a0<strong><b>Carbone TPT\u00ae fibre de carbone<\/b><\/strong>. Ce mat\u00e9riau de haute technologie d\u00e9riv\u00e9 de l'a\u00e9rospatiale offre une r\u00e9sistance sup\u00e9rieure \u00e0 celle de l'acier tout en \u00e9tant nettement plus l\u00e9ger. Sa texture lamin\u00e9e caract\u00e9ristique conf\u00e8re \u00e0 chaque montre une identit\u00e9 visuelle unique et forme une coque r\u00e9sistante aux chocs, aux rayures et remarquablement l\u00e9g\u00e8re au poignet, parfaitement adapt\u00e9e \u00e0 une montre de sport.<\/li>\n<li><strong><b> Esth\u00e9tique m\u00e9canique transparente : Conception du squelette ax\u00e9e sur la fonction<\/b><\/strong><br \/>\nLe cadran pr\u00e9sente une construction enti\u00e8rement squelett\u00e9e qui affiche ouvertement les m\u00e9canismes complexes. Les aiguilles des heures, des minutes et des secondes se d\u00e9placent avec clart\u00e9 sur la structure m\u00e9canique complexe, r\u00e9alisant une unit\u00e9 efficace entre l'attrait visuel sophistiqu\u00e9 et la fonctionnalit\u00e9 fondamentale du chronom\u00e9trage. Cette conception \u00e9limine toute d\u00e9coration superflue, faisant de la m\u00e9canique elle-m\u00eame le seul centre d'int\u00e9r\u00eat visuel.<\/li>\n<li><strong><b> Une exp\u00e9rience de port polyvalente : De la cour \u00e0 la vie quotidienne<\/b><\/strong><br \/>\nL'\u00e9tui tonneau ergonomique assure un maintien parfait au poignet. L'\u00e9tui optionnel\u00a0<strong><b>bracelet en caoutchouc haute performance<\/b><\/strong>(noir\/blanc) offre une excellente flexibilit\u00e9 et une grande durabilit\u00e9, associ\u00e9e \u00e0 une\u00a0<strong><b>Boucle d\u00e9ployante en titane<\/b><\/strong>pour la s\u00e9curit\u00e9 et la commodit\u00e9. Avec\u00a0<strong><b>50 m\u00e8tres d'\u00e9tanch\u00e9it\u00e9<\/b><\/strong>, Elle r\u00e9siste \u00e0 la transpiration des sportifs, au temps pluvieux et au lavage quotidien \u00e0 la main, ce qui en fait une r\u00e9plique de montre vraiment polyvalente et performante, \u00e0 porter tout au long de la journ\u00e9e.<\/li>\n<\/ol>","protected":false},"excerpt":{"rendered":"<p>Le pr\u00e9sent\u00a0<strong><b>Montre Richard Mille RM 35-01 1:1 Super Clone<\/b><\/strong>\u00a0capture pr\u00e9cis\u00e9ment l'essence du garde-temps sportif embl\u00e9matique cr\u00e9\u00e9 pour une l\u00e9gende du tennis. Elle s'attache \u00e0 reproduire deux technologies essentielles de l'original : le syst\u00e8me d'affichage de l'heure et le syst\u00e8me d'affichage de la date et de l'heure.\u00a0<strong><b>Bo\u00eetier en fibre de carbone Carbon TPT<\/b><\/strong>\u00a0qui garantit une l\u00e9g\u00e8ret\u00e9 et une robustesse extr\u00eames, et la\u00a0<strong><b>rotor \u00e0 g\u00e9om\u00e9trie variable<\/b><\/strong>\u00a0qui ajuste intelligemment l'efficacit\u00e9 du remontage en fonction du niveau d'activit\u00e9 du porteur. Cette r\u00e9plique vise \u00e0 traduire une ing\u00e9nierie de niveau champion en une performance fiable au quotidien.<\/p>","protected":false},"featured_media":3413,"comment_status":"open","ping_status":"closed","template":"","meta":{"_acf_changed":false},"product_brand":[],"product_cat":[30],"product_tag":[],"class_list":{"0":"post-3638","1":"product","2":"type-product","3":"status-publish","4":"has-post-thumbnail","6":"product_cat-richard-mille","8":"first","9":"instock","10":"sale","11":"shipping-taxable","12":"purchasable","13":"product-type-simple"},"acf":[],"gallery_images":[3407,3408,3409,3411,3404,3406,3415,3405,3422,3403,3414,3416,3419,3418,3420,3417,3410,3421],"_links":{"self":[{"href":"https:\/\/www.superclonewrist.com\/fr\/wp-json\/wp\/v2\/product\/3638","targetHints":{"allow":["GET"]}}],"collection":[{"href":"https:\/\/www.superclonewrist.com\/fr\/wp-json\/wp\/v2\/product"}],"about":[{"href":"https:\/\/www.superclonewrist.com\/fr\/wp-json\/wp\/v2\/types\/product"}],"replies":[{"embeddable":true,"href":"https:\/\/www.superclonewrist.com\/fr\/wp-json\/wp\/v2\/comments?post=3638"}],"wp:featuredmedia":[{"embeddable":true,"href":"https:\/\/www.superclonewrist.com\/fr\/wp-json\/wp\/v2\/media\/3413"}],"wp:attachment":[{"href":"https:\/\/www.superclonewrist.com\/fr\/wp-json\/wp\/v2\/media?parent=3638"}],"wp:term":[{"taxonomy":"product_brand","embeddable":true,"href":"https:\/\/www.superclonewrist.com\/fr\/wp-json\/wp\/v2\/product_brand?post=3638"},{"taxonomy":"product_cat","embeddable":true,"href":"https:\/\/www.superclonewrist.com\/fr\/wp-json\/wp\/v2\/product_cat?post=3638"},{"taxonomy":"product_tag","embeddable":true,"href":"https:\/\/www.superclonewrist.com\/fr\/wp-json\/wp\/v2\/product_tag?post=3638"}],"curies":[{"name":"wp","href":"https:\/\/api.w.org\/{rel}","templated":true}]}}