{"id":3159,"date":"2026-01-03T11:12:00","date_gmt":"2026-01-03T11:12:00","guid":{"rendered":"https:\/\/www.superclonewrist.com\/?post_type=product&#038;p=3159"},"modified":"2026-04-11T11:01:36","modified_gmt":"2026-04-11T11:01:36","slug":"patek-philippe-nautilus-5711-grey-dial-moissanite-bezel-rose-gold-case-41mm-11-super-clone-watches","status":"publish","type":"product","link":"https:\/\/www.superclonewrist.com\/fr\/produit\/patek-philippe-nautilus-5711-grey-dial-moissanite-bezel-rose-gold-case-41mm-11-super-clone-watches\/","title":{"rendered":"Patek-Philippe-Nautilus-5711-Grey-Dial-Moissanite-bezel-Rose-Gold-case-41mm 1:1 Super Clone Watches"},"content":{"rendered":"<p><strong>L'ic\u00f4ne illumin\u00e9e<\/strong><\/p>\n<ul>\n<li>La l\u00e9gendaire Nautilus est red\u00e9finie \u00e0 travers une lentille de brillance moderne. Ce super clone 1:1 de la Patek Philippe Nautilus 5711 pr\u00e9sente une \u00e9volution audacieuse et captivante, associant son cadran gris embl\u00e9matique \u00e0 une lunette enti\u00e8rement pav\u00e9e de pierres de moissanite ardentes, le tout serti dans un chaleureux bo\u00eetier en or rose. C'est une d\u00e9claration audacieuse o\u00f9 le design intemporel rencontre une luminosit\u00e9 extraordinaire, con\u00e7ue pour l'individu qui recherche le summum de la reconnaissance et de l'individualit\u00e9 rayonnante.<\/li>\n<li>Ce garde-temps se d\u00e9finit par un contraste et une lumi\u00e8re \u00e9poustouflants. Le cadran gris classique, avec sa finition nuanc\u00e9e et bross\u00e9e par le soleil et son motif horizontal caract\u00e9ristique, constitue une base sophistiqu\u00e9e et discr\u00e8te. Il est entour\u00e9 d'une lunette m\u00e9ticuleusement sertie de pierres pr\u00e9cieuses de haute qualit\u00e9.\u00a0<strong>pierres de moissanite<\/strong>. R\u00e9put\u00e9es pour leur feu exceptionnel et leur brillance qui rivalise avec celle du diamant, ces pierres cr\u00e9ent un halo continu de lumi\u00e8re \u00e9tincelante, r\u00e9imaginant la silhouette embl\u00e9matique de la montre.<\/li>\n<li>Le bo\u00eetier iconique de 41 mm, inspir\u00e9 d'un hublot, est dot\u00e9 de notre technologie de pointe.\u00a0<strong>IP Placage or rose<\/strong>, Le cadran est en or rose 18 carats, reproduisant la riche teinte et la solidit\u00e9 de l'or rose 18 carats. Ce cadre chaleureux et luxueux compl\u00e8te parfaitement le cadran gris froid et la lunette \u00e9blouissante.<\/li>\n<li>En son c\u0153ur bat l'exacte\u00a0<strong>Super Clone 26-330 S C mouvement<\/strong>, Le bracelet Nautilus int\u00e9gr\u00e9 et la boucle d\u00e9ployante s\u00e9curis\u00e9e compl\u00e8tent le design de cette montre. Le design est compl\u00e9t\u00e9 par le bracelet Nautilus int\u00e9gr\u00e9 et une boucle d\u00e9ployante s\u00e9curis\u00e9e.<\/li>\n<\/ul>","protected":false},"excerpt":{"rendered":"<p>Cette extraordinaire cr\u00e9ation Nautilus est destin\u00e9e au connaisseur qui ose \u00e9lever une ic\u00f4ne. Elle allie magistralement le design et l'ing\u00e9nierie l\u00e9gendaires de la 5711 au feu \u00e9poustouflant d'une lunette en moissanite et \u00e0 la chaleur luxueuse de l'or rose - un chef-d'\u0153uvre d\u00e9finitif qui brille d'une confiance in\u00e9gal\u00e9e.<\/p>","protected":false},"featured_media":2994,"comment_status":"open","ping_status":"closed","template":"","meta":{"_acf_changed":false},"product_brand":[],"product_cat":[19,35],"product_tag":[],"class_list":{"0":"post-3159","1":"product","2":"type-product","3":"status-publish","4":"has-post-thumbnail","6":"product_cat-patek-philippe","7":"product_cat-modified","9":"first","10":"instock","11":"sale","12":"shipping-taxable","13":"purchasable","14":"product-type-simple"},"acf":[],"gallery_images":[2995,2996,2998,2997,3000,2999,2992,3001],"_links":{"self":[{"href":"https:\/\/www.superclonewrist.com\/fr\/wp-json\/wp\/v2\/product\/3159","targetHints":{"allow":["GET"]}}],"collection":[{"href":"https:\/\/www.superclonewrist.com\/fr\/wp-json\/wp\/v2\/product"}],"about":[{"href":"https:\/\/www.superclonewrist.com\/fr\/wp-json\/wp\/v2\/types\/product"}],"replies":[{"embeddable":true,"href":"https:\/\/www.superclonewrist.com\/fr\/wp-json\/wp\/v2\/comments?post=3159"}],"wp:featuredmedia":[{"embeddable":true,"href":"https:\/\/www.superclonewrist.com\/fr\/wp-json\/wp\/v2\/media\/2994"}],"wp:attachment":[{"href":"https:\/\/www.superclonewrist.com\/fr\/wp-json\/wp\/v2\/media?parent=3159"}],"wp:term":[{"taxonomy":"product_brand","embeddable":true,"href":"https:\/\/www.superclonewrist.com\/fr\/wp-json\/wp\/v2\/product_brand?post=3159"},{"taxonomy":"product_cat","embeddable":true,"href":"https:\/\/www.superclonewrist.com\/fr\/wp-json\/wp\/v2\/product_cat?post=3159"},{"taxonomy":"product_tag","embeddable":true,"href":"https:\/\/www.superclonewrist.com\/fr\/wp-json\/wp\/v2\/product_tag?post=3159"}],"curies":[{"name":"wp","href":"https:\/\/api.w.org\/{rel}","templated":true}]}}