{"id":2957,"date":"2026-01-03T04:31:28","date_gmt":"2026-01-03T04:31:28","guid":{"rendered":"https:\/\/www.superclonewrist.com\/?post_type=product&#038;p=2957"},"modified":"2026-04-11T10:20:45","modified_gmt":"2026-04-11T10:20:45","slug":"audemars-piguet-royal-oak-26574or-blue-dial-41mm-11-super-clone-watches","status":"publish","type":"product","link":"https:\/\/www.superclonewrist.com\/fr\/produit\/audemars-piguet-royal-oak-26574or-blue-dial-41mm-11-super-clone-watches\/","title":{"rendered":"Audemars-Piguet-Royal-Oak-26574OR-Blue-Dial-41mm Montres 1:1 Super Clone"},"content":{"rendered":"<p><strong>Un chef-d'\u0153uvre de l'horlogerie moderne : Le calendrier perp\u00e9tuel Royal Oak<\/strong><\/p>\n<ul>\n<li>Le z\u00e9nith de l'art m\u00e9canique au sein d'un design embl\u00e9matique. Ce super clone 1:1 de l'Audemars Piguet Royal Oak 26574OR incarne le summum de la complexit\u00e9 horlog\u00e8re, abritant une complication sophistiqu\u00e9e de calendrier perp\u00e9tuel sous son l\u00e9gendaire cadran bleu \u201cBleu Nuit\u201d. C'est une d\u00e9claration d'accomplissement technique ultime et de go\u00fbt raffin\u00e9, o\u00f9 l'\u00e9l\u00e9gance sportive de la Royal Oak rencontre l'intelligence intemporelle d'une grande complication, le tout pr\u00e9sent\u00e9 dans la chaleur luxueuse de l'or rose.<\/li>\n<li>Ce chef-d'\u0153uvre se caract\u00e9rise par une complexit\u00e9 m\u00e9canique \u00e9poustouflante et un design harmonieux. Le cadran bleu embl\u00e9matique de la \u201cGrande Tapisserie\u201d sert de toile parfaite \u00e0 la symphonie des indications calendaires : jour, date, mois, phase de lune et semaine de l'ann\u00e9e sont parfaitement int\u00e9gr\u00e9s, affichant des informations qui restent exactes jusqu'en 2100. Cet affichage complexe est log\u00e9 dans le l\u00e9gendaire bo\u00eetier octogonal de 41 mm, fini dans notre technologie de pointe.\u00a0<strong>IP Placage or rose<\/strong>, qui reproduit la riche teinte et la solidit\u00e9 de l'or rose 18 carats.<\/li>\n<li>Au c\u0153ur de ce syst\u00e8me se trouve le syst\u00e8me ultra-mince et tr\u00e8s complexe de la\u00a0<strong>Mouvement Super Clone 5134<\/strong>, Cette montre est une r\u00e9plique fid\u00e8le du c\u00e9l\u00e8bre calibre de calendrier perp\u00e9tuel \u00e0 remontage automatique d'Audemars Piguet. Cette merveille d'ing\u00e9nierie tient automatiquement compte de la longueur variable des mois et des ann\u00e9es bissextiles, ce qui garantit la pr\u00e9cision perp\u00e9tuelle de l'affichage avec un minimum d'ajustements.<\/li>\n<li>Le design est compl\u00e9t\u00e9 par l'embl\u00e9matique lunette polie fix\u00e9e par huit vis hexagonales et par le bracelet parfaitement int\u00e9gr\u00e9. Avec une r\u00e9sistance \u00e0 l'eau de 50 m\u00e8tres, elle t\u00e9moigne d'une ing\u00e9nierie sophistiqu\u00e9e pour un usage quotidien.<\/li>\n<\/ul>\n<p><strong>\u00a0<\/strong><\/p>","protected":false},"excerpt":{"rendered":"<p>La Royal Oak Perpetual Calendar 26574OR est l'expression ultime de l'ambition horlog\u00e8re. Elle associe magistralement le design le plus reconnaissable des montres de sport de luxe \u00e0 l'une des complications les plus v\u00e9n\u00e9r\u00e9es de l'horlogerie, le tout dans un luxueux bo\u00eetier en or rose. Il ne s'agit pas simplement d'une montre, mais d'un h\u00e9ritage de pr\u00e9cision, con\u00e7u pour le connaisseur qui exige l'extraordinaire.<\/p>","protected":false},"featured_media":2949,"comment_status":"open","ping_status":"closed","template":"","meta":{"_acf_changed":false},"product_brand":[],"product_cat":[15],"product_tag":[],"class_list":{"0":"post-2957","1":"product","2":"type-product","3":"status-publish","4":"has-post-thumbnail","6":"product_cat-audemars-piguet","8":"first","9":"instock","10":"sale","11":"shipping-taxable","12":"purchasable","13":"product-type-simple"},"acf":[],"gallery_images":[2942,2943,2944,2945,2947,2948,2946],"_links":{"self":[{"href":"https:\/\/www.superclonewrist.com\/fr\/wp-json\/wp\/v2\/product\/2957","targetHints":{"allow":["GET"]}}],"collection":[{"href":"https:\/\/www.superclonewrist.com\/fr\/wp-json\/wp\/v2\/product"}],"about":[{"href":"https:\/\/www.superclonewrist.com\/fr\/wp-json\/wp\/v2\/types\/product"}],"replies":[{"embeddable":true,"href":"https:\/\/www.superclonewrist.com\/fr\/wp-json\/wp\/v2\/comments?post=2957"}],"wp:featuredmedia":[{"embeddable":true,"href":"https:\/\/www.superclonewrist.com\/fr\/wp-json\/wp\/v2\/media\/2949"}],"wp:attachment":[{"href":"https:\/\/www.superclonewrist.com\/fr\/wp-json\/wp\/v2\/media?parent=2957"}],"wp:term":[{"taxonomy":"product_brand","embeddable":true,"href":"https:\/\/www.superclonewrist.com\/fr\/wp-json\/wp\/v2\/product_brand?post=2957"},{"taxonomy":"product_cat","embeddable":true,"href":"https:\/\/www.superclonewrist.com\/fr\/wp-json\/wp\/v2\/product_cat?post=2957"},{"taxonomy":"product_tag","embeddable":true,"href":"https:\/\/www.superclonewrist.com\/fr\/wp-json\/wp\/v2\/product_tag?post=2957"}],"curies":[{"name":"wp","href":"https:\/\/api.w.org\/{rel}","templated":true}]}}