{"id":2845,"date":"2025-12-29T07:52:24","date_gmt":"2025-12-29T07:52:24","guid":{"rendered":"https:\/\/www.superclonewrist.com\/?post_type=product&#038;p=2845"},"modified":"2026-04-11T10:08:37","modified_gmt":"2026-04-11T10:08:37","slug":"rolex-116508-daytona-black-diamond-dial-4130-40mm-11-super-clone-watches","status":"publish","type":"product","link":"https:\/\/www.superclonewrist.com\/fr\/produit\/rolex-116508-daytona-black-diamond-dial-4130-40mm-11-super-clone-watches\/","title":{"rendered":"Rolex-116508-Daytona-Black-Diamond-Dial-4130-40mm Montres 1:1 Super Clone"},"content":{"rendered":"<p><strong><b>Une opulence sans compromis : Une nouvelle vision de l'or<\/b><\/strong><\/p>\n<p>Voici un garde-temps o\u00f9 le luxe audacieux rencontre la performance iconique. Ce super clone 1:1 de la Rolex Daytona 116508 red\u00e9finit l'extravagance avec un superbe cadran pav\u00e9 de diamants noirs, serti dans la pr\u00e9sence imposante d'un bo\u00eetier en or jaune. Il s'agit d'un chef-d'\u0153uvre pour les collectionneurs audacieux, offrant une fusion spectaculaire de la technologie des chronographes haut de gamme et d'un impact visuel in\u00e9gal\u00e9.<\/p>\n<p>La montre se distingue par son \u00e9poustouflant cadran en diamants noirs. De v\u00e9ritables diamants noirs de haute qualit\u00e9 sont m\u00e9ticuleusement sertis en guise d'index, cr\u00e9ant une constellation profonde et scintillante qui capture et refl\u00e8te la lumi\u00e8re \u00e0 chaque mouvement. Cette \u00e9tonnante d\u00e9claration de luxe est envelopp\u00e9e dans l'\u00e9treinte chaleureuse et rayonnante d'un solide bo\u00eetier de 40 mm et d'un bracelet Oyster, finis avec notre technologie de pointe en mati\u00e8re d'horlogerie.\u00a0<strong><b>IP Placage or jaune<\/b><\/strong>. Cette technologie exclusive reproduit le poids substantiel, la couleur riche et la r\u00e9sistance durable \u00e0 la corrosion de l'or massif 18 carats.<\/p>\n<p>Cette magnifique cr\u00e9ation est anim\u00e9e par le l\u00e9gendaire\u00a0<strong><b>Mouvement Super Clone 4130<\/b><\/strong>, Ce calibre \u00e0 remontage automatique enti\u00e8rement int\u00e9gr\u00e9 est dot\u00e9 d'une v\u00e9ritable roue \u00e0 colonnes et d'un embrayage vertical. Ce calibre automatique enti\u00e8rement int\u00e9gr\u00e9 est dot\u00e9 d'une v\u00e9ritable roue \u00e0 colonnes et d'un embrayage vertical, garantissant que chaque fonction du chronographe fonctionne avec une pr\u00e9cision instantan\u00e9e et sans faille. Ses performances constituent le fondement in\u00e9branlable de ce garde-temps \u00e9blouissant.<\/p>\n<p>L'esth\u00e9tique embl\u00e9matique du sport automobile est compl\u00e9t\u00e9e par l'aspect poli de l'\u00e9cran d'affichage.\u00a0<strong><b>lunette tachym\u00e9trique en acier inoxydable<\/b><\/strong>, La montre est con\u00e7ue pour une vie de luxe, avec un bracelet Oyster en trois parties et une r\u00e9sistance \u00e0 l'eau de 50 m\u00e8tres. La montre est con\u00e7ue pour une vie de luxe, avec l'embl\u00e9matique bracelet Oyster \u00e0 maillons en trois parties, et offre une \u00e9tanch\u00e9it\u00e9 de 50 m\u00e8tres pour une confiance quotidienne.<\/p>\n<p><strong><b>Mod\u00e8le\/Num\u00e9ro de r\u00e9f\u00e9rence :<\/b><\/strong>\u00a011650<\/p>","protected":false},"excerpt":{"rendered":"<p>Cette Black Diamond Daytona est l'affirmation ultime d'un luxe assur\u00e9. Elle associe magistralement la m\u00e9canique \u00e9prouv\u00e9e et performante de la\u00a0<strong><b>Mouvement Super Clone 4130<\/b><\/strong>\u00a0avec l'art dramatique d'un cadran pav\u00e9 de diamants, le poids intemporel de l'or et l'accent sportif classique d'une lunette en acier - un instrument d\u00e9finitif pour ceux qui brillent sous les feux de la rampe.<\/p>","protected":false},"featured_media":2598,"comment_status":"open","ping_status":"closed","template":"","meta":{"_acf_changed":false},"product_brand":[],"product_cat":[36],"product_tag":[],"class_list":{"0":"post-2845","1":"product","2":"type-product","3":"status-publish","4":"has-post-thumbnail","6":"product_cat-daytona","8":"first","9":"instock","10":"sale","11":"shipping-taxable","12":"purchasable","13":"product-type-simple"},"acf":[],"gallery_images":[2607,2605,2606,2608,2609,2611,2614,2613,2601],"_links":{"self":[{"href":"https:\/\/www.superclonewrist.com\/fr\/wp-json\/wp\/v2\/product\/2845","targetHints":{"allow":["GET"]}}],"collection":[{"href":"https:\/\/www.superclonewrist.com\/fr\/wp-json\/wp\/v2\/product"}],"about":[{"href":"https:\/\/www.superclonewrist.com\/fr\/wp-json\/wp\/v2\/types\/product"}],"replies":[{"embeddable":true,"href":"https:\/\/www.superclonewrist.com\/fr\/wp-json\/wp\/v2\/comments?post=2845"}],"wp:featuredmedia":[{"embeddable":true,"href":"https:\/\/www.superclonewrist.com\/fr\/wp-json\/wp\/v2\/media\/2598"}],"wp:attachment":[{"href":"https:\/\/www.superclonewrist.com\/fr\/wp-json\/wp\/v2\/media?parent=2845"}],"wp:term":[{"taxonomy":"product_brand","embeddable":true,"href":"https:\/\/www.superclonewrist.com\/fr\/wp-json\/wp\/v2\/product_brand?post=2845"},{"taxonomy":"product_cat","embeddable":true,"href":"https:\/\/www.superclonewrist.com\/fr\/wp-json\/wp\/v2\/product_cat?post=2845"},{"taxonomy":"product_tag","embeddable":true,"href":"https:\/\/www.superclonewrist.com\/fr\/wp-json\/wp\/v2\/product_tag?post=2845"}],"curies":[{"name":"wp","href":"https:\/\/api.w.org\/{rel}","templated":true}]}}