{"id":2808,"date":"2025-12-26T07:49:39","date_gmt":"2025-12-26T07:49:39","guid":{"rendered":"https:\/\/www.superclonewrist.com\/?post_type=product&#038;p=2808"},"modified":"2026-04-11T10:04:26","modified_gmt":"2026-04-11T10:04:26","slug":"rolex-116500ln-mother-of-pearl-dial-40mm-11-super-clone-watches","status":"publish","type":"product","link":"https:\/\/www.superclonewrist.com\/fr\/produit\/rolex-116500ln-mother-of-pearl-dial-40mm-11-super-clone-watches\/","title":{"rendered":"Rolex-116500LN-Mother-Of-Pearl-Dial-40mm 1:1 Super Clone Watches"},"content":{"rendered":"<p>D\u00e9couvrez la fusion parfaite entre la l\u00e9gende du chronographe et la beaut\u00e9 organique. Ce super clone \u00e0 l'\u00e9chelle 1:1 de l'embl\u00e9matique Rolex Daytona 116500LN rehausse le mod\u00e8le classique en acier inoxydable avec un cadran en nacre \u00e0 couper le souffle. Il associe magistralement la fiabilit\u00e9 robuste et l'h\u00e9ritage du sport automobile de la Daytona \u00e0 une touche de luxe iris\u00e9, cr\u00e9ant un garde-temps qui est \u00e0 la fois un instrument de haute performance et une pi\u00e8ce unique d'art naturel.<\/p>\n<p>L'\u00e2me de cette montre est son captivant cadran en nacre. Chaque cadran est fabriqu\u00e9 \u00e0 partir de nacre v\u00e9ritable de haute qualit\u00e9, ce qui garantit qu'aucune montre n'est exactement identique \u00e0 une autre. Il brille d'un jeu de lumi\u00e8re hypnotique et changeant, affichant de douces nuances de blanc, d'argent et de subtils arcs-en-ciel sous diff\u00e9rents angles - un spectacle bien au-del\u00e0 de n'importe quel cadran imprim\u00e9. Ce chef-d'\u0153uvre organique est encadr\u00e9 par l'embl\u00e9matique lunette en c\u00e9ramique Cerachrom noire et log\u00e9 dans le robuste bo\u00eetier Oyster en acier inoxydable 904L, incarnant un \u00e9quilibre parfait entre force et \u00e9l\u00e9gance.<\/p>\n<p>Cette montre exceptionnelle est anim\u00e9e par le l\u00e9gendaire\u00a0<strong><b>Mouvement Super Clone 4130<\/b><\/strong>. Ce calibre de chronographe \u00e0 remontage automatique enti\u00e8rement int\u00e9gr\u00e9 est r\u00e9put\u00e9 pour sa pr\u00e9cision et sa fiabilit\u00e9. Dot\u00e9 d'une v\u00e9ritable roue \u00e0 colonnes et d'un embrayage vertical, il garantit que les fonctions du chronographe d\u00e9marrent, s'arr\u00eatent et se remettent \u00e0 z\u00e9ro avec une fluidit\u00e9 parfaite et instantan\u00e9e. Il offre une pr\u00e9cision exceptionnelle de \u00b12 secondes par jour, soutenue par une r\u00e9serve de marche substantielle de 72 heures.<\/p>\n<p>Con\u00e7ue pour des performances et un style durables, la montre est dot\u00e9e d'un bo\u00eetier Oyster de 40 mm et d'un bracelet \u00e0 maillons en trois parties, tous deux forg\u00e9s en acier inoxydable 904L pour une r\u00e9sistance sup\u00e9rieure \u00e0 la corrosion et une finition brillante. La couronne et les poussoirs viss\u00e9s renforcent la r\u00e9sistance \u00e0 l'eau de 100 m\u00e8tres, ce qui en fait un compagnon vraiment comp\u00e9tent. Des d\u00e9tails tels que les aiguilles et les index b\u00e9n\u00e9ficient d'une finition pr\u00e9cise pour compl\u00e9ter l'\u00e9clat du cadran.<\/p>\n<p><strong><b>\u00a0<\/b><\/strong><\/p>","protected":false},"excerpt":{"rendered":"<p>Cette Daytona en nacre est destin\u00e9e aux personnes qui appr\u00e9cient le design embl\u00e9matique mais souhaitent une expression personnelle distinctive. Elle associe la m\u00e9canique \u00e9prouv\u00e9e et performante du Super Clone 4130 \u00e0 la beaut\u00e9 singuli\u00e8re et naturelle d'un cadran unique. C'est l'affirmation ultime d'un chronographe qui est \u00e0 la fois universellement respect\u00e9 et personnellement in\u00e9gal\u00e9.<\/p>","protected":false},"featured_media":2693,"comment_status":"open","ping_status":"closed","template":"","meta":{"_acf_changed":false},"product_brand":[],"product_cat":[36],"product_tag":[],"class_list":{"0":"post-2808","1":"product","2":"type-product","3":"status-publish","4":"has-post-thumbnail","6":"product_cat-daytona","8":"first","9":"instock","10":"sale","11":"shipping-taxable","12":"purchasable","13":"product-type-simple"},"acf":[],"gallery_images":[2694,2695,2696,2697,2698,2699,2700],"_links":{"self":[{"href":"https:\/\/www.superclonewrist.com\/fr\/wp-json\/wp\/v2\/product\/2808","targetHints":{"allow":["GET"]}}],"collection":[{"href":"https:\/\/www.superclonewrist.com\/fr\/wp-json\/wp\/v2\/product"}],"about":[{"href":"https:\/\/www.superclonewrist.com\/fr\/wp-json\/wp\/v2\/types\/product"}],"replies":[{"embeddable":true,"href":"https:\/\/www.superclonewrist.com\/fr\/wp-json\/wp\/v2\/comments?post=2808"}],"wp:featuredmedia":[{"embeddable":true,"href":"https:\/\/www.superclonewrist.com\/fr\/wp-json\/wp\/v2\/media\/2693"}],"wp:attachment":[{"href":"https:\/\/www.superclonewrist.com\/fr\/wp-json\/wp\/v2\/media?parent=2808"}],"wp:term":[{"taxonomy":"product_brand","embeddable":true,"href":"https:\/\/www.superclonewrist.com\/fr\/wp-json\/wp\/v2\/product_brand?post=2808"},{"taxonomy":"product_cat","embeddable":true,"href":"https:\/\/www.superclonewrist.com\/fr\/wp-json\/wp\/v2\/product_cat?post=2808"},{"taxonomy":"product_tag","embeddable":true,"href":"https:\/\/www.superclonewrist.com\/fr\/wp-json\/wp\/v2\/product_tag?post=2808"}],"curies":[{"name":"wp","href":"https:\/\/api.w.org\/{rel}","templated":true}]}}