{"id":2349,"date":"2025-12-25T08:14:33","date_gmt":"2025-12-25T08:14:33","guid":{"rendered":"https:\/\/www.superclonewrist.com\/?post_type=product&#038;p=2349"},"modified":"2026-04-11T08:21:08","modified_gmt":"2026-04-11T08:21:08","slug":"rolex-datejust-178274-roman-blue-dial-31mm-11-super-clone-watches","status":"publish","type":"product","link":"https:\/\/www.superclonewrist.com\/fr\/produit\/rolex-datejust-178274-roman-blue-dial-31mm-11-super-clone-watches\/","title":{"rendered":"Montres Rolex-DateJust-178274-Roman-Blue-Dial-31mm 1:1 Super Clone"},"content":{"rendered":"<ol>\n<li><strong> Une esth\u00e9tique classique, interpr\u00e9t\u00e9e avec \u00e9l\u00e9gance<\/strong><br \/>\nCe mod\u00e8le r\u00e9unit les \u00e9l\u00e9ments embl\u00e9matiques de la DateJust dans une taille plus adapt\u00e9e aux poignets fins, incarnant une \u00e9l\u00e9gance discr\u00e8te.<br \/>\n<strong>Blue Roman Dial:<\/strong>The deep blue dial is serene and classic, paired with vintage-style Roman numeral indexes (III, VI, IX), instantly elevating the dial&#8217;s artistic character and retro charm. The iconic date window at 3 o&#8217;clock ensures clear legibility.<br \/>\n<strong>904L Steel Case &amp; Fluted Bezel:<\/strong>L'\u00e9tui et l'embl\u00e9matique\u00a0<strong>lunette cannel\u00e9e<\/strong>\u00a0sont coul\u00e9s en monobloc \u00e0 partir de mat\u00e9riaux robustes\u00a0<strong>904L Steel<\/strong>. La lunette est finement polie pour r\u00e9fracter l'\u00e9clat du diamant et constitue la signature la plus reconnaissable de la Datejust.<br \/>\n<strong>Bracelet Jubil\u00e9 :<\/strong>\u00a0Le bracelet embl\u00e9matique Jubilee \u00e0 cinq maillons, \u00e9galement fabriqu\u00e9 \u00e0 partir d'une mati\u00e8re premi\u00e8re de qualit\u00e9 sup\u00e9rieure, a \u00e9t\u00e9 ajout\u00e9 \u00e0 la collection.\u00a0<strong>904L Steel<\/strong>. Sa structure est plus complexe et plus souple, offrant un confort exceptionnel et un aspect doux et classique lorsque la lumi\u00e8re joue sur ses maillons.<\/li>\n<li><strong> Le c\u0153ur pr\u00e9cis : Mouvement du Super Clone 2236<\/strong><br \/>\nSous une apparence raffin\u00e9e et \u00e9l\u00e9gante se cache un mouvement de haut niveau, optimis\u00e9 pour les petits bo\u00eetiers et tout aussi pr\u00e9cis et fiable.<br \/>\n<strong>Changement de date instantan\u00e9 :<\/strong>Aliment\u00e9 par la\u00a0<strong>Super Clone Calibre 2236<\/strong>, Il assure avec pr\u00e9cision le changement instantan\u00e9 de la date et fonctionne de mani\u00e8re fluide et stable, garantissant ainsi la valeur pratique essentielle de la Datejust.<br \/>\n<strong>Un chronom\u00e9trage exceptionnel et un antimagn\u00e9tisme hors pair :<\/strong>Le mouvement est \u00e9quip\u00e9 d'un spiral Syloxi brevet\u00e9 par Rolex, qui offre une r\u00e9sistance aux chocs et un antimagn\u00e9tisme exceptionnels pour une stabilit\u00e9 et une pr\u00e9cision accrues. Il offre une r\u00e9serve de marche d'environ\u00a0<strong>55 heures<\/strong>, Les produits de la gamme sont con\u00e7us pour r\u00e9pondre aux besoins quotidiens en mati\u00e8re de port de v\u00eatements.<br \/>\n<strong>Syst\u00e8me de r\u00e9glage pratique :<\/strong>\u00a0The screw-down Twinlock waterproof crown offers a solid operating feel, allowing easy adjustment of time and date while balancing security and convenience.<\/li>\n<li><strong> Un savoir-faire exquis, un luxe au quotidien<\/strong><br \/>\nLa fabrication exquise conf\u00e8re non seulement une apparence magnifique, mais garantit \u00e9galement la robustesse et le confort pour un usage quotidien.<br \/>\n<strong>Architecture robuste de l'hu\u00eetre :<\/strong>La construction monobloc du bo\u00eetier central garantit\u00a0<strong>50 m\u00e8tres<\/strong>r\u00e9sistance \u00e0 l'eau, qui r\u00e9siste aux \u00e9claboussures et \u00e0 la pluie quotidiennes.<br \/>\n<strong>Cristal saphir bomb\u00e9 haute d\u00e9finition :<\/strong>\u00a0Fitted with a scratch-resistant domed sapphire crystal, it offers high transparency to ensure the deep blue of the dial and the elegant form of the Roman numerals are clearly displayed.<br \/>\n<strong>Fermoir dissimul\u00e9 :<\/strong>\u00a0Le bracelet Jubilee est \u00e9quip\u00e9 d'un\u00a0<strong>Fermoir \u00e0 couronne dissimul\u00e9<\/strong>. It opens and closes smoothly and securely, with a clean, flat clasp surface that perfectly maintains the bracelet&#8217;s flowing and aesthetic lines.<\/li>\n<\/ol>","protected":false},"excerpt":{"rendered":"<p>Timeless and elegant, in perfect proportion. This 1:1 super clone of the Rolex DateJust interprets the eternal charm of the Oyster Perpetual in its refined\u00a0<strong>31 mm<\/strong>\u00a0size. On the deep blue dial, elegant Roman numeral indexes meet the brilliant sparkle of the fluted bezel, complemented by the soft, snug fit of the five-piece link Jubilee bracelet. It distills an extraordinary aura of classicism, intellect, and grace within a compact dimension.<\/p>","protected":false},"featured_media":2279,"comment_status":"open","ping_status":"closed","template":"","meta":{"_acf_changed":false},"product_brand":[],"product_cat":[18,40],"product_tag":[],"class_list":{"0":"post-2349","1":"product","2":"type-product","3":"status-publish","4":"has-post-thumbnail","6":"product_cat-rolex","7":"product_cat-datejust","9":"first","10":"instock","11":"sale","12":"shipping-taxable","13":"purchasable","14":"product-type-simple"},"acf":[],"gallery_images":[2280,2281],"_links":{"self":[{"href":"https:\/\/www.superclonewrist.com\/fr\/wp-json\/wp\/v2\/product\/2349","targetHints":{"allow":["GET"]}}],"collection":[{"href":"https:\/\/www.superclonewrist.com\/fr\/wp-json\/wp\/v2\/product"}],"about":[{"href":"https:\/\/www.superclonewrist.com\/fr\/wp-json\/wp\/v2\/types\/product"}],"replies":[{"embeddable":true,"href":"https:\/\/www.superclonewrist.com\/fr\/wp-json\/wp\/v2\/comments?post=2349"}],"wp:featuredmedia":[{"embeddable":true,"href":"https:\/\/www.superclonewrist.com\/fr\/wp-json\/wp\/v2\/media\/2279"}],"wp:attachment":[{"href":"https:\/\/www.superclonewrist.com\/fr\/wp-json\/wp\/v2\/media?parent=2349"}],"wp:term":[{"taxonomy":"product_brand","embeddable":true,"href":"https:\/\/www.superclonewrist.com\/fr\/wp-json\/wp\/v2\/product_brand?post=2349"},{"taxonomy":"product_cat","embeddable":true,"href":"https:\/\/www.superclonewrist.com\/fr\/wp-json\/wp\/v2\/product_cat?post=2349"},{"taxonomy":"product_tag","embeddable":true,"href":"https:\/\/www.superclonewrist.com\/fr\/wp-json\/wp\/v2\/product_tag?post=2349"}],"curies":[{"name":"wp","href":"https:\/\/api.w.org\/{rel}","templated":true}]}}