{"id":2348,"date":"2025-12-25T08:10:00","date_gmt":"2025-12-25T08:10:00","guid":{"rendered":"https:\/\/www.superclonewrist.com\/?post_type=product&#038;p=2348"},"modified":"2026-04-11T08:21:01","modified_gmt":"2026-04-11T08:21:01","slug":"rolex-datejust-278274-roman-black-dial-31mm-11-super-clone-watches","status":"publish","type":"product","link":"https:\/\/www.superclonewrist.com\/fr\/produit\/rolex-datejust-278274-roman-black-dial-31mm-11-super-clone-watches\/","title":{"rendered":"Montres Rolex-DateJust-278274-Roman-Black-Dial-31mm 1:1 Super Clone"},"content":{"rendered":"<ol>\n<li><strong> Une esth\u00e9tique classique, interpr\u00e9t\u00e9e avec \u00e9l\u00e9gance<\/strong><br \/>\nCe mod\u00e8le r\u00e9unit les \u00e9l\u00e9ments embl\u00e9matiques de la DateJust dans une taille plus adapt\u00e9e aux poignets fins, incarnant une \u00e9l\u00e9gance discr\u00e8te.<br \/>\n<strong>Cadran romain noir :<\/strong>Le cadran noir profond est serein et classique, associ\u00e9 \u00e0 des index en chiffres romains de style vintage (III, VI, IX), qui rehaussent instantan\u00e9ment le caract\u00e8re artistique et le charme r\u00e9tro du cadran. Le guichet embl\u00e9matique de la date, situ\u00e9 \u00e0 3 heures, assure une lisibilit\u00e9 parfaite.<br \/>\n<strong>Bo\u00eetier Oystersteel et lunette cannel\u00e9e :<\/strong>L'\u00e9tui et l'embl\u00e9matique\u00a0<strong>lunette cannel\u00e9e<\/strong>\u00a0sont coul\u00e9s en monobloc \u00e0 partir de mat\u00e9riaux robustes\u00a0<strong>Oystersteel<\/strong>. La lunette est finement polie pour r\u00e9fracter l'\u00e9clat du diamant et constitue la signature la plus reconnaissable de la Datejust.<br \/>\n<strong>Bracelet Jubil\u00e9 :<\/strong>\u00a0Le bracelet embl\u00e9matique Jubilee \u00e0 cinq maillons, \u00e9galement fabriqu\u00e9 \u00e0 partir d'une mati\u00e8re premi\u00e8re de qualit\u00e9 sup\u00e9rieure, a \u00e9t\u00e9 ajout\u00e9 \u00e0 la collection.\u00a0<strong>Oystersteel<\/strong>. Sa structure est plus complexe et plus souple, offrant un confort exceptionnel et un aspect doux et classique lorsque la lumi\u00e8re joue sur ses maillons.<\/li>\n<li><strong> Le c\u0153ur pr\u00e9cis : Mouvement du Super Clone 2236<\/strong><br \/>\nSous une apparence raffin\u00e9e et \u00e9l\u00e9gante se cache un mouvement de haut niveau, optimis\u00e9 pour les petits bo\u00eetiers et tout aussi pr\u00e9cis et fiable.<br \/>\n<strong>Changement de date instantan\u00e9 :<\/strong>Aliment\u00e9 par la\u00a0<strong>Super Clone Calibre 2236<\/strong>, Il assure avec pr\u00e9cision le changement instantan\u00e9 de la date et fonctionne de mani\u00e8re fluide et stable, garantissant ainsi la valeur pratique essentielle de la Datejust.<br \/>\n<strong>Un chronom\u00e9trage exceptionnel et un antimagn\u00e9tisme hors pair :<\/strong>Le mouvement est \u00e9quip\u00e9 d'un spiral Syloxi brevet\u00e9 par Rolex, qui offre une r\u00e9sistance aux chocs et un antimagn\u00e9tisme exceptionnels pour une stabilit\u00e9 et une pr\u00e9cision accrues. Il offre une r\u00e9serve de marche d'environ\u00a0<strong>55 heures<\/strong>, Les produits de la gamme sont con\u00e7us pour r\u00e9pondre aux besoins quotidiens en mati\u00e8re de port de v\u00eatements.<br \/>\n<strong>Syst\u00e8me de r\u00e9glage pratique :<\/strong>\u00a0La couronne \u00e9tanche Twinlock viss\u00e9e, bien que de taille r\u00e9duite, offre une solide sensation de fonctionnement, permettant un r\u00e9glage facile de l'heure et de la date tout en conciliant s\u00e9curit\u00e9 et commodit\u00e9.<\/li>\n<li><strong> Un savoir-faire exquis, un luxe au quotidien<\/strong><br \/>\nLa fabrication exquise conf\u00e8re non seulement une apparence magnifique, mais garantit \u00e9galement la robustesse et le confort pour un usage quotidien.<br \/>\n<strong>Architecture robuste de l'hu\u00eetre :<\/strong>La construction monobloc du bo\u00eetier central garantit\u00a0<strong>50 m\u00e8tres<\/strong>r\u00e9sistance \u00e0 l'eau, qui r\u00e9siste aux \u00e9claboussures et \u00e0 la pluie quotidiennes.<br \/>\n<strong>Cristal saphir bomb\u00e9 haute d\u00e9finition :<\/strong>\u00a0Dot\u00e9 d'un verre saphir bomb\u00e9 inrayable, il offre une grande transparence qui permet d'appr\u00e9cier le noir profond du cadran et la forme \u00e9l\u00e9gante des chiffres romains.<br \/>\n<strong>Fermoir dissimul\u00e9 :<\/strong>\u00a0Le bracelet Jubilee est \u00e9quip\u00e9 d'un\u00a0<strong>Fermoir \u00e0 couronne dissimul\u00e9<\/strong>. Il s'ouvre et se ferme en douceur et en toute s\u00e9curit\u00e9, avec une surface de fermoir plate et nette qui maintient parfaitement les lignes fluides et esth\u00e9tiques du bracelet.<\/li>\n<\/ol>\n<p>&nbsp;<\/p>","protected":false},"excerpt":{"rendered":"<p>Classic Aesthetics, Elegantly Interpreted This model brings together iconic DateJust elements in a size more suited for slender wrists, embodying understated elegance. Black Roman Dial:The deep black dial is serene and classic, paired with vintage-style Roman numeral indexes (III, VI, IX), instantly elevating the dial\u2019s artistic character and retro charm. The iconic date window at [&hellip;]<\/p>","protected":false},"featured_media":2274,"comment_status":"open","ping_status":"closed","template":"","meta":{"_acf_changed":false},"product_brand":[],"product_cat":[18,40],"product_tag":[],"class_list":{"0":"post-2348","1":"product","2":"type-product","3":"status-publish","4":"has-post-thumbnail","6":"product_cat-rolex","7":"product_cat-datejust","9":"first","10":"instock","11":"sale","12":"shipping-taxable","13":"purchasable","14":"product-type-simple"},"acf":[],"gallery_images":[2273,2275,2276,2277,2278],"_links":{"self":[{"href":"https:\/\/www.superclonewrist.com\/fr\/wp-json\/wp\/v2\/product\/2348","targetHints":{"allow":["GET"]}}],"collection":[{"href":"https:\/\/www.superclonewrist.com\/fr\/wp-json\/wp\/v2\/product"}],"about":[{"href":"https:\/\/www.superclonewrist.com\/fr\/wp-json\/wp\/v2\/types\/product"}],"replies":[{"embeddable":true,"href":"https:\/\/www.superclonewrist.com\/fr\/wp-json\/wp\/v2\/comments?post=2348"}],"wp:featuredmedia":[{"embeddable":true,"href":"https:\/\/www.superclonewrist.com\/fr\/wp-json\/wp\/v2\/media\/2274"}],"wp:attachment":[{"href":"https:\/\/www.superclonewrist.com\/fr\/wp-json\/wp\/v2\/media?parent=2348"}],"wp:term":[{"taxonomy":"product_brand","embeddable":true,"href":"https:\/\/www.superclonewrist.com\/fr\/wp-json\/wp\/v2\/product_brand?post=2348"},{"taxonomy":"product_cat","embeddable":true,"href":"https:\/\/www.superclonewrist.com\/fr\/wp-json\/wp\/v2\/product_cat?post=2348"},{"taxonomy":"product_tag","embeddable":true,"href":"https:\/\/www.superclonewrist.com\/fr\/wp-json\/wp\/v2\/product_tag?post=2348"}],"curies":[{"name":"wp","href":"https:\/\/api.w.org\/{rel}","templated":true}]}}