{"id":1620,"date":"2025-12-12T08:22:18","date_gmt":"2025-12-12T08:22:18","guid":{"rendered":"https:\/\/www.superclonewrist.com\/?post_type=product&#038;p=1620"},"modified":"2026-04-11T08:36:31","modified_gmt":"2026-04-11T08:36:31","slug":"rolex-gmt-master-ii-126710grnr-bruce-wayne-jubilee-3285-movement-11-super-clone-watch","status":"publish","type":"product","link":"https:\/\/www.superclonewrist.com\/fr\/produit\/rolex-gmt-master-ii-126710grnr-bruce-wayne-jubilee-3285-movement-11-super-clone-watch\/","title":{"rendered":"Rolex-GMT-Master-II-126710GRNR-Bruce- Wayne-Jubilee-3285-movement 1:1 Super Clone Watch"},"content":{"rendered":"<p><strong><b>Les principales caract\u00e9ristiques en un coup d'\u0153il :<\/b><\/strong><\/p>\n<ul>\n<li><strong><b>Enti\u00e8rement fonctionnel :<\/b><\/strong>\u00a0Aiguilles centrales des heures, minutes et secondes. Affichage 24 heures.\u00a0<strong><b>R\u00e9glage rapide ind\u00e9pendant de l'aiguille des heures<\/b><\/strong>\u00a0pour un second fuseau horaire. Date instantan\u00e9e. Stop-secondes pour un r\u00e9glage pr\u00e9cis de l'heure.<\/li>\n<\/ul>\n<ul>\n<li><strong><b>Le mouvement d\u00e9finitif :<\/b><\/strong>\u00a0Aliment\u00e9 par la\u00a0<strong><b>v\u00e9ritable super clone Calibre 3285<\/b><\/strong>, Le syst\u00e8me d'affichage de la date et de l'heure permet d'assurer une fonctionnalit\u00e9 authentique et un chronom\u00e9trage fiable.<\/li>\n<\/ul>\n<ul>\n<li><strong><b>Construction haut de gamme :<\/b><\/strong>\u00a0Construction 1:1 \u00e0 l'aide de\u00a0<strong><b>Acier inoxydable 904L<\/b><\/strong>, perfectly replicating the &#8220;Bruce Wayne&#8221; aesthetic.<\/li>\n<\/ul>\n<ul>\n<li><strong><b>L'ultime r\u00e9plique :<\/b><\/strong>\u00a0Un garde-temps con\u00e7u pour satisfaire le collectionneur le plus exigeant, offrant l'exp\u00e9rience Rolex authentique sans le co\u00fbt prohibitif.<\/li>\n<\/ul>","protected":false},"excerpt":{"rendered":"<p>This isn&#8217;t just a replica; it&#8217;s a masterclass in precision engineering. Crafted for the discerning eye that demands perfection, this &#8220;Bruce Wayne&#8221; Super Clone is so accurate, it&#8217;s virtually indistinguishable from the genuine article.<\/p>","protected":false},"featured_media":385,"comment_status":"open","ping_status":"closed","template":"","meta":{"_acf_changed":false},"product_brand":[],"product_cat":[38],"product_tag":[],"class_list":{"0":"post-1620","1":"product","2":"type-product","3":"status-publish","4":"has-post-thumbnail","6":"product_cat-gmt-master-ii","8":"first","9":"instock","10":"sale","11":"shipping-taxable","12":"purchasable","13":"product-type-simple"},"acf":[],"gallery_images":[392,391,390,388,389,386,387,394,393],"_links":{"self":[{"href":"https:\/\/www.superclonewrist.com\/fr\/wp-json\/wp\/v2\/product\/1620","targetHints":{"allow":["GET"]}}],"collection":[{"href":"https:\/\/www.superclonewrist.com\/fr\/wp-json\/wp\/v2\/product"}],"about":[{"href":"https:\/\/www.superclonewrist.com\/fr\/wp-json\/wp\/v2\/types\/product"}],"replies":[{"embeddable":true,"href":"https:\/\/www.superclonewrist.com\/fr\/wp-json\/wp\/v2\/comments?post=1620"}],"wp:featuredmedia":[{"embeddable":true,"href":"https:\/\/www.superclonewrist.com\/fr\/wp-json\/wp\/v2\/media\/385"}],"wp:attachment":[{"href":"https:\/\/www.superclonewrist.com\/fr\/wp-json\/wp\/v2\/media?parent=1620"}],"wp:term":[{"taxonomy":"product_brand","embeddable":true,"href":"https:\/\/www.superclonewrist.com\/fr\/wp-json\/wp\/v2\/product_brand?post=1620"},{"taxonomy":"product_cat","embeddable":true,"href":"https:\/\/www.superclonewrist.com\/fr\/wp-json\/wp\/v2\/product_cat?post=1620"},{"taxonomy":"product_tag","embeddable":true,"href":"https:\/\/www.superclonewrist.com\/fr\/wp-json\/wp\/v2\/product_tag?post=1620"}],"curies":[{"name":"wp","href":"https:\/\/api.w.org\/{rel}","templated":true}]}}