{"id":1580,"date":"2025-12-12T07:59:33","date_gmt":"2025-12-12T07:59:33","guid":{"rendered":"https:\/\/www.superclonewrist.com\/?post_type=product&#038;p=1580"},"modified":"2026-04-11T10:19:33","modified_gmt":"2026-04-11T10:19:33","slug":"rolex-oyster-perpetual-116622-yacht-master-40mm-11-super-clone-watches","status":"publish","type":"product","link":"https:\/\/www.superclonewrist.com\/fr\/produit\/rolex-oyster-perpetual-116622-yacht-master-40mm-11-super-clone-watches\/","title":{"rendered":"Montres Rolex-Oyster-Perpetual-116622-Yacht-Master-40mm 1:1 Super Clone"},"content":{"rendered":"<p><strong><b>Advanced Super Clone 3135 Movement<\/b><\/strong><\/p>\n<ul>\n<li><strong><b>Performance de pr\u00e9cision<\/b><\/strong>: R\u00e9glement\u00e9 \u00e0 l'int\u00e9rieur de\u00a0<strong><b>\u00b12 secondes par jour<\/b><\/strong>\u00a0pour une pr\u00e9cision exceptionnelle<\/li>\n<li><strong><b>R\u00e9serve de marche fiable<\/b><\/strong>: R\u00e9serve de marche de 48 heures pour une performance constante<\/li>\n<li><strong><b>Changement de date instantan\u00e9<\/b><\/strong>: Fonction date \u00e0 r\u00e9glage rapide avec m\u00e9canisme de stop-secondes<\/li>\n<li><strong><b>Durabilit\u00e9 prouv\u00e9e<\/b><\/strong>: Bas\u00e9 sur le l\u00e9gendaire calibre 3135 de Rolex<\/li>\n<\/ul>\n<p><strong><b>Un savoir-faire de premier ordre<\/b><\/strong><\/p>\n<ul>\n<li><strong><b>Acier inoxydable 904L<\/b><\/strong>: Acier de premi\u00e8re qualit\u00e9 utilis\u00e9 pour le bo\u00eetier et le bracelet Oyster<\/li>\n<li><strong><b>Lunette en platine<\/b><\/strong>: Lunette bidirectionnelle signature en platine avec chiffres en relief<\/li>\n<li><strong><b>Cadran bleu Excellence<\/b><\/strong>: Superbe cadran bleu soleil avec index Chromalight<\/li>\n<li><strong><b>R\u00e9sistance \u00e0 l'eau professionnelle<\/b><\/strong>: Cote de 50 m\u00e8tres pour les activit\u00e9s maritimes<\/li>\n<\/ul>\n<p><strong><b>Excellence en mati\u00e8re de conception<\/b><\/strong><\/p>\n<ul>\n<li><strong><b>Bo\u00eetier de 40 mm<\/b><\/strong>: Des proportions parfaites pour une tenue polyvalente<\/li>\n<li><strong><b>Bracelet d'hu\u00eetre<\/b><\/strong>: Maillons confortables en trois parties avec boucle d\u00e9ployante Oysterlock<\/li>\n<li><strong><b>Une meilleure lisibilit\u00e9<\/b><\/strong>: Verre saphir inrayable avec grossissement de la date Cyclope<\/li>\n<li><strong><b>Caract\u00e9ristiques maritimes<\/b><\/strong>: Lunette tournante bidirectionnelle pour le chronom\u00e9trage de la navigation<\/li>\n<\/ul>","protected":false},"excerpt":{"rendered":"<p><strong><b>D\u00e9couvrez l'expression ultime de la sophistication maritime avec ce super clone 1:1 exceptionnel de la Rolex Yacht-Master 116622. Dot\u00e9 de l'embl\u00e9matique lunette en platine et d'un superbe cadran bleu, ce garde-temps repr\u00e9sente l'\u00e9quilibre parfait entre l'h\u00e9ritage nautique de Rolex et l'\u00e9l\u00e9gance contemporaine. M\u00e9ticuleusement con\u00e7u pour reproduire chaque d\u00e9tail du v\u00e9ritable chef-d'\u0153uvre, ce super clone offre une pr\u00e9cision et un style in\u00e9gal\u00e9s.<\/b><\/strong><\/p>","protected":false},"featured_media":1504,"comment_status":"open","ping_status":"closed","template":"","meta":{"_acf_changed":false},"product_brand":[],"product_cat":[18,42],"product_tag":[],"class_list":{"0":"post-1580","1":"product","2":"type-product","3":"status-publish","4":"has-post-thumbnail","6":"product_cat-rolex","7":"product_cat-yacht-master","9":"first","10":"instock","11":"sale","12":"shipping-taxable","13":"purchasable","14":"product-type-simple"},"acf":[],"gallery_images":[1505,1506,1508,1507,3975,3974],"_links":{"self":[{"href":"https:\/\/www.superclonewrist.com\/fr\/wp-json\/wp\/v2\/product\/1580","targetHints":{"allow":["GET"]}}],"collection":[{"href":"https:\/\/www.superclonewrist.com\/fr\/wp-json\/wp\/v2\/product"}],"about":[{"href":"https:\/\/www.superclonewrist.com\/fr\/wp-json\/wp\/v2\/types\/product"}],"replies":[{"embeddable":true,"href":"https:\/\/www.superclonewrist.com\/fr\/wp-json\/wp\/v2\/comments?post=1580"}],"wp:featuredmedia":[{"embeddable":true,"href":"https:\/\/www.superclonewrist.com\/fr\/wp-json\/wp\/v2\/media\/1504"}],"wp:attachment":[{"href":"https:\/\/www.superclonewrist.com\/fr\/wp-json\/wp\/v2\/media?parent=1580"}],"wp:term":[{"taxonomy":"product_brand","embeddable":true,"href":"https:\/\/www.superclonewrist.com\/fr\/wp-json\/wp\/v2\/product_brand?post=1580"},{"taxonomy":"product_cat","embeddable":true,"href":"https:\/\/www.superclonewrist.com\/fr\/wp-json\/wp\/v2\/product_cat?post=1580"},{"taxonomy":"product_tag","embeddable":true,"href":"https:\/\/www.superclonewrist.com\/fr\/wp-json\/wp\/v2\/product_tag?post=1580"}],"curies":[{"name":"wp","href":"https:\/\/api.w.org\/{rel}","templated":true}]}}