{"id":1466,"date":"2025-12-11T08:19:46","date_gmt":"2025-12-11T08:19:46","guid":{"rendered":"https:\/\/www.superclonewrist.com\/?post_type=product&#038;p=1466"},"modified":"2026-04-11T07:52:50","modified_gmt":"2026-04-11T07:52:50","slug":"rolex-submariner-116610lv-hulk-40mm-green-dial-11-super-clone-watches","status":"publish","type":"product","link":"https:\/\/www.superclonewrist.com\/fr\/produit\/rolex-submariner-116610lv-hulk-40mm-green-dial-11-super-clone-watches\/","title":{"rendered":"Montres Rolex-Submariner-116610LV-Hulk-40mm-Green-Dial 1:1 Super Clone Watches"},"content":{"rendered":"<p><strong><b>Mouvement avanc\u00e9 : Super Clone 3135<\/b><\/strong><br \/>\nComprend notre syst\u00e8me \u00e9prouv\u00e9 de\u00a0<strong><b>Mouvement automatique Super Clone 3135<\/b><\/strong>\u00a0avec des performances exceptionnelles :<\/p>\n<ul>\n<li><strong><b>Une pr\u00e9cision fiable<\/b><\/strong>: R\u00e9gl\u00e9 \u00e0 \u00b12 secondes par jour<\/li>\n<\/ul>\n<ul>\n<li><strong><b>R\u00e9serve de marche suffisante<\/b><\/strong>: R\u00e9serve de marche de 48 heures pour une performance constante<\/li>\n<li><strong><b>Ing\u00e9nierie de pr\u00e9cision<\/b><\/strong>: M\u00e9canisme stop-secondes pour un r\u00e9glage pr\u00e9cis de l'heure<\/li>\n<li><strong><b>Un savoir-faire de premier ordre : Un design iconique pr\u00e9serv\u00e9<\/b><\/strong><\/li>\n<li><strong><b>Rev\u00eatement IP avanc\u00e9<\/b><\/strong>: Bo\u00eetier et bracelet trait\u00e9s avec\u00a0<strong><b>technologie de rev\u00eatement IP de premi\u00e8re qualit\u00e9<\/b><\/strong>, La finition est de qualit\u00e9 et la long\u00e9vit\u00e9 est accrue.<\/li>\n<li><strong><b>Bo\u00eetier classique de 40 mm<\/b><\/strong>: Maintien des proportions parfaites de la Submariner avec une excellente pr\u00e9sence au poignet<\/li>\n<li><strong><b>\u00c9l\u00e9ments verts assortis<\/b><\/strong>: Lunette Cerachrom verte associ\u00e9e \u00e0 un superbe cadran vert soleil<\/li>\n<li><strong><b>R\u00e9sistance \u00e0 l'eau professionnelle<\/b><\/strong>: R\u00e9sistance \u00e0 l'eau \u00e0 100 m\u00e8tres pour une utilisation professionnelle<\/li>\n<li><\/li>\n<\/ul>\n<p><strong><b>Le favori des collectionneurs<\/b><\/strong>:<br \/>\nCe super clone capture l'essence du mod\u00e8le \u2018Hulk\u2019 abandonn\u00e9, offrant aux collectionneurs l'opportunit\u00e9 de poss\u00e9der ce garde-temps l\u00e9gendaire.<\/p>","protected":false},"excerpt":{"rendered":"<p><strong><b>L'une des r\u00e9f\u00e9rences Rolex modernes les plus recherch\u00e9es, la \u2018Hulk\u2019 s\u00e9duit les collectionneurs avec son cadran vert soleil et sa lunette en c\u00e9ramique assortie. Gr\u00e2ce \u00e0 une technologie de rev\u00eatement IP avanc\u00e9e et \u00e0 une ing\u00e9nierie de super clone 1:1 de pr\u00e9cision, nous avons fid\u00e8lement recr\u00e9\u00e9 ce garde-temps l\u00e9gendaire pour en capturer le charme unique et la qualit\u00e9 de fabrication exceptionnelle.<\/b><\/strong><\/p>","protected":false},"featured_media":766,"comment_status":"open","ping_status":"closed","template":"","meta":{"_acf_changed":false},"product_brand":[],"product_cat":[18,37],"product_tag":[],"class_list":{"0":"post-1466","1":"product","2":"type-product","3":"status-publish","4":"has-post-thumbnail","6":"product_cat-rolex","7":"product_cat-submariner","9":"first","10":"instock","11":"sale","12":"shipping-taxable","13":"purchasable","14":"product-type-simple"},"acf":[],"gallery_images":[768,769,770,771,3958,774,773,775,772,767],"_links":{"self":[{"href":"https:\/\/www.superclonewrist.com\/fr\/wp-json\/wp\/v2\/product\/1466","targetHints":{"allow":["GET"]}}],"collection":[{"href":"https:\/\/www.superclonewrist.com\/fr\/wp-json\/wp\/v2\/product"}],"about":[{"href":"https:\/\/www.superclonewrist.com\/fr\/wp-json\/wp\/v2\/types\/product"}],"replies":[{"embeddable":true,"href":"https:\/\/www.superclonewrist.com\/fr\/wp-json\/wp\/v2\/comments?post=1466"}],"wp:featuredmedia":[{"embeddable":true,"href":"https:\/\/www.superclonewrist.com\/fr\/wp-json\/wp\/v2\/media\/766"}],"wp:attachment":[{"href":"https:\/\/www.superclonewrist.com\/fr\/wp-json\/wp\/v2\/media?parent=1466"}],"wp:term":[{"taxonomy":"product_brand","embeddable":true,"href":"https:\/\/www.superclonewrist.com\/fr\/wp-json\/wp\/v2\/product_brand?post=1466"},{"taxonomy":"product_cat","embeddable":true,"href":"https:\/\/www.superclonewrist.com\/fr\/wp-json\/wp\/v2\/product_cat?post=1466"},{"taxonomy":"product_tag","embeddable":true,"href":"https:\/\/www.superclonewrist.com\/fr\/wp-json\/wp\/v2\/product_tag?post=1466"}],"curies":[{"name":"wp","href":"https:\/\/api.w.org\/{rel}","templated":true}]}}