{"id":269,"date":"2025-11-21T08:28:45","date_gmt":"2025-11-21T08:28:45","guid":{"rendered":"https:\/\/www.superclonewrist.com\/?page_id=269"},"modified":"2026-03-13T07:52:57","modified_gmt":"2026-03-13T07:52:57","slug":"shipping-policy","status":"publish","type":"page","link":"https:\/\/www.superclonewrist.com\/fr\/shipping-policy\/","title":{"rendered":"Politique d'exp\u00e9dition"},"content":{"rendered":"<div data-elementor-type=\"wp-page\" data-elementor-id=\"269\" class=\"elementor elementor-269\" data-elementor-post-type=\"page\">\n\t\t\t\t<div class=\"elementor-element elementor-element-1cb15d9b e-flex e-con-boxed e-con e-parent\" data-id=\"1cb15d9b\" data-element_type=\"container\" data-settings=\"{&quot;ekit_has_onepagescroll_dot&quot;:&quot;yes&quot;}\">\n\t\t\t\t\t<div class=\"e-con-inner\">\n\t\t\t\t<div class=\"elementor-element elementor-element-8302263 elementor-widget elementor-widget-heading\" data-id=\"8302263\" data-element_type=\"widget\" data-settings=\"{&quot;ekit_we_effect_on&quot;:&quot;none&quot;}\" data-widget_type=\"heading.default\">\n\t\t\t\t\t<h2 class=\"elementor-heading-title elementor-size-default\">Processus d'exp\u00e9dition, d\u00e9douanement et d\u00e9lais de livraison de SuperCloneWrist.com<\/h2>\t\t\t\t<\/div>\n\t\t<div class=\"elementor-element elementor-element-a6d8f0d e-con-full e-flex e-con e-child\" data-id=\"a6d8f0d\" data-element_type=\"container\" data-settings=\"{&quot;ekit_has_onepagescroll_dot&quot;:&quot;yes&quot;}\">\n\t\t<div class=\"elementor-element elementor-element-60065a5 e-con-full e-flex e-con e-child\" data-id=\"60065a5\" data-element_type=\"container\" data-settings=\"{&quot;ekit_has_onepagescroll_dot&quot;:&quot;yes&quot;}\">\n\t\t\t\t<div class=\"elementor-element elementor-element-79d39ec elementor-widget elementor-widget-heading\" data-id=\"79d39ec\" data-element_type=\"widget\" data-settings=\"{&quot;ekit_we_effect_on&quot;:&quot;none&quot;}\" data-widget_type=\"heading.default\">\n\t\t\t\t\t<h2 class=\"elementor-heading-title elementor-size-default\">1. Service d'exp\u00e9dition dans le monde entier<\/h2>\t\t\t\t<\/div>\n\t\t\t\t<div class=\"elementor-element elementor-element-35947d0 elementor-widget elementor-widget-text-editor\" data-id=\"35947d0\" data-element_type=\"widget\" data-settings=\"{&quot;ekit_we_effect_on&quot;:&quot;none&quot;}\" data-widget_type=\"text-editor.default\">\n\t\t\t\t\t\t\t\t\t\n<p><span style=\"color: #ff0000;\"><a style=\"color: #ff0000;\" href=\"https:\/\/www.superclonewrist.com\/fr\/\">SuperCloneWrist.com<\/a><\/span>\u00a0s'associe \u00e0 des prestataires logistiques internationaux de premier plan tels que FedEx, DHL, USPS, Royal Mail et UPS pour vous offrir des services de livraison efficaces et transparents. Une fois que vous avez pass\u00e9 commande, nous \u00e9valuons la solution d'exp\u00e9dition optimale en fonction de votre adresse de livraison afin que votre article vous parvienne le plus rapidement possible.<\/p>\n\t\t\t\t\t\t\t\t<\/div>\n\t\t\t\t<div class=\"elementor-element elementor-element-33064b9 elementor-widget elementor-widget-text-editor\" data-id=\"33064b9\" data-element_type=\"widget\" data-settings=\"{&quot;ekit_we_effect_on&quot;:&quot;none&quot;}\" data-widget_type=\"text-editor.default\">\n\t\t\t\t\t\t\t\t\t\n<ul>\n<li><strong>Suivi<b>:<\/b><\/strong>\u00a0Une fois votre commande exp\u00e9di\u00e9e, nous vous enverrons un courriel de confirmation contenant le num\u00e9ro de suivi, ce qui vous permettra de v\u00e9rifier l'\u00e9tat de l'exp\u00e9dition \u00e0 tout moment.<\/li>\n<li><strong>D\u00e9lais de livraison<b>:<\/b><\/strong>\u00a0Le d\u00e9lai de livraison dans les principales r\u00e9gions du monde est estim\u00e9 entre 5 et 15 jours ouvrables.<\/li>\n<\/ul>\n\t\t\t\t\t\t\t\t<\/div>\n\t\t\t\t<div class=\"elementor-element elementor-element-6462558 elementor-widget elementor-widget-heading\" data-id=\"6462558\" data-element_type=\"widget\" data-settings=\"{&quot;ekit_we_effect_on&quot;:&quot;none&quot;}\" data-widget_type=\"heading.default\">\n\t\t\t\t\t<h2 class=\"elementor-heading-title elementor-size-default\">2. Assurance professionnelle de d\u00e9douanement<\/h2>\t\t\t\t<\/div>\n\t\t\t\t<div class=\"elementor-element elementor-element-3c23b869 elementor-widget elementor-widget-text-editor\" data-id=\"3c23b869\" data-element_type=\"widget\" data-settings=\"{&quot;ekit_we_effect_on&quot;:&quot;none&quot;}\" data-widget_type=\"text-editor.default\">\n\t\t\t\t\t\t\t\t\t<p>Gr\u00e2ce \u00e0 plus d'une d\u00e9cennie d'exp\u00e9rience approfondie dans l'industrie horlog\u00e8re, nous comprenons parfaitement vos pr\u00e9occupations en mati\u00e8re d'exp\u00e9dition internationale et de d\u00e9douanement. Notre \u00e9quipe logistique conna\u00eet parfaitement les r\u00e9glementations et les proc\u00e9dures des autorit\u00e9s douani\u00e8res des diff\u00e9rents pays. Nous nous occupons de chaque d\u00e9tail pour vous avec autant de minutie que nous le ferions pour nos propres affaires, et nous nous effor\u00e7ons de faire en sorte que votre montre passe la douane sans encombre et arrive en toute s\u00e9curit\u00e9 \u00e0 votre porte.<\/p>\t\t\t\t\t\t\t\t<\/div>\n\t\t\t\t<div class=\"elementor-element elementor-element-5a4c318 elementor-widget elementor-widget-heading\" data-id=\"5a4c318\" data-element_type=\"widget\" data-settings=\"{&quot;ekit_we_effect_on&quot;:&quot;none&quot;}\" data-widget_type=\"heading.default\">\n\t\t\t\t\t<h2 class=\"elementor-heading-title elementor-size-default\">3. Frais d'exp\u00e9dition<\/h2>\t\t\t\t<\/div>\n\t\t\t\t<div class=\"elementor-element elementor-element-050aa60 elementor-widget elementor-widget-text-editor\" data-id=\"050aa60\" data-element_type=\"widget\" data-settings=\"{&quot;ekit_we_effect_on&quot;:&quot;none&quot;}\" data-widget_type=\"text-editor.default\">\n\t\t\t\t\t\t\t\t\t<ul>\n<li><strong>Exp\u00e9dition standard<b>:<\/b><\/strong>\u00a0Gratuit (les taxes et les frais sont inclus dans le prix du produit).<\/li>\n<li><strong>Exp\u00e9dition express de l'UE :<\/strong>\u00a0$40 USD (Option DHL avec taxes incluses ou FedEx sans taxes).<\/li>\n<\/ul>\n<ul>\n<li><strong>Exp\u00e9dition express \u00e0 l'int\u00e9rieur des \u00c9tats-Unis :<\/strong>\u00a0$60 USD (FedEx avec taxes incluses).<\/li>\n<\/ul>\t\t\t\t\t\t\t\t<\/div>\n\t\t\t\t<div class=\"elementor-element elementor-element-cc36664 elementor-widget elementor-widget-heading\" data-id=\"cc36664\" data-element_type=\"widget\" data-settings=\"{&quot;ekit_we_effect_on&quot;:&quot;none&quot;}\" data-widget_type=\"heading.default\">\n\t\t\t\t\t<h2 class=\"elementor-heading-title elementor-size-default\">4. Notre engagement en mati\u00e8re de services<\/h2>\t\t\t\t<\/div>\n\t\t\t\t<div class=\"elementor-element elementor-element-fb03899 elementor-widget elementor-widget-text-editor\" data-id=\"fb03899\" data-element_type=\"widget\" data-settings=\"{&quot;ekit_we_effect_on&quot;:&quot;none&quot;}\" data-widget_type=\"text-editor.default\">\n\t\t\t\t\t\t\t\t\t<p>Nous appr\u00e9cions chaque parcelle de confiance que vous nous accordez et la consid\u00e9rons comme la norme la plus \u00e9lev\u00e9e de notre service. C'est pourquoi nous vous offrons de solides garanties :<\/p>\n<ul>\n<li><strong>Garantie d'exp\u00e9dition :<\/strong>\u00a0Nous promettons une livraison s\u00fbre de porte \u00e0 porte. Si une commande est perdue pendant le transport, nous exp\u00e9dions un produit de remplacement gratuitement ou nous remboursons int\u00e9gralement la commande.<\/li>\n<\/ul>\n<ul>\n<li><strong>Support apr\u00e8s-vente :\u00a0<\/strong>Si le produit est accidentellement endommag\u00e9 \u00e0 la livraison, veuillez contacter notre \u00e9quipe apr\u00e8s-vente dans les 48 heures suivant la signature de l'accus\u00e9 de r\u00e9ception. Nous organiserons un remplacement gratuit pour vous.<\/li>\n<\/ul>\n<ul>\n<li>Soyez rassur\u00e9s, en choisissant <a href=\"https:\/\/www.superclonewrist.com\/fr\/\">SuperCloneWrist.com<\/a>\u00a0signifie que votre exp\u00e9rience d'achat est soutenue par un syst\u00e8me d'assistance fiable.<\/li>\n<\/ul>\t\t\t\t\t\t\t\t<\/div>\n\t\t\t\t<div class=\"elementor-element elementor-element-52c098c elementor-widget elementor-widget-heading\" data-id=\"52c098c\" data-element_type=\"widget\" data-settings=\"{&quot;ekit_we_effect_on&quot;:&quot;none&quot;}\" data-widget_type=\"heading.default\">\n\t\t\t\t\t<h2 class=\"elementor-heading-title elementor-size-default\">5. Nous contacter<\/h2>\t\t\t\t<\/div>\n\t\t\t\t<div class=\"elementor-element elementor-element-281c52e elementor-widget elementor-widget-text-editor\" data-id=\"281c52e\" data-element_type=\"widget\" data-settings=\"{&quot;ekit_we_effect_on&quot;:&quot;none&quot;}\" data-widget_type=\"text-editor.default\">\n\t\t\t\t\t\t\t\t\t<p>Si vous avez des questions concernant votre commande, l'exp\u00e9dition ou nos services, n'h\u00e9sitez pas \u00e0 nous contacter. Nous sommes toujours l\u00e0 pour vous aider.<\/p>\n<ul>\n<li><strong>WhatsApp<b>:<\/b><\/strong> +1 (415) 312-1707<\/li>\n<\/ul>\n<ul>\n<li><strong>Courriel<b>:<\/b><\/strong>\u00a0support@superclonewrist.com<\/li>\n<\/ul>\t\t\t\t\t\t\t\t<\/div>\n\t\t\t\t<\/div>\n\t\t<div class=\"elementor-element elementor-element-c515670 e-con-full e-flex e-con e-child\" data-id=\"c515670\" data-element_type=\"container\" data-settings=\"{&quot;ekit_has_onepagescroll_dot&quot;:&quot;yes&quot;}\">\n\t\t\t\t<div class=\"elementor-element elementor-element-bd95c76 elementor-toc--minimized-on-tablet elementor-widget elementor-widget-table-of-contents\" data-id=\"bd95c76\" data-element_type=\"widget\" data-settings=\"{&quot;exclude_headings_by_selector&quot;:[],&quot;no_headings_message&quot;:&quot;No headings were found on this page.&quot;,&quot;headings_by_tags&quot;:[&quot;h2&quot;,&quot;h3&quot;,&quot;h4&quot;,&quot;h5&quot;,&quot;h6&quot;],&quot;marker_view&quot;:&quot;numbers&quot;,&quot;minimize_box&quot;:&quot;yes&quot;,&quot;minimized_on&quot;:&quot;tablet&quot;,&quot;hierarchical_view&quot;:&quot;yes&quot;,&quot;min_height&quot;:{&quot;unit&quot;:&quot;px&quot;,&quot;size&quot;:&quot;&quot;,&quot;sizes&quot;:[]},&quot;min_height_laptop&quot;:{&quot;unit&quot;:&quot;px&quot;,&quot;size&quot;:&quot;&quot;,&quot;sizes&quot;:[]},&quot;min_height_tablet&quot;:{&quot;unit&quot;:&quot;px&quot;,&quot;size&quot;:&quot;&quot;,&quot;sizes&quot;:[]},&quot;min_height_mobile&quot;:{&quot;unit&quot;:&quot;px&quot;,&quot;size&quot;:&quot;&quot;,&quot;sizes&quot;:[]},&quot;ekit_we_effect_on&quot;:&quot;none&quot;}\" data-widget_type=\"table-of-contents.default\">\n\t\t\t\t\t\t\t\t\t<div class=\"elementor-toc__header\">\n\t\t\t\t\t\t<h4 class=\"elementor-toc__header-title\">\n\t\t\t\tTable des mati\u00e8res\t\t\t<\/h4>\n\t\t\t\t\t\t\t\t\t\t<div class=\"elementor-toc__toggle-button elementor-toc__toggle-button--expand\" role=\"button\" tabindex=\"0\" aria-controls=\"elementor-toc__bd95c76\" aria-expanded=\"true\" aria-label=\"Open table of contents\" data-no-translation-aria-label=\"\"><svg aria-hidden=\"true\" class=\"e-font-icon-svg e-fas-chevron-down\" viewbox=\"0 0 448 512\" xmlns=\"http:\/\/www.w3.org\/2000\/svg\"><path d=\"M207.029 381.476L12.686 187.132c-9.373-9.373-9.373-24.569 0-33.941l22.667-22.667c9.357-9.357 24.522-9.375 33.901-.04L224 284.505l154.745-154.021c9.379-9.335 24.544-9.317 33.901.04l22.667 22.667c9.373 9.373 9.373 24.569 0 33.941L240.971 381.476c-9.373 9.372-24.569 9.372-33.942 0z\"><\/path><\/svg><\/div>\n\t\t\t\t<div class=\"elementor-toc__toggle-button elementor-toc__toggle-button--collapse\" role=\"button\" tabindex=\"0\" aria-controls=\"elementor-toc__bd95c76\" aria-expanded=\"true\" aria-label=\"Close table of contents\" data-no-translation-aria-label=\"\"><svg aria-hidden=\"true\" class=\"e-font-icon-svg e-fas-chevron-up\" viewbox=\"0 0 448 512\" xmlns=\"http:\/\/www.w3.org\/2000\/svg\"><path d=\"M240.971 130.524l194.343 194.343c9.373 9.373 9.373 24.569 0 33.941l-22.667 22.667c-9.357 9.357-24.522 9.375-33.901.04L224 227.495 69.255 381.516c-9.379 9.335-24.544 9.317-33.901-.04l-22.667-22.667c-9.373-9.373-9.373-24.569 0-33.941L207.03 130.525c9.372-9.373 24.568-9.373 33.941-.001z\"><\/path><\/svg><\/div>\n\t\t\t\t\t<\/div>\n\t\t\t\t<div id=\"elementor-toc__bd95c76\" class=\"elementor-toc__body\">\n\t\t\t<div class=\"elementor-toc__spinner-container\">\n\t\t\t\t<svg class=\"elementor-toc__spinner eicon-animation-spin e-font-icon-svg e-eicon-loading\" aria-hidden=\"true\" viewbox=\"0 0 1000 1000\" xmlns=\"http:\/\/www.w3.org\/2000\/svg\"><path d=\"M500 975V858C696 858 858 696 858 500S696 142 500 142 142 304 142 500H25C25 237 238 25 500 25S975 237 975 500 763 975 500 975Z\"><\/path><\/svg>\t\t\t<\/div>\n\t\t<\/div>\n\t\t\t\t\t\t<\/div>\n\t\t\t\t<\/div>\n\t\t\t\t<\/div>\n\t\t\t\t\t<\/div>\n\t\t\t\t<\/div>\n\t\t\t\t<\/div>","protected":false},"excerpt":{"rendered":"<p>SuperCloneWrist.com\u00a0Shipping Process, Customs Clearance &amp; Delivery Times 1. Worldwide Shipping Service SuperCloneWrist.com\u00a0partners with leading international logistics providers such as FedEx, DHL, USPS, Royal Mail, and UPS to provide you with efficient and transparent delivery services. After you place an order, we will assess the optimal shipping solution based on your delivery address to ensure your [&hellip;]<\/p>","protected":false},"author":1,"featured_media":0,"parent":0,"menu_order":0,"comment_status":"closed","ping_status":"closed","template":"elementor_header_footer","meta":{"_acf_changed":false,"footnotes":""},"class_list":["post-269","page","type-page","status-publish","hentry"],"acf":[],"_links":{"self":[{"href":"https:\/\/www.superclonewrist.com\/fr\/wp-json\/wp\/v2\/pages\/269","targetHints":{"allow":["GET"]}}],"collection":[{"href":"https:\/\/www.superclonewrist.com\/fr\/wp-json\/wp\/v2\/pages"}],"about":[{"href":"https:\/\/www.superclonewrist.com\/fr\/wp-json\/wp\/v2\/types\/page"}],"author":[{"embeddable":true,"href":"https:\/\/www.superclonewrist.com\/fr\/wp-json\/wp\/v2\/users\/1"}],"replies":[{"embeddable":true,"href":"https:\/\/www.superclonewrist.com\/fr\/wp-json\/wp\/v2\/comments?post=269"}],"version-history":[{"count":11,"href":"https:\/\/www.superclonewrist.com\/fr\/wp-json\/wp\/v2\/pages\/269\/revisions"}],"predecessor-version":[{"id":7592,"href":"https:\/\/www.superclonewrist.com\/fr\/wp-json\/wp\/v2\/pages\/269\/revisions\/7592"}],"wp:attachment":[{"href":"https:\/\/www.superclonewrist.com\/fr\/wp-json\/wp\/v2\/media?parent=269"}],"curies":[{"name":"wp","href":"https:\/\/api.w.org\/{rel}","templated":true}]}}