{"id":7509,"date":"2026-03-13T06:25:21","date_gmt":"2026-03-13T06:25:21","guid":{"rendered":"https:\/\/www.superclonewrist.com\/?post_type=product&#038;p=7509"},"modified":"2026-04-11T07:51:00","modified_gmt":"2026-04-11T07:51:00","slug":"cartier-drive-tourbillon-white-dial-rose-gold-40mm-11-superclone-watch","status":"publish","type":"product","link":"https:\/\/www.superclonewrist.com\/es\/producto\/cartier-drive-tourbillon-white-dial-rose-gold-40mm-11-superclone-watch\/","title":{"rendered":"Reloj Cartier-Drive-Tourbillon-Blanco-Oro-Rosa-40mm 1:1 SuperClone"},"content":{"rendered":"<p>En\u00a0<strong><b>Cartier Drive Tourbillon SuperClone<\/b><\/strong>\u00a0es un\u00a0<strong><b>r\u00e9plica magistral 1:1<\/b><\/strong>\u00a0con la prestigiosa\u00a0<strong><b>complicaci\u00f3n tourbillon volante<\/b><\/strong>. Este\u00a0<strong><b>lujo 4<\/b><\/strong><strong><b>0<\/b><\/strong><strong><b>mm<\/b><\/strong>\u00a0cuenta con un distintivo\u00a0<strong><b>estuche en forma de coj\u00edn<\/b><\/strong>\u00a0elaborado a partir de\u00a0<strong><b>Chapado en oro rosa de 18 quilates<\/b><\/strong>.<\/p>\n<p>Su\u00a0<strong><b>elegante esfera guilloch\u00e9 blanca<\/b><\/strong>\u00a0cuenta con un destacado\u00a0<strong><b>apertura del tourbillon<\/b><\/strong>\u00a0a las 6 en punto, junto a\u00a0<strong><b>agujas de acero azul<\/b><\/strong>\u00a0y\u00a0<strong><b>Indicadores horarios con n\u00fameros romanos negros<\/b><\/strong>. El reloj funciona con un\u00a0<strong><b>movimiento mec\u00e1nico preciso modificado<\/b><\/strong>,dise\u00f1ado para reproducir con precisi\u00f3n la fascinante rotaci\u00f3n y funci\u00f3n de la jaula del tourbillon.<\/p>\n<p>Est\u00e1 equipado con un\u00a0<strong><b>sofisticada correa de piel de caim\u00e1n marr\u00f3n<\/b><\/strong>. Dise\u00f1ado para distinguirse, ofrece\u00a0<strong><b>resistencia al agua apta para el uso diario<\/b><\/strong>\u00a0y est\u00e1 protegido por un\u00a0<strong><b>cristal de zafiro resistente a los ara\u00f1azos<\/b><\/strong>.<\/p>","protected":false},"excerpt":{"rendered":"<p>The\u00a0Cartier Drive Tourbillon SuperClone\u00a0is a\u00a0masterful 1:1 replica\u00a0showcasing the prestigious\u00a0flying tourbillon complication. This\u00a0luxury 40mm timepiece\u00a0features a distinctive\u00a0cushion-shaped case\u00a0crafted from\u00a018K rose gold plating. Its\u00a0elegant white guilloch\u00e9 dial\u00a0features a prominent\u00a0tourbillon aperture\u00a0at 6 o&#8217;clock, alongside\u00a0blue steel hands\u00a0and\u00a0black Roman numeral hour markers. The watch is powered by a\u00a0precise modified mechanical movement,engineered to accurately replicate the mesmerizing rotation and function of [&hellip;]<\/p>","protected":false},"featured_media":7520,"comment_status":"open","ping_status":"closed","template":"","meta":{"_acf_changed":false},"product_brand":[],"product_cat":[33],"product_tag":[],"class_list":{"0":"post-7509","1":"product","2":"type-product","3":"status-publish","4":"has-post-thumbnail","6":"product_cat-cartier","8":"first","9":"instock","10":"sale","11":"shipping-taxable","12":"purchasable","13":"product-type-simple"},"acf":[],"gallery_images":[7510,7511,7512,7513,7514,7515,7516,7518,7517,7519],"_links":{"self":[{"href":"https:\/\/www.superclonewrist.com\/es\/wp-json\/wp\/v2\/product\/7509","targetHints":{"allow":["GET"]}}],"collection":[{"href":"https:\/\/www.superclonewrist.com\/es\/wp-json\/wp\/v2\/product"}],"about":[{"href":"https:\/\/www.superclonewrist.com\/es\/wp-json\/wp\/v2\/types\/product"}],"replies":[{"embeddable":true,"href":"https:\/\/www.superclonewrist.com\/es\/wp-json\/wp\/v2\/comments?post=7509"}],"wp:featuredmedia":[{"embeddable":true,"href":"https:\/\/www.superclonewrist.com\/es\/wp-json\/wp\/v2\/media\/7520"}],"wp:attachment":[{"href":"https:\/\/www.superclonewrist.com\/es\/wp-json\/wp\/v2\/media?parent=7509"}],"wp:term":[{"taxonomy":"product_brand","embeddable":true,"href":"https:\/\/www.superclonewrist.com\/es\/wp-json\/wp\/v2\/product_brand?post=7509"},{"taxonomy":"product_cat","embeddable":true,"href":"https:\/\/www.superclonewrist.com\/es\/wp-json\/wp\/v2\/product_cat?post=7509"},{"taxonomy":"product_tag","embeddable":true,"href":"https:\/\/www.superclonewrist.com\/es\/wp-json\/wp\/v2\/product_tag?post=7509"}],"curies":[{"name":"wp","href":"https:\/\/api.w.org\/{rel}","templated":true}]}}