{"id":5972,"date":"2026-02-23T05:12:01","date_gmt":"2026-02-23T05:12:01","guid":{"rendered":"https:\/\/www.superclonewrist.com\/?post_type=product&#038;p=5972"},"modified":"2026-02-23T05:12:01","modified_gmt":"2026-02-23T05:12:01","slug":"patek-philippe-nautilus-5726-1a-014-blue-dial-40mm-11-superclone-watch","status":"publish","type":"product","link":"https:\/\/www.superclonewrist.com\/es\/producto\/patek-philippe-nautilus-5726-1a-014-blue-dial-40mm-11-superclone-watch\/","title":{"rendered":"Patek-Philippe-Nautilus-5726-1A-014-Blue-Dial-40mm  1:1 SuperClone Watch"},"content":{"rendered":"<p>En\u00a0<strong>Patek Philippe Nautilus 5726 Esfera Azul SuperClone<\/strong>\u00a0es un\u00a0<strong>complejo r\u00e9plica 1:1<\/strong>\u00a0con un\u00a0<strong>funci\u00f3n de calendario anual completo<\/strong>. Este\u00a0<strong>iconic 40mm timepiece<\/strong>\u00a0se construye a partir de un\u00a0<strong>caja de acero inoxidable macizo<\/strong>\u00a0con un\u00a0<strong>brazalete de acero integrado<\/strong>.<\/p>\n<p>Su\u00a0<strong>esfera azul cl\u00e1sica<\/strong>\u00a0integra la firma\u00a0<strong>relieve horizontal<\/strong>\u00a0and clearly displays the\u00a0<strong>calendario anual<\/strong>\u00a0a trav\u00e9s de ventanillas espec\u00edficas para\u00a0<strong>d\u00eda<\/strong>,\u00a0<strong>fecha<\/strong>, y\u00a0<strong>mes<\/strong>. El reloj funciona con el\u00a0<strong>fiable movimiento autom\u00e1tico Super Clone 324S QA LU 24H\/303<\/strong>, a\u00a0<strong>calibre mec\u00e1nico unificado<\/strong>\u00a0dise\u00f1ado para reproducir con precisi\u00f3n esta compleja complicaci\u00f3n y su funci\u00f3n de fases lunares.<\/p>\n<p>Dise\u00f1ado para distinguirse, proporciona un\u00a0<strong>Resistencia al agua de 50 metros<\/strong>\u00a0y est\u00e1 protegido por una\u00a0<strong>cristal de zafiro resistente a los ara\u00f1azos<\/strong>.<\/p>","protected":false},"excerpt":{"rendered":"<p>The\u00a0Patek Philippe Nautilus 5726 Blue Dial SuperClone\u00a0is a\u00a0complex 1:1 replica\u00a0featuring a\u00a0complete annual calendar function. This\u00a0iconic 40mm timepiece\u00a0is constructed from a\u00a0solid stainless steel case\u00a0with an\u00a0integrated steel bracelet. Its\u00a0classic blue dial\u00a0integrates the signature\u00a0horizontal embossed pattern\u00a0and clearly displays the\u00a0annual calendar\u00a0through dedicated windows for\u00a0day,\u00a0date, and\u00a0month. The watch is powered by the\u00a0reliable Super Clone 324S QA LU 24H\/303 automatic movement, [&hellip;]<\/p>","protected":false},"featured_media":5845,"comment_status":"open","ping_status":"closed","template":"","meta":{"_acf_changed":false},"product_brand":[],"product_cat":[19],"product_tag":[],"class_list":{"0":"post-5972","1":"product","2":"type-product","3":"status-publish","4":"has-post-thumbnail","6":"product_cat-patek-philippe","8":"first","9":"instock","10":"sale","11":"shipping-taxable","12":"purchasable","13":"product-type-simple"},"acf":[],"gallery_images":[5846,5847,5848,5849,5850,5851,5841,5842,5843,5844],"_links":{"self":[{"href":"https:\/\/www.superclonewrist.com\/es\/wp-json\/wp\/v2\/product\/5972","targetHints":{"allow":["GET"]}}],"collection":[{"href":"https:\/\/www.superclonewrist.com\/es\/wp-json\/wp\/v2\/product"}],"about":[{"href":"https:\/\/www.superclonewrist.com\/es\/wp-json\/wp\/v2\/types\/product"}],"replies":[{"embeddable":true,"href":"https:\/\/www.superclonewrist.com\/es\/wp-json\/wp\/v2\/comments?post=5972"}],"wp:featuredmedia":[{"embeddable":true,"href":"https:\/\/www.superclonewrist.com\/es\/wp-json\/wp\/v2\/media\/5845"}],"wp:attachment":[{"href":"https:\/\/www.superclonewrist.com\/es\/wp-json\/wp\/v2\/media?parent=5972"}],"wp:term":[{"taxonomy":"product_brand","embeddable":true,"href":"https:\/\/www.superclonewrist.com\/es\/wp-json\/wp\/v2\/product_brand?post=5972"},{"taxonomy":"product_cat","embeddable":true,"href":"https:\/\/www.superclonewrist.com\/es\/wp-json\/wp\/v2\/product_cat?post=5972"},{"taxonomy":"product_tag","embeddable":true,"href":"https:\/\/www.superclonewrist.com\/es\/wp-json\/wp\/v2\/product_tag?post=5972"}],"curies":[{"name":"wp","href":"https:\/\/api.w.org\/{rel}","templated":true}]}}