{"id":1473,"date":"2025-12-11T09:02:25","date_gmt":"2025-12-11T09:02:25","guid":{"rendered":"https:\/\/www.superclonewrist.com\/?post_type=product&#038;p=1473"},"modified":"2026-04-11T09:54:42","modified_gmt":"2026-04-11T09:54:42","slug":"rolex-submariner-date-116613lb-two-tone-40mm-rubber-edition-11-super-clone-watches","status":"publish","type":"product","link":"https:\/\/www.superclonewrist.com\/es\/producto\/rolex-submariner-date-116613lb-two-tone-40mm-rubber-edition-11-super-clone-watches\/","title":{"rendered":"Rolex-Submariner-Date-116613LB-Two-Tone-40mm-Rubber-Edition  1:1 Super Clone Watches"},"content":{"rendered":"<p><strong><b>Movimiento avanzado: Super Clon 3<\/b><\/strong><strong><b>1<\/b><\/strong><strong><b>35<\/b><\/strong><br \/>\nPresenta nuestros \u00faltimos\u00a0<strong><b>Superclon 3<\/b><\/strong><strong><b>1<\/b><\/strong><strong><b>Movimiento autom\u00e1tico de 35<\/b><\/strong>\u00a0con mejoras significativas:<\/p>\n<ul>\n<li><strong><b>Precisi\u00f3n excepcional<\/b><\/strong>: Regulado a \u00b12 segundos por d\u00eda<\/li>\n<\/ul>\n<ul>\n<li><strong><b>Reserva de marcha ampliada<\/b><\/strong>Reserva de marcha de 70 horas para un rendimiento ininterrumpido<\/li>\n<\/ul>\n<ul>\n<li><strong><b>Ingenier\u00eda de precisi\u00f3n<\/b><\/strong>: Mecanismo de parada-segundos para una sincronizaci\u00f3n horaria exacta<\/li>\n<\/ul>\n<ul>\n<li><strong><b>Artesan\u00eda de primera calidad: El lujo se une a la durabilidad<\/b><\/strong><\/li>\n<\/ul>\n<ul>\n<li><strong><b>Revestimiento IP avanzado<\/b><\/strong>: Componentes de oro de 18 quilates tratados con\u00a0<strong><b>tecnolog\u00eda de revestimiento IP de alta calidad<\/b><\/strong>, Replica el brillo del oro aut\u00e9ntico con una durabilidad superior.<\/li>\n<\/ul>\n<ul>\n<li><strong><b>4<\/b><\/strong><strong><b>0<\/b><\/strong><strong><b>mm Caja optimizada<\/b><\/strong>: Dise\u00f1o de malet\u00edn mejorado con una distribuci\u00f3n perfecta del peso<\/li>\n<\/ul>\n<ul>\n<li><strong><b>Bisel Cerachrom<\/b><\/strong>: Bisel de cer\u00e1mica azul con marcas doradas, resistente a los ara\u00f1azos y a la decoloraci\u00f3n<\/li>\n<\/ul>\n<ul>\n<li><strong><b>Resistencia profesional al agua<\/b><\/strong>: Resistencia al agua de 100 metros que cumple las normas profesionales<\/li>\n<\/ul>\n<ul>\n<li><\/li>\n<\/ul>\n<p><strong><b>Excelencia vers\u00e1til<\/b><\/strong>:<br \/>\nEsta obra maestra bicolor transita sin problemas de la sala de juntas a las aventuras submarinas, lo que la convierte en la elecci\u00f3n definitiva para los m\u00e1s exigentes.<\/p>","protected":false},"excerpt":{"rendered":"<p><strong><b>Experimente la fusi\u00f3n perfecta de lujo y rendimiento con este ic\u00f3nico Submariner azul y dorado, meticulosamente recreado utilizando la avanzada tecnolog\u00eda de revestimiento IP y la ingenier\u00eda de superclonaci\u00f3n 1:1. Cada detalle, desde el impresionante bisel Cerachrom azul hasta la precisa distribuci\u00f3n del peso, refleja el reloj aut\u00e9ntico con notable precisi\u00f3n.<\/b><\/strong><\/p>","protected":false},"featured_media":798,"comment_status":"open","ping_status":"closed","template":"","meta":{"_acf_changed":false},"product_brand":[],"product_cat":[18,37],"product_tag":[],"class_list":{"0":"post-1473","1":"product","2":"type-product","3":"status-publish","4":"has-post-thumbnail","6":"product_cat-rolex","7":"product_cat-submariner","9":"first","10":"instock","11":"sale","12":"shipping-taxable","13":"purchasable","14":"product-type-simple"},"acf":[],"gallery_images":[800,803,802,801,804,806,807,805,799],"_links":{"self":[{"href":"https:\/\/www.superclonewrist.com\/es\/wp-json\/wp\/v2\/product\/1473","targetHints":{"allow":["GET"]}}],"collection":[{"href":"https:\/\/www.superclonewrist.com\/es\/wp-json\/wp\/v2\/product"}],"about":[{"href":"https:\/\/www.superclonewrist.com\/es\/wp-json\/wp\/v2\/types\/product"}],"replies":[{"embeddable":true,"href":"https:\/\/www.superclonewrist.com\/es\/wp-json\/wp\/v2\/comments?post=1473"}],"wp:featuredmedia":[{"embeddable":true,"href":"https:\/\/www.superclonewrist.com\/es\/wp-json\/wp\/v2\/media\/798"}],"wp:attachment":[{"href":"https:\/\/www.superclonewrist.com\/es\/wp-json\/wp\/v2\/media?parent=1473"}],"wp:term":[{"taxonomy":"product_brand","embeddable":true,"href":"https:\/\/www.superclonewrist.com\/es\/wp-json\/wp\/v2\/product_brand?post=1473"},{"taxonomy":"product_cat","embeddable":true,"href":"https:\/\/www.superclonewrist.com\/es\/wp-json\/wp\/v2\/product_cat?post=1473"},{"taxonomy":"product_tag","embeddable":true,"href":"https:\/\/www.superclonewrist.com\/es\/wp-json\/wp\/v2\/product_tag?post=1473"}],"curies":[{"name":"wp","href":"https:\/\/api.w.org\/{rel}","templated":true}]}}