{"id":1416,"date":"2025-12-11T08:06:54","date_gmt":"2025-12-11T08:06:54","guid":{"rendered":"https:\/\/www.superclonewrist.com\/?post_type=product&#038;p=1416"},"modified":"2026-04-11T08:29:11","modified_gmt":"2026-04-11T08:29:11","slug":"rolex-submariner-126610lv-starbucks-41mm-3235-movement-11-super-clone-watches","status":"publish","type":"product","link":"https:\/\/www.superclonewrist.com\/es\/producto\/rolex-submariner-126610lv-starbucks-41mm-3235-movement-11-super-clone-watches\/","title":{"rendered":"Rolex-Submariner-126610LV-Starbucks-41mm-3235-movement  1:1 Super Clone Watches"},"content":{"rendered":"<p><strong><b>N\u00facleos destacados:<\/b><\/strong><\/p>\n<ul>\n<li><strong><b>Movimiento avanzado: Super Clon 3235<\/b><\/strong><\/li>\n<li>Presenta nuestros \u00faltimos\u00a0<strong><b>Movimiento autom\u00e1tico Super Clone 3235<\/b><\/strong> con mejoras significativas:<\/li>\n<li><strong><b>Precisi\u00f3n excepcional<\/b><\/strong>: Regulado a \u00b12 segundos por d\u00eda<\/li>\n<li><strong><b>Reserva de marcha ampliada<\/b><\/strong>Reserva de marcha de 70 horas para un rendimiento ininterrumpido<\/li>\n<\/ul>\n<ul>\n<li><strong><b>Ingenier\u00eda de precisi\u00f3n<\/b><\/strong>: Mecanismo de parada-segundos para una sincronizaci\u00f3n horaria exacta<\/li>\n<li><strong><b>Artesan\u00eda de primera: La tradici\u00f3n se une a la innovaci\u00f3n<\/b><\/strong><\/li>\n<li><strong><b>Revestimiento IP avanzado<\/b><\/strong>: Caja y brazalete\u00a0<strong><b>tecnolog\u00eda de revestimiento IP de alta calidad<\/b><\/strong>, Replica el acabado del reloj aut\u00e9ntico con una durabilidad superior.<\/li>\n<li><strong><b>Caja optimizada de 41 mm<\/b><\/strong>: Dise\u00f1o de caja mejorado con mayor ergonom\u00eda y presencia<\/li>\n<li><strong><b>Bisel Cerachrom<\/b><\/strong>: Bisel de cer\u00e1mica verde con marcas de platino, resistente a los ara\u00f1azos y a la decoloraci\u00f3n<\/li>\n<li><strong><b>Resistencia profesional al agua<\/b><\/strong>: Resistencia al agua de 100 metros que cumple las normas profesionales<\/li>\n<\/ul>\n<p><strong><b>Elecci\u00f3n del coleccionista<\/b><\/strong>:<\/p>\n<ul>\n<li>Este superclon representa la s\u00edntesis perfecta de dise\u00f1o ic\u00f3nico y tecnolog\u00eda relojera moderna, lo que lo convierte en una pieza esencial para los coleccionistas m\u00e1s exigentes.<\/li>\n<\/ul>\n<p>&nbsp;<\/p>","protected":false},"excerpt":{"rendered":"<p><strong><b>The legendary &#8216;Starbucks&#8217; edition represents the perfect evolution of Rolex&#8217;s most iconic dive watch, blending the classic green bezel with modern technical advancements. Through state-of-the-art IP coating technology and precision 1:1 super clone engineering, we&#8217;ve recreated this masterpiece to capture every detail of the genuine timepiece, from its weight and feel to its flawless performance.<\/b><\/strong><\/p>","protected":false},"featured_media":761,"comment_status":"open","ping_status":"closed","template":"","meta":{"_acf_changed":false},"product_brand":[],"product_cat":[18,37],"product_tag":[],"class_list":{"0":"post-1416","1":"product","2":"type-product","3":"status-publish","4":"has-post-thumbnail","6":"product_cat-rolex","7":"product_cat-submariner","9":"first","10":"instock","11":"sale","12":"shipping-taxable","13":"purchasable","14":"product-type-simple"},"acf":[],"gallery_images":[762,763,764],"_links":{"self":[{"href":"https:\/\/www.superclonewrist.com\/es\/wp-json\/wp\/v2\/product\/1416","targetHints":{"allow":["GET"]}}],"collection":[{"href":"https:\/\/www.superclonewrist.com\/es\/wp-json\/wp\/v2\/product"}],"about":[{"href":"https:\/\/www.superclonewrist.com\/es\/wp-json\/wp\/v2\/types\/product"}],"replies":[{"embeddable":true,"href":"https:\/\/www.superclonewrist.com\/es\/wp-json\/wp\/v2\/comments?post=1416"}],"wp:featuredmedia":[{"embeddable":true,"href":"https:\/\/www.superclonewrist.com\/es\/wp-json\/wp\/v2\/media\/761"}],"wp:attachment":[{"href":"https:\/\/www.superclonewrist.com\/es\/wp-json\/wp\/v2\/media?parent=1416"}],"wp:term":[{"taxonomy":"product_brand","embeddable":true,"href":"https:\/\/www.superclonewrist.com\/es\/wp-json\/wp\/v2\/product_brand?post=1416"},{"taxonomy":"product_cat","embeddable":true,"href":"https:\/\/www.superclonewrist.com\/es\/wp-json\/wp\/v2\/product_cat?post=1416"},{"taxonomy":"product_tag","embeddable":true,"href":"https:\/\/www.superclonewrist.com\/es\/wp-json\/wp\/v2\/product_tag?post=1416"}],"curies":[{"name":"wp","href":"https:\/\/api.w.org\/{rel}","templated":true}]}}