{"id":1414,"date":"2025-12-11T07:38:01","date_gmt":"2025-12-11T07:38:01","guid":{"rendered":"https:\/\/www.superclonewrist.com\/?post_type=product&#038;p=1414"},"modified":"2026-04-11T07:52:29","modified_gmt":"2026-04-11T07:52:29","slug":"rolex-submariner-116610ln-40mm-black-dial-11-super-clone-watches","status":"publish","type":"product","link":"https:\/\/www.superclonewrist.com\/es\/producto\/rolex-submariner-116610ln-40mm-black-dial-11-super-clone-watches\/","title":{"rendered":"Rolex-Submariner-116610LN-40mm-Black-Dial  1:1 Super Clone Watches"},"content":{"rendered":"<h3><strong>Caracter\u00edsticas principales<\/strong><strong>\u00a0<\/strong><strong>:<\/strong><\/h3>\n<ul>\n<li><strong><b>Cronometraje de precisi\u00f3n<\/b><\/strong>: Precisi\u00f3n ajustada con un error diario de \u00b12 segundos<\/li>\n<li><strong><b>Reserva de marcha ampliada<\/b><\/strong>: Reserva de marcha de 48 horas para el uso diario<\/li>\n<\/ul>\n<ul>\n<li><strong><b>Cambio instant\u00e1neo de fecha y parada por segundos<\/b><\/strong>: Cambio preciso de la fecha a medianoche con pirateo de segundos para ajustar la hora con exactitud<\/li>\n<\/ul>\n<ul>\n<li><strong><b>Tecnolog\u00eda de revestimiento al vac\u00edo IP<\/b><\/strong>: La caja y el brazalete\u00a0<strong><b>proceso de revestimiento IP de alta calidad<\/b><\/strong>, El color y la textura son id\u00e9nticos a los del reloj aut\u00e9ntico, resistente al desgaste y a la corrosi\u00f3n.<\/li>\n<\/ul>\n<ul>\n<li><strong><b>Bisel de cer\u00e1mica Cerachrom<\/b><\/strong>: Bisel de cer\u00e1mica negra, resistente a los ara\u00f1azos, que mantiene el brillo permanente<\/li>\n<\/ul>\n<ul>\n<li><strong><b>Di\u00e1metro cl\u00e1sico de 40 mm<\/b><\/strong>: Continuando con el tama\u00f1o cl\u00e1sico, c\u00f3modo de llevar, mostrando un lujo discreto.<\/li>\n<\/ul>\n<ul>\n<li><strong><b>Excepcional resistencia al agua<\/b><\/strong>: Reproduce a la perfecci\u00f3n la resistencia al agua profesional de 100 metros<\/li>\n<\/ul>\n<p><strong><b>\u00a0<\/b><\/strong><\/p>","protected":false},"excerpt":{"rendered":"<p><strong><b>El Black Submariner, un cl\u00e1sico eterno en el campo de los relojes de buceo, ha cautivado a innumerables entusiastas de la relojer\u00eda por sus excepcionales prestaciones y su discreto lujo. Utilizando la avanzada tecnolog\u00eda de revestimiento IP combinada con la artesan\u00eda super clon 1:1, recreamos a la perfecci\u00f3n cada detalle de este legendario reloj, garantizando una textura y un brillo id\u00e9nticos a los del art\u00edculo genuino.<\/b><\/strong><\/p>","protected":false},"featured_media":744,"comment_status":"open","ping_status":"closed","template":"","meta":{"_acf_changed":false},"product_brand":[],"product_cat":[18,37],"product_tag":[],"class_list":{"0":"post-1414","1":"product","2":"type-product","3":"status-publish","4":"has-post-thumbnail","6":"product_cat-rolex","7":"product_cat-submariner","9":"first","10":"instock","11":"sale","12":"shipping-taxable","13":"purchasable","14":"product-type-simple"},"acf":[],"gallery_images":[745,746,3964,3962,3963],"_links":{"self":[{"href":"https:\/\/www.superclonewrist.com\/es\/wp-json\/wp\/v2\/product\/1414","targetHints":{"allow":["GET"]}}],"collection":[{"href":"https:\/\/www.superclonewrist.com\/es\/wp-json\/wp\/v2\/product"}],"about":[{"href":"https:\/\/www.superclonewrist.com\/es\/wp-json\/wp\/v2\/types\/product"}],"replies":[{"embeddable":true,"href":"https:\/\/www.superclonewrist.com\/es\/wp-json\/wp\/v2\/comments?post=1414"}],"wp:featuredmedia":[{"embeddable":true,"href":"https:\/\/www.superclonewrist.com\/es\/wp-json\/wp\/v2\/media\/744"}],"wp:attachment":[{"href":"https:\/\/www.superclonewrist.com\/es\/wp-json\/wp\/v2\/media?parent=1414"}],"wp:term":[{"taxonomy":"product_brand","embeddable":true,"href":"https:\/\/www.superclonewrist.com\/es\/wp-json\/wp\/v2\/product_brand?post=1414"},{"taxonomy":"product_cat","embeddable":true,"href":"https:\/\/www.superclonewrist.com\/es\/wp-json\/wp\/v2\/product_cat?post=1414"},{"taxonomy":"product_tag","embeddable":true,"href":"https:\/\/www.superclonewrist.com\/es\/wp-json\/wp\/v2\/product_tag?post=1414"}],"curies":[{"name":"wp","href":"https:\/\/api.w.org\/{rel}","templated":true}]}}