{"id":7209,"date":"2026-03-13T03:18:36","date_gmt":"2026-03-13T03:18:36","guid":{"rendered":"https:\/\/www.superclonewrist.com\/?post_type=product&#038;p=7209"},"modified":"2026-04-11T07:42:31","modified_gmt":"2026-04-11T07:42:31","slug":"rolex-land-dweller-127335-white-dial-rose-gold-diamond-bezel-diamond-markers-40mm-super-clone-watches","status":"publish","type":"product","link":"https:\/\/www.superclonewrist.com\/de\/produkt\/rolex-land-dweller-127335-white-dial-rose-gold-diamond-bezel-diamond-markers-40mm-super-clone-watches\/","title":{"rendered":"Rolex-Land-Dweller-127335-Wei\u00dfes-Zifferblatt-Rose-Gold-Diamant-L\u00fcnette-Diamant-Markierungen-40mm Super Clone Uhren"},"content":{"rendered":"<p>Diese\u00a0<strong><b>1:1 Super-Klon<\/b><\/strong>\u00a0meisterhaft die luxuri\u00f6se und bahnbrechende\u00a0<strong><b>Rolex Land-Dweller<\/b><\/strong>, und wertet sein modernes Design durch den Einsatz von Diamanten auf. Ausgestattet mit einem\u00a0<strong><b>40-mm-Geh\u00e4use aus 18 Karat Ros\u00e9gold<\/b><\/strong>, eine unber\u00fchrte\u00a0<strong><b>wei\u00dfes Zifferblatt mit Wabenmuster<\/b><\/strong>\u00a0mit\u00a0<strong><b>Diamant-Stundenmarker<\/b><\/strong>, und eine\u00a0<strong><b>diamantbesetzte geriffelte L\u00fcnette<\/b><\/strong>, verk\u00f6rpert dieser Zeitmesser die perfekte Verschmelzung von zeitgen\u00f6ssischer \u00c4sthetik und exquisitem Luxus. Pr\u00e4sentiert auf dem innovativen\u00a0<strong><b>Flaches Jubil\u00e4umsarmband<\/b><\/strong>\u00a0und angetrieben von der fortschrittlichen\u00a0<strong><b>Super Clone Kaliber 7135 Automatikwerk<\/b><\/strong>, Sie bietet au\u00dfergew\u00f6hnliche Pr\u00e4zision und unbestreitbare Eleganz f\u00fcr anspruchsvolle Sammler.<\/p>\n<ol>\n<li><strong><b> Geh\u00e4use &amp; Armband Konstruktion<\/b><\/strong><\/li>\n<\/ol>\n<p style=\"padding-left: 40px;\">Die Uhr verf\u00fcgt \u00fcber ein\u00a0<strong><b>40-mm-Geh\u00e4use aus 18 Karat Ros\u00e9gold<\/b><\/strong>\u00a0mit einer durchweg raffinierten Verarbeitung. Die Unterschrift\u00a0<strong><b>geriffelte L\u00fcnette<\/b><\/strong>, ein Markenzeichen des Rolex-Designs, wird durch die\u00a0<strong><b>pr\u00e4zise gefasste Diamanten<\/b><\/strong>\u00a0die f\u00fcr Glanz und Luxus sorgen, mit leicht verbreiterten Rillen f\u00fcr ein modernes Aussehen. Das Geh\u00e4use ist gepaart mit dem neu entwickelten\u00a0<strong><b>Flaches Jubil\u00e4umsarmband<\/b><\/strong>\u00a0in passendem Ros\u00e9gold, ein integriertes f\u00fcnfteiliges Gliederdesign mit polierten Mittelgliedern und satinierten Au\u00dfengliedern f\u00fcr einen raffinierten, nahtlosen Look. Eine verdeckte\u00a0<strong><b>Faltschlie\u00dfe<\/b><\/strong>\u00a0sorgt f\u00fcr einen sicheren und bequemen Sitz am Handgelenk.<\/p>\n<ol start=\"2\">\n<li><strong><b> Spezifikationen f\u00fcr Zifferblatt und Funktion<\/b><\/strong><\/li>\n<\/ol>\n<p style=\"padding-left: 40px;\">Die\u00a0<strong><b>unber\u00fchrtes wei\u00dfes Zifferblatt<\/b><\/strong>\u00a0dient als atemberaubende Leinwand f\u00fcr die diamantenen Indexe, die ein fesselndes Spiel aus Licht und Eleganz erzeugen. Das Zifferblatt zeigt ein einzigartiges\u00a0<strong><b>Wabenmuster<\/b><\/strong>\u00a0Die mit fortschrittlicher Lasertechnologie erstellte Oberfl\u00e4che verleiht dem Bild eine au\u00dfergew\u00f6hnliche Tiefe und ein visuelles Interesse, das das Licht aus verschiedenen Blickwinkeln einf\u00e4ngt.\u00a0<strong><b>Acht echte Diamanten<\/b><\/strong>\u00a0dienen als Stundenmarkierungen und werden erg\u00e4nzt durch\u00a0<strong><b>ausgeh\u00f6hlte Ziffern bei 6 und 9<\/b><\/strong>\u00a0f\u00fcr einen modernen Touch. Alle H\u00e4nde sind gef\u00fcllt mit\u00a0<strong><b>Chromalight-Lumineszenz<\/b><\/strong>\u00a0f\u00fcr hervorragende Ablesbarkeit bei allen Lichtverh\u00e4ltnissen. Ein Datumsfenster befindet sich bei 3 Uhr mit einer\u00a0<strong><b>Zyklopenlinse<\/b><\/strong>\u00a0auf dem Kristall zum einfachen Ablesen.<\/p>\n<ol start=\"3\">\n<li><strong><b> Bewegung Details<\/b><\/strong><\/li>\n<\/ol>\n<p style=\"padding-left: 40px;\">Angetrieben wird diese au\u00dfergew\u00f6hnliche Replik von der\u00a0<strong><b>Super-Klon Kaliber 7135<\/b><\/strong>, ein Automatikwerk, das die bahnbrechenden Leistungen des Originalkalibers nachbildet. Es arbeitet mit einer hohen Frequenz von\u00a0<strong><b>5 Hz (36.000 Schl\u00e4ge pro Stunde)<\/b><\/strong>\u00a0Sie verf\u00fcgt \u00fcber ein fortschrittliches Hemmungssystem, das Energieverluste reduziert und die Effizienz verbessert. Mit einer beachtlichen Gangreserve von ca.\u00a0<strong><b>66 Stunden<\/b><\/strong>, Sie bietet hervorragende Zuverl\u00e4ssigkeit f\u00fcr den t\u00e4glichen Gebrauch. Die\u00a0<strong><b>Ausstellungsgeh\u00e4useboden<\/b><\/strong>\u00a0mit Saphirglas gibt den Blick frei auf das fein gearbeitete Uhrwerk und den goldenen Aufzugsrotor.<\/p>\n<ol start=\"4\">\n<li><strong><b> Spezifikationen<\/b><\/strong><\/li>\n<\/ol>\n<p style=\"padding-left: 40px;\">Die Uhr wird an einem innovativen, flachen Jubil\u00e4umsarmband aus 18 Karat Ros\u00e9gold pr\u00e4sentiert. Es bietet eine\u00a0<strong><b>Wasserbest\u00e4ndigkeit von 50 Metern<\/b><\/strong>\u00a0und ist gesch\u00fctzt durch eine\u00a0<strong><b>kratzfestes Saphirglas<\/b><\/strong>, Sie garantiert Langlebigkeit f\u00fcr die Eleganz des Alltags und bewahrt gleichzeitig ihr anspruchsvolles und luxuri\u00f6ses Aussehen.<\/p>","protected":false},"excerpt":{"rendered":"<p>This\u00a01:1 super clone\u00a0masterfully recreates the luxurious and groundbreaking\u00a0Rolex Land-Dweller, elevating its modern design with the addition of brilliant diamonds. Featuring a\u00a040mm 18K rose gold case, a pristine\u00a0white honeycomb pattern dial\u00a0with\u00a0diamond hour markers, and a\u00a0diamond-set fluted bezel, this timepiece embodies the perfect fusion of contemporary aesthetics and exquisite luxury. Presented on the innovative\u00a0Flat Jubilee bracelet\u00a0and powered [&hellip;]<\/p>","protected":false},"featured_media":7211,"comment_status":"open","ping_status":"closed","template":"","meta":{"_acf_changed":false},"product_brand":[],"product_cat":[18,46],"product_tag":[],"class_list":{"0":"post-7209","1":"product","2":"type-product","3":"status-publish","4":"has-post-thumbnail","6":"product_cat-rolex","7":"product_cat-land-dweller","9":"first","10":"instock","11":"sale","12":"shipping-taxable","13":"purchasable","14":"product-type-simple"},"acf":[],"gallery_images":[7211,7222,7221,7220,7219,7218,7217,7216,7215,7213,7212],"_links":{"self":[{"href":"https:\/\/www.superclonewrist.com\/de\/wp-json\/wp\/v2\/product\/7209","targetHints":{"allow":["GET"]}}],"collection":[{"href":"https:\/\/www.superclonewrist.com\/de\/wp-json\/wp\/v2\/product"}],"about":[{"href":"https:\/\/www.superclonewrist.com\/de\/wp-json\/wp\/v2\/types\/product"}],"replies":[{"embeddable":true,"href":"https:\/\/www.superclonewrist.com\/de\/wp-json\/wp\/v2\/comments?post=7209"}],"wp:featuredmedia":[{"embeddable":true,"href":"https:\/\/www.superclonewrist.com\/de\/wp-json\/wp\/v2\/media\/7211"}],"wp:attachment":[{"href":"https:\/\/www.superclonewrist.com\/de\/wp-json\/wp\/v2\/media?parent=7209"}],"wp:term":[{"taxonomy":"product_brand","embeddable":true,"href":"https:\/\/www.superclonewrist.com\/de\/wp-json\/wp\/v2\/product_brand?post=7209"},{"taxonomy":"product_cat","embeddable":true,"href":"https:\/\/www.superclonewrist.com\/de\/wp-json\/wp\/v2\/product_cat?post=7209"},{"taxonomy":"product_tag","embeddable":true,"href":"https:\/\/www.superclonewrist.com\/de\/wp-json\/wp\/v2\/product_tag?post=7209"}],"curies":[{"name":"wp","href":"https:\/\/api.w.org\/{rel}","templated":true}]}}