{"id":7143,"date":"2026-03-13T03:11:49","date_gmt":"2026-03-13T03:11:49","guid":{"rendered":"https:\/\/www.superclonewrist.com\/?post_type=product&#038;p=7143"},"modified":"2026-04-11T07:41:08","modified_gmt":"2026-04-11T07:41:08","slug":"rolex-land-dweller-127234-ice-blue-dial-diamond-bezel-diamond-markers-steel-36mm-super-clone-watches","status":"publish","type":"product","link":"https:\/\/www.superclonewrist.com\/de\/produkt\/rolex-land-dweller-127234-ice-blue-dial-diamond-bezel-diamond-markers-steel-36mm-super-clone-watches\/","title":{"rendered":"Rolex-Land-Dweller-127234-Ice-Blue-Dial-Diamond-Bezel-Diamond-Markers-Steel-36mm Super Clone Watches"},"content":{"rendered":"<p>Diese\u00a0<strong><b>1:1 Super-Klon<\/b><\/strong>\u00a0meisterhaft die luxuri\u00f6se und bahnbrechende\u00a0<strong><b>Rolex Land-Dweller<\/b><\/strong>, und wertet sein modernes Design durch den Einsatz von Diamanten auf. Ausgestattet mit einem\u00a0<strong><b>36mm stainless steel case<\/b><\/strong>, a stunning\u00a0<strong><b>ice blue honeycomb pattern dial<\/b><\/strong>\u00a0mit\u00a0<strong><b>Diamant-Stundenmarker<\/b><\/strong>, und eine\u00a0<strong><b>diamantbesetzte geriffelte L\u00fcnette<\/b><\/strong>, verk\u00f6rpert dieser Zeitmesser die perfekte Verschmelzung von zeitgen\u00f6ssischer \u00c4sthetik und exquisitem Luxus. Pr\u00e4sentiert auf dem innovativen\u00a0<strong><b>Flaches Jubil\u00e4umsarmband<\/b><\/strong>\u00a0und angetrieben von der fortschrittlichen\u00a0<strong><b>Super Clone Kaliber 7135 Automatikwerk<\/b><\/strong>, Sie bietet au\u00dfergew\u00f6hnliche Pr\u00e4zision und unbestreitbare Eleganz f\u00fcr anspruchsvolle Sammler.<\/p>\n<ol>\n<li><strong><b> Geh\u00e4use &amp; Armband Konstruktion<\/b><\/strong><\/li>\n<\/ol>\n<p style=\"padding-left: 40px;\">Die Uhr verf\u00fcgt \u00fcber ein\u00a0<strong><b>36mm stainless steel case<\/b><\/strong>\u00a0mit einer durchweg raffinierten Verarbeitung. Die Unterschrift\u00a0<strong><b>geriffelte L\u00fcnette<\/b><\/strong>, ein Markenzeichen des Rolex-Designs, wird durch die\u00a0<strong><b>pr\u00e4zise gefasste Diamanten<\/b><\/strong>\u00a0that add brilliance and luxury. The case is paired with the newly developed\u00a0<strong><b>Flaches Jubil\u00e4umsarmband<\/b><\/strong>, an integrated five-piece link design with polished center links and satin-finished outer links for a sophisticated, seamless appearance. A concealed\u00a0<strong><b>Faltschlie\u00dfe<\/b><\/strong>\u00a0sorgt f\u00fcr einen sicheren und bequemen Sitz am Handgelenk.<\/p>\n<ol start=\"2\">\n<li><strong><b> Spezifikationen f\u00fcr Zifferblatt und Funktion<\/b><\/strong><\/li>\n<\/ol>\n<p style=\"padding-left: 40px;\">Die\u00a0<strong><b>ice blue dial<\/b><\/strong>\u00a0serves as a stunning canvas for the diamond hour markers, creating a captivating play of light and color. The dial showcases a unique\u00a0<strong><b>Wabenmuster<\/b><\/strong>\u00a0Die mit fortschrittlicher Lasertechnologie erstellte Oberfl\u00e4che verleiht dem Bild eine au\u00dfergew\u00f6hnliche Tiefe und ein visuelles Interesse, das das Licht aus verschiedenen Blickwinkeln einf\u00e4ngt.\u00a0<strong><b>Acht echte Diamanten<\/b><\/strong>\u00a0dienen als Stundenmarkierungen und werden erg\u00e4nzt durch\u00a0<strong><b>ausgeh\u00f6hlte Ziffern bei 6 und 9<\/b><\/strong>\u00a0f\u00fcr einen modernen Touch. Alle H\u00e4nde sind gef\u00fcllt mit\u00a0<strong><b>luminescent material<\/b><\/strong>\u00a0f\u00fcr hervorragende Ablesbarkeit bei allen Lichtverh\u00e4ltnissen. Ein Datumsfenster befindet sich bei 3 Uhr mit einer\u00a0<strong><b>Zyklopenlinse<\/b><\/strong>\u00a0auf dem Kristall zum einfachen Ablesen.<\/p>\n<ol start=\"3\">\n<li><strong><b> Bewegung Details<\/b><\/strong><\/li>\n<\/ol>\n<p style=\"padding-left: 40px;\">Angetrieben wird diese au\u00dfergew\u00f6hnliche Replik von der\u00a0<strong><b>Super-Klon Kaliber 7135<\/b><\/strong>, an automatic movement engineered to replicate the groundbreaking performance of the genuine caliber. It operates at a high frequency for enhanced precision and features an advanced escapement system that reduces energy loss while improving efficiency. With a substantial power reserve, it delivers outstanding reliability for daily wear. The\u00a0<strong><b>Ausstellungsgeh\u00e4useboden<\/b><\/strong>\u00a0with sapphire crystal allows a clear view of the finely finished movement.<\/p>\n<ol start=\"4\">\n<li><strong><b> Spezifikationen<\/b><\/strong><\/li>\n<\/ol>\n<p style=\"padding-left: 40px;\">The watch is presented on the innovative Flat Jubilee bracelet crafted from stainless steel. It offers a\u00a0<strong><b>Wasserbest\u00e4ndigkeit von 50 Metern<\/b><\/strong>\u00a0und ist gesch\u00fctzt durch eine\u00a0<strong><b>kratzfestes Saphirglas<\/b><\/strong>, Sie garantiert Langlebigkeit f\u00fcr die Eleganz des Alltags und bewahrt gleichzeitig ihr anspruchsvolles und luxuri\u00f6ses Aussehen.<\/p>","protected":false},"excerpt":{"rendered":"<p>This\u00a01:1 super clone\u00a0masterfully recreates the luxurious and groundbreaking\u00a0Rolex Land-Dweller, elevating its modern design with the addition of brilliant diamonds. Featuring a\u00a036mm stainless steel case, a stunning\u00a0ice blue honeycomb pattern dial\u00a0with\u00a0diamond hour markers, and a\u00a0diamond-set fluted bezel, this timepiece embodies the perfect fusion of contemporary aesthetics and exquisite luxury. Presented on the innovative\u00a0Flat Jubilee bracelet\u00a0and powered [&hellip;]<\/p>","protected":false},"featured_media":7154,"comment_status":"open","ping_status":"closed","template":"","meta":{"_acf_changed":false},"product_brand":[],"product_cat":[18,46],"product_tag":[],"class_list":{"0":"post-7143","1":"product","2":"type-product","3":"status-publish","4":"has-post-thumbnail","6":"product_cat-rolex","7":"product_cat-land-dweller","9":"first","10":"instock","11":"sale","12":"shipping-taxable","13":"purchasable","14":"product-type-simple"},"acf":[],"gallery_images":[7154,7167,7166,7165,7164,7163,7161,7160,7159,7158,7157,7156],"_links":{"self":[{"href":"https:\/\/www.superclonewrist.com\/de\/wp-json\/wp\/v2\/product\/7143","targetHints":{"allow":["GET"]}}],"collection":[{"href":"https:\/\/www.superclonewrist.com\/de\/wp-json\/wp\/v2\/product"}],"about":[{"href":"https:\/\/www.superclonewrist.com\/de\/wp-json\/wp\/v2\/types\/product"}],"replies":[{"embeddable":true,"href":"https:\/\/www.superclonewrist.com\/de\/wp-json\/wp\/v2\/comments?post=7143"}],"wp:featuredmedia":[{"embeddable":true,"href":"https:\/\/www.superclonewrist.com\/de\/wp-json\/wp\/v2\/media\/7154"}],"wp:attachment":[{"href":"https:\/\/www.superclonewrist.com\/de\/wp-json\/wp\/v2\/media?parent=7143"}],"wp:term":[{"taxonomy":"product_brand","embeddable":true,"href":"https:\/\/www.superclonewrist.com\/de\/wp-json\/wp\/v2\/product_brand?post=7143"},{"taxonomy":"product_cat","embeddable":true,"href":"https:\/\/www.superclonewrist.com\/de\/wp-json\/wp\/v2\/product_cat?post=7143"},{"taxonomy":"product_tag","embeddable":true,"href":"https:\/\/www.superclonewrist.com\/de\/wp-json\/wp\/v2\/product_tag?post=7143"}],"curies":[{"name":"wp","href":"https:\/\/api.w.org\/{rel}","templated":true}]}}