{"id":6605,"date":"2026-02-24T10:55:20","date_gmt":"2026-02-24T10:55:20","guid":{"rendered":"https:\/\/www.superclonewrist.com\/?post_type=product&#038;p=6605"},"modified":"2026-04-11T10:37:18","modified_gmt":"2026-04-11T10:37:18","slug":"audemars-piguet-royal-oak-perpetual-calendar-26574st-blue-dial-41mm11-super-clone-watches-2","status":"publish","type":"product","link":"https:\/\/www.superclonewrist.com\/de\/produkt\/audemars-piguet-royal-oak-perpetual-calendar-26574st-blue-dial-41mm11-super-clone-watches-2\/","title":{"rendered":"Audemars-Piguet-Royal-Oak-Perpetual-Kalender-26574ST-Blaues-Zifferblatt-41mm1:1 Super Clone Uhren"},"content":{"rendered":"<p>Diese\u00a0<strong>1:1 Super-Klon<\/strong>\u00a0ist eine Nachbildung der Audemars Piguet Royal Oak Perpetual Calendar 26574ST. Sie verf\u00fcgt \u00fcber ein\u00a0<strong>41-mm-Geh\u00e4use aus Edelstahl<\/strong>\u00a0und eine\u00a0<strong>unverwechselbares blaues \u201cGrande Tapisserie\u201d-Zifferblatt<\/strong>. Diese\u00a0<strong>komplexe Replikation<\/strong>\u00a0liefert die\u00a0<strong>volle Funktion des ewigen Kalenders<\/strong>\u00a0mit hoher Pr\u00e4zision, angetrieben von einem\u00a0<strong>engagierte Super-Klon-Bewegung<\/strong>.<\/p>\n<ol>\n<li><strong> Geh\u00e4use &amp; Konstruktion<\/strong><br \/>\nDie\u00a0<strong>41mm Geh\u00e4use<\/strong>wird bearbeitet aus\u00a0<strong>Massiver 316L-Edelstahl<\/strong>, Die Abmessungen und die geb\u00fcrstete\/polierte Oberfl\u00e4che sind dem Original genau nachempfunden. Es verf\u00fcgt \u00fcber die\u00a0<strong>ikonische feste achteckige L\u00fcnette<\/strong>und ist ausgestattet mit einer\u00a0<strong>integriertes Edelstahlarmband<\/strong>\u00a0gesichert durch eine\u00a0<strong>AP-Faltschlie\u00dfe<\/strong>.<\/li>\n<li><strong> Zifferblatt &amp; Komplikationsspezifikationen<\/strong><br \/>\nDas Zifferblatt zeigt eine\u00a0<strong>blau \u201cGrande Tapisserie\u201d Muster<\/strong>. Die\u00a0<strong>ewiger Kalender<\/strong>wird \u00fcber Hilfszifferbl\u00e4tter angezeigt f\u00fcr\u00a0<strong>Datum<\/strong>,\u00a0<strong>Tag<\/strong>,\u00a0<strong>Monat<\/strong>, und eine\u00a0<strong>Mondphasenanzeige<\/strong>.\u00a0<strong>Nachleuchtende Markierungen und Zeiger<\/strong>die Lesbarkeit zu gew\u00e4hrleisten.<\/li>\n<li><strong> Bewegung Details<\/strong><br \/>\nAngetrieben von der\u00a0<strong>Super-Klon Kaliber 5134<\/strong>, ein automatisches Uhrwerk, das so konstruiert ist, dass es alle\u00a0<strong>Angaben zum ewigen Kalender<\/strong>. Diese Bewegung demonstriert die\u00a0<strong>technische F\u00e4higkeit<\/strong>unserer Replikation.<\/li>\n<li><strong> Spezifikationen<\/strong><br \/>\nDas Armband wird durch einen\u00a0<strong>Faltschlie\u00dfe aus Edelstahl<\/strong>.\u00a0<strong>Wasserdichtigkeit: 50 Meter<\/strong>.<\/li>\n<\/ol>\n<p>&nbsp;<\/p>","protected":false},"excerpt":{"rendered":"<p>This\u00a01:1 super clone\u00a0replicates the Audemars Piguet Royal Oak Perpetual Calendar 26574ST. It features a\u00a041mm stainless steel case\u00a0and a\u00a0distinctive blue \u201cGrande Tapisserie\u201d dial. This\u00a0complex replication\u00a0delivers the\u00a0full perpetual calendar function\u00a0with high precision, powered by a\u00a0dedicated Super Clone movement. Case &amp; Construction The\u00a041mm caseis machined from\u00a0solid 316L stainless steel, accurately reproducing the original&#8217;s dimensions and brushed\/polished finish. It [&hellip;]<\/p>","protected":false},"featured_media":6566,"comment_status":"open","ping_status":"closed","template":"","meta":{"_acf_changed":false},"product_brand":[],"product_cat":[15,35],"product_tag":[],"class_list":{"0":"post-6605","1":"product","2":"type-product","3":"status-publish","4":"has-post-thumbnail","6":"product_cat-audemars-piguet","7":"product_cat-modified","9":"first","10":"instock","11":"sale","12":"shipping-taxable","13":"purchasable","14":"product-type-simple"},"acf":[],"gallery_images":[6559,6560,6561,6562,6563,6564,6565],"_links":{"self":[{"href":"https:\/\/www.superclonewrist.com\/de\/wp-json\/wp\/v2\/product\/6605","targetHints":{"allow":["GET"]}}],"collection":[{"href":"https:\/\/www.superclonewrist.com\/de\/wp-json\/wp\/v2\/product"}],"about":[{"href":"https:\/\/www.superclonewrist.com\/de\/wp-json\/wp\/v2\/types\/product"}],"replies":[{"embeddable":true,"href":"https:\/\/www.superclonewrist.com\/de\/wp-json\/wp\/v2\/comments?post=6605"}],"wp:featuredmedia":[{"embeddable":true,"href":"https:\/\/www.superclonewrist.com\/de\/wp-json\/wp\/v2\/media\/6566"}],"wp:attachment":[{"href":"https:\/\/www.superclonewrist.com\/de\/wp-json\/wp\/v2\/media?parent=6605"}],"wp:term":[{"taxonomy":"product_brand","embeddable":true,"href":"https:\/\/www.superclonewrist.com\/de\/wp-json\/wp\/v2\/product_brand?post=6605"},{"taxonomy":"product_cat","embeddable":true,"href":"https:\/\/www.superclonewrist.com\/de\/wp-json\/wp\/v2\/product_cat?post=6605"},{"taxonomy":"product_tag","embeddable":true,"href":"https:\/\/www.superclonewrist.com\/de\/wp-json\/wp\/v2\/product_tag?post=6605"}],"curies":[{"name":"wp","href":"https:\/\/api.w.org\/{rel}","templated":true}]}}