{"id":5572,"date":"2026-02-18T16:39:18","date_gmt":"2026-02-18T16:39:18","guid":{"rendered":"https:\/\/www.superclonewrist.com\/?post_type=product&#038;p=5572"},"modified":"2026-04-11T09:52:25","modified_gmt":"2026-04-11T09:52:25","slug":"patek-philippe-aquanaut-5168g-blue-dial-40mm-11-superclone-watch","status":"publish","type":"product","link":"https:\/\/www.superclonewrist.com\/de\/produkt\/patek-philippe-aquanaut-5168g-blue-dial-40mm-11-superclone-watch\/","title":{"rendered":"Patek-Philippe-Aquanaut-5168G-Blaues-Zifferblatt-40mm 1:1 SuperClone Uhr"},"content":{"rendered":"<p>Die\u00a0<strong>Patek Philippe Aquanaut 5168G Blaues Zifferblatt SuperClone<\/strong>\u00a0ist eine\u00a0<strong>verfeinerte 1:1-Nachbildung<\/strong>\u00a0der Luxus-Sportuhr. Diese\u00a0<strong>unverwechselbarer 40-mm-Zeitmesser<\/strong>\u00a0bietet eine\u00a0<strong>Geh\u00e4use aus massivem Edelstahl<\/strong>\u00a0mit ihrer kultigen, achteckigen L\u00fcnette.<\/p>\n<p>Seine\u00a0<strong>auffallend blaues Zifferblatt mit Farbverlauf<\/strong>\u00a0verf\u00fcgt \u00fcber die Signatur\u00a0<strong>Gepr\u00e4gtes \u201cTropical\u201d-Muster<\/strong>, die f\u00fcr einen dynamischen Effekt von einem tiefen zu einem helleren Farbton \u00fcbergeht. Die Uhr wird angetrieben von einem\u00a0<strong>zuverl\u00e4ssiges Super Clone-Automatikwerk<\/strong>, Sie gew\u00e4hrleistet eine pr\u00e4zise Zeitmessung und Datumsfunktion. Vervollst\u00e4ndigt wird sie durch eine\u00a0<strong>passendes blaues Verbundgummiarmband<\/strong>.<\/p>\n<p>Entwickelt f\u00fcr den anspruchsvollen t\u00e4glichen Gebrauch, bietet es einen\u00a0<strong>50-Meter-Wasserbest\u00e4ndigkeit<\/strong>\u00a0und ist gesch\u00fctzt durch eine\u00a0<strong>kratzfestes Saphirglas<\/strong>.<\/p>\n<p><strong>\u00a0<\/strong><\/p>","protected":false},"excerpt":{"rendered":"<p>The\u00a0Patek Philippe Aquanaut 5168G Blue Dial SuperClone\u00a0is a\u00a0refined 1:1 replica\u00a0of the luxury sports watch. This\u00a0distinctive 40mm timepiece\u00a0features a\u00a0solid stainless steel case\u00a0with its iconic rounded octagonal bezel. Its\u00a0striking blue gradient dial\u00a0features the signature\u00a0embossed &#8220;Tropical&#8221; pattern, which transitions from a deep to a lighter hue for a dynamic effect. The watch is powered by a\u00a0reliable Super Clone [&hellip;]<\/p>","protected":false},"featured_media":5504,"comment_status":"open","ping_status":"closed","template":"","meta":{"_acf_changed":false},"product_brand":[],"product_cat":[19],"product_tag":[],"class_list":{"0":"post-5572","1":"product","2":"type-product","3":"status-publish","4":"has-post-thumbnail","6":"product_cat-patek-philippe","8":"first","9":"instock","10":"sale","11":"shipping-taxable","12":"purchasable","13":"product-type-simple"},"acf":[],"gallery_images":[5497,5498,5499,5500,5501,5502,5503],"_links":{"self":[{"href":"https:\/\/www.superclonewrist.com\/de\/wp-json\/wp\/v2\/product\/5572","targetHints":{"allow":["GET"]}}],"collection":[{"href":"https:\/\/www.superclonewrist.com\/de\/wp-json\/wp\/v2\/product"}],"about":[{"href":"https:\/\/www.superclonewrist.com\/de\/wp-json\/wp\/v2\/types\/product"}],"replies":[{"embeddable":true,"href":"https:\/\/www.superclonewrist.com\/de\/wp-json\/wp\/v2\/comments?post=5572"}],"wp:featuredmedia":[{"embeddable":true,"href":"https:\/\/www.superclonewrist.com\/de\/wp-json\/wp\/v2\/media\/5504"}],"wp:attachment":[{"href":"https:\/\/www.superclonewrist.com\/de\/wp-json\/wp\/v2\/media?parent=5572"}],"wp:term":[{"taxonomy":"product_brand","embeddable":true,"href":"https:\/\/www.superclonewrist.com\/de\/wp-json\/wp\/v2\/product_brand?post=5572"},{"taxonomy":"product_cat","embeddable":true,"href":"https:\/\/www.superclonewrist.com\/de\/wp-json\/wp\/v2\/product_cat?post=5572"},{"taxonomy":"product_tag","embeddable":true,"href":"https:\/\/www.superclonewrist.com\/de\/wp-json\/wp\/v2\/product_tag?post=5572"}],"curies":[{"name":"wp","href":"https:\/\/api.w.org\/{rel}","templated":true}]}}