{"id":1580,"date":"2025-12-12T07:59:33","date_gmt":"2025-12-12T07:59:33","guid":{"rendered":"https:\/\/www.superclonewrist.com\/?post_type=product&#038;p=1580"},"modified":"2026-04-11T10:19:33","modified_gmt":"2026-04-11T10:19:33","slug":"rolex-oyster-perpetual-116622-yacht-master-40mm-11-super-clone-watches","status":"publish","type":"product","link":"https:\/\/www.superclonewrist.com\/de\/produkt\/rolex-oyster-perpetual-116622-yacht-master-40mm-11-super-clone-watches\/","title":{"rendered":"Rolex-Oyster-Perpetual-116622-Yacht-Master-40mm 1:1 Super Clone Uhren"},"content":{"rendered":"<p><strong><b>Advanced Super Clone 3135 Bewegung<\/b><\/strong><\/p>\n<ul>\n<li><strong><b>Pr\u00e4zisionsleistung<\/b><\/strong>: Vollst\u00e4ndig reguliert\u00a0<strong><b>\u00b12 Sekunden pro Tag<\/b><\/strong>\u00a0f\u00fcr au\u00dfergew\u00f6hnliche Genauigkeit<\/li>\n<li><strong><b>Zuverl\u00e4ssige Leistungsreserve<\/b><\/strong>: 48 Stunden Gangreserve f\u00fcr konstante Leistung<\/li>\n<li><strong><b>Sofortige Datums\u00e4nderung<\/b><\/strong>: Datum-Schnellverstellung mit Sekundenstopp-Mechanismus<\/li>\n<li><strong><b>Bew\u00e4hrte Langlebigkeit<\/b><\/strong>: Basierend auf dem legend\u00e4ren Kaliber 3135 von Rolex<\/li>\n<\/ul>\n<p><strong><b>Hochwertige Handwerkskunst<\/b><\/strong><\/p>\n<ul>\n<li><strong><b>904L-Edelstahl<\/b><\/strong>: Hochwertiger Stahl f\u00fcr Geh\u00e4use und Oyster-Armband<\/li>\n<li><strong><b>Platin-L\u00fcnette<\/b><\/strong>: Signatur: Bidirektionale Platinl\u00fcnette mit erhabenen Ziffern<\/li>\n<li><strong><b>Blaues Zifferblatt Exzellenz<\/b><\/strong>: Wundersch\u00f6nes Zifferblatt in Sonnenschliffblau mit Chromalight-Indizes<\/li>\n<li><strong><b>Professionelle Wasserbest\u00e4ndigkeit<\/b><\/strong>: 50-Meter-Einstufung f\u00fcr maritime Aktivit\u00e4ten<\/li>\n<\/ul>\n<p><strong><b>Hervorragendes Design<\/b><\/strong><\/p>\n<ul>\n<li><strong><b>40mm Geh\u00e4use<\/b><\/strong>: Perfekte Proportionen f\u00fcr vielseitiges Tragen<\/li>\n<li><strong><b>Auster-Armband<\/b><\/strong>: Bequeme dreiteilige Glieder mit Oysterlock-Faltschlie\u00dfe<\/li>\n<li><strong><b>Verbesserte Lesbarkeit<\/b><\/strong>: Kratzfestes Saphirglas mit Cyclops-Datumsvergr\u00f6\u00dferung<\/li>\n<li><strong><b>Maritime Merkmale<\/b><\/strong>: Bidirektionale Drehl\u00fcnette f\u00fcr die Segelzeitmessung<\/li>\n<\/ul>","protected":false},"excerpt":{"rendered":"<p><strong><b>Erleben Sie den ultimativen Ausdruck maritimer Raffinesse mit dieser au\u00dfergew\u00f6hnlichen 1:1-Superkopie der Rolex Yacht-Master 116622. Mit der ikonischen Platinl\u00fcnette und dem atemberaubenden blauen Zifferblatt stellt dieser Zeitmesser die perfekte Balance zwischen dem nautischen Erbe von Rolex und zeitgen\u00f6ssischer Eleganz dar. Dieser Super-Clone wurde sorgf\u00e4ltig entwickelt, um jedes Detail des echten Meisterwerks nachzubilden und bietet unvergleichliche Pr\u00e4zision und Stil.<\/b><\/strong><\/p>","protected":false},"featured_media":1504,"comment_status":"open","ping_status":"closed","template":"","meta":{"_acf_changed":false},"product_brand":[],"product_cat":[18,42],"product_tag":[],"class_list":{"0":"post-1580","1":"product","2":"type-product","3":"status-publish","4":"has-post-thumbnail","6":"product_cat-rolex","7":"product_cat-yacht-master","9":"first","10":"instock","11":"sale","12":"shipping-taxable","13":"purchasable","14":"product-type-simple"},"acf":[],"gallery_images":[1505,1506,1508,1507,3975,3974],"_links":{"self":[{"href":"https:\/\/www.superclonewrist.com\/de\/wp-json\/wp\/v2\/product\/1580","targetHints":{"allow":["GET"]}}],"collection":[{"href":"https:\/\/www.superclonewrist.com\/de\/wp-json\/wp\/v2\/product"}],"about":[{"href":"https:\/\/www.superclonewrist.com\/de\/wp-json\/wp\/v2\/types\/product"}],"replies":[{"embeddable":true,"href":"https:\/\/www.superclonewrist.com\/de\/wp-json\/wp\/v2\/comments?post=1580"}],"wp:featuredmedia":[{"embeddable":true,"href":"https:\/\/www.superclonewrist.com\/de\/wp-json\/wp\/v2\/media\/1504"}],"wp:attachment":[{"href":"https:\/\/www.superclonewrist.com\/de\/wp-json\/wp\/v2\/media?parent=1580"}],"wp:term":[{"taxonomy":"product_brand","embeddable":true,"href":"https:\/\/www.superclonewrist.com\/de\/wp-json\/wp\/v2\/product_brand?post=1580"},{"taxonomy":"product_cat","embeddable":true,"href":"https:\/\/www.superclonewrist.com\/de\/wp-json\/wp\/v2\/product_cat?post=1580"},{"taxonomy":"product_tag","embeddable":true,"href":"https:\/\/www.superclonewrist.com\/de\/wp-json\/wp\/v2\/product_tag?post=1580"}],"curies":[{"name":"wp","href":"https:\/\/api.w.org\/{rel}","templated":true}]}}